{"id":18364,"date":"2025-09-19T11:27:57","date_gmt":"2025-09-19T08:27:57","guid":{"rendered":"https:\/\/www.ksttukku.fi\/kauppa\/?post_type=product&#038;p=18364"},"modified":"2025-09-19T11:31:22","modified_gmt":"2025-09-19T08:31:22","slug":"pimentava-rullaverho-160-cm-korkea-malli-valkoinen","status":"publish","type":"product","link":"https:\/\/www.ksttukku.fi\/kauppa\/tuote\/pimentava-rullaverho-160-cm-korkea-malli-valkoinen\/","title":{"rendered":"Piment\u00e4v\u00e4 rullaverho 160 cm, korkea malli   valkoinen"},"content":{"rendered":"<p>T\u00e4m\u00e4 rullaverho on normaalikorkeutta pidempi malli, korkeus on 250 cm. Kaihdin soveltuu hyvin mm. nykyaikaisiin korkeisiin ikkunoihin. Rullakaihdin on valmistettu laadukkaasta polyesterikankaasta, joka ei p\u00e4\u00e4st\u00e4 valoa l\u00e4pi. Kaihtimen tiivis valkoinen polyesterikangas on piment\u00e4v\u00e4. Valkoinen v\u00e4ri heijastaa tutkitusti parhaiten auringonvalon takaisin.<\/p>\n<p>Ketjumekanismi, ketjun pituus 134 cm<\/p>\n<p>Mitta on leveys x korkeus (kankaan leveys -4 cm)<\/p>\n","protected":false},"excerpt":{"rendered":"<p>T\u00e4m\u00e4 rullaverho on normaalikorkeutta pidempi malli, korkeus on 250 cm. Kaihdin soveltuu hyvin mm. nykyaikaisiin korkeisiin ikkunoihin. Rullakaihdin on valmistettu laadukkaasta polyesterikankaasta, joka ei p\u00e4\u00e4st\u00e4 valoa l\u00e4pi. Kaihtimen tiivis valkoinen polyesterikangas on piment\u00e4v\u00e4. Valkoinen v\u00e4ri heijastaa tutkitusti parhaiten auringonvalon takaisin. Ketjumekanismi, ketjun pituus 134 cm Mitta on leveys x korkeus (kankaan leveys -4 cm)<\/p>\n","protected":false},"featured_media":18366,"comment_status":"closed","ping_status":"closed","template":"","meta":[],"product_brand":[],"product_cat":[104,111,112],"product_tag":[],"class_list":{"0":"post-18364","1":"product","2":"type-product","3":"status-publish","4":"has-post-thumbnail","6":"product_cat-kaihtimet-ja-verhotangot","7":"product_cat-pimennyskaihdin","8":"product_cat-rullakaihdin","10":"first","11":"instock","12":"taxable","13":"shipping-taxable","14":"purchasable","15":"product-type-simple"},"_links":{"self":[{"href":"https:\/\/www.ksttukku.fi\/kauppa\/wp-json\/wp\/v2\/product\/18364","targetHints":{"allow":["GET"]}}],"collection":[{"href":"https:\/\/www.ksttukku.fi\/kauppa\/wp-json\/wp\/v2\/product"}],"about":[{"href":"https:\/\/www.ksttukku.fi\/kauppa\/wp-json\/wp\/v2\/types\/product"}],"replies":[{"embeddable":true,"href":"https:\/\/www.ksttukku.fi\/kauppa\/wp-json\/wp\/v2\/comments?post=18364"}],"wp:featuredmedia":[{"embeddable":true,"href":"https:\/\/www.ksttukku.fi\/kauppa\/wp-json\/wp\/v2\/media\/18366"}],"wp:attachment":[{"href":"https:\/\/www.ksttukku.fi\/kauppa\/wp-json\/wp\/v2\/media?parent=18364"}],"wp:term":[{"taxonomy":"product_brand","embeddable":true,"href":"https:\/\/www.ksttukku.fi\/kauppa\/wp-json\/wp\/v2\/product_brand?post=18364"},{"taxonomy":"product_cat","embeddable":true,"href":"https:\/\/www.ksttukku.fi\/kauppa\/wp-json\/wp\/v2\/product_cat?post=18364"},{"taxonomy":"product_tag","embeddable":true,"href":"https:\/\/www.ksttukku.fi\/kauppa\/wp-json\/wp\/v2\/product_tag?post=18364"}],"curies":[{"name":"wp","href":"https:\/\/api.w.org\/{rel}","templated":true}]}}