{"id":18369,"date":"2025-09-19T17:51:16","date_gmt":"2025-09-19T14:51:16","guid":{"rendered":"https:\/\/www.ksttukku.fi\/kauppa\/?post_type=product&#038;p=18369"},"modified":"2025-09-19T17:52:16","modified_gmt":"2025-09-19T14:52:16","slug":"sonya-verhotanko-valkoinen-120-210-cm","status":"publish","type":"product","link":"https:\/\/www.ksttukku.fi\/kauppa\/tuote\/sonya-verhotanko-valkoinen-120-210-cm\/","title":{"rendered":"Sonya verhotanko valkoinen 120-210 cm"},"content":{"rendered":"<p>N\u00e4ytt\u00e4v\u00e4 ja koristeellinen p\u00e4\u00e4tynuppi on Sonya verhotangon juju. Luo oma tyylisi upeilla verhoilla ja t\u00e4ll\u00e4 tangolla. Nupin halkaisija on 65 mm.<\/p>\n<p>S\u00e4\u00e4dett\u00e4v\u00e4 verhotanko on helppo asentaa v\u00e4lille 120-210 cm. Tangon halkaisija 16-19 mm. Pakkaus sis\u00e4lt\u00e4\u00e4 kannakkeet ja kiinnikkeet. v\u00e4ri: valkoinen mitat: 120-210 cm \/ \u00d8 16-19 mm<\/p>\n","protected":false},"excerpt":{"rendered":"<p>N\u00e4ytt\u00e4v\u00e4 ja koristeellinen p\u00e4\u00e4tynuppi on Sonya verhotangon juju. Luo oma tyylisi upeilla verhoilla ja t\u00e4ll\u00e4 tangolla. Nupin halkaisija on 65 mm. S\u00e4\u00e4dett\u00e4v\u00e4 verhotanko on helppo asentaa v\u00e4lille 120-210 cm. Tangon halkaisija 16-19 mm. Pakkaus sis\u00e4lt\u00e4\u00e4 kannakkeet ja kiinnikkeet. v\u00e4ri: valkoinen mitat: 120-210 cm \/ \u00d8 16-19 mm<\/p>\n","protected":false},"featured_media":18371,"comment_status":"closed","ping_status":"closed","template":"","meta":[],"product_brand":[],"product_cat":[104,480],"product_tag":[],"class_list":{"0":"post-18369","1":"product","2":"type-product","3":"status-publish","4":"has-post-thumbnail","6":"product_cat-kaihtimet-ja-verhotangot","7":"product_cat-verhotangot-sisustuslevyt","9":"first","10":"instock","11":"taxable","12":"shipping-taxable","13":"purchasable","14":"product-type-simple"},"_links":{"self":[{"href":"https:\/\/www.ksttukku.fi\/kauppa\/wp-json\/wp\/v2\/product\/18369","targetHints":{"allow":["GET"]}}],"collection":[{"href":"https:\/\/www.ksttukku.fi\/kauppa\/wp-json\/wp\/v2\/product"}],"about":[{"href":"https:\/\/www.ksttukku.fi\/kauppa\/wp-json\/wp\/v2\/types\/product"}],"replies":[{"embeddable":true,"href":"https:\/\/www.ksttukku.fi\/kauppa\/wp-json\/wp\/v2\/comments?post=18369"}],"wp:featuredmedia":[{"embeddable":true,"href":"https:\/\/www.ksttukku.fi\/kauppa\/wp-json\/wp\/v2\/media\/18371"}],"wp:attachment":[{"href":"https:\/\/www.ksttukku.fi\/kauppa\/wp-json\/wp\/v2\/media?parent=18369"}],"wp:term":[{"taxonomy":"product_brand","embeddable":true,"href":"https:\/\/www.ksttukku.fi\/kauppa\/wp-json\/wp\/v2\/product_brand?post=18369"},{"taxonomy":"product_cat","embeddable":true,"href":"https:\/\/www.ksttukku.fi\/kauppa\/wp-json\/wp\/v2\/product_cat?post=18369"},{"taxonomy":"product_tag","embeddable":true,"href":"https:\/\/www.ksttukku.fi\/kauppa\/wp-json\/wp\/v2\/product_tag?post=18369"}],"curies":[{"name":"wp","href":"https:\/\/api.w.org\/{rel}","templated":true}]}}