{"id":18385,"date":"2025-09-20T12:14:18","date_gmt":"2025-09-20T09:14:18","guid":{"rendered":"https:\/\/www.ksttukku.fi\/kauppa\/?post_type=product&#038;p=18385"},"modified":"2025-09-20T12:14:18","modified_gmt":"2025-09-20T09:14:18","slug":"c-tuplaverhotanko-145-250-cm","status":"publish","type":"product","link":"https:\/\/www.ksttukku.fi\/kauppa\/tuote\/c-tuplaverhotanko-145-250-cm\/","title":{"rendered":"C-Tuplaverhotanko  145 &#8211; 250 cm"},"content":{"rendered":"<p>Perinteinen C-tanko on s\u00e4\u00e4dett\u00e4v\u00e4 verhotanko. Verhon voi asentaa esimerkiksi sit\u00e4 varten ommeltuun kujaan tai kiinnitt\u00e4\u00e4 verho C-tangolle soveltuvilla verhorenkailla.<\/p>\n<p>Pakkaus sis\u00e4lt\u00e4\u00e4 my\u00f6s keskituen, kannakkeet ja kiinnitystarvikkeet.<\/p>\n<p>Tangon paksuus paksuimmasta (jatko-osan liitoksen) kohdasta 13 x 23 mm. Sisemm\u00e4n tangon et\u00e4isyys sein\u00e4st\u00e4 on 9 cm, ulomman 12 cm.<\/p>\n","protected":false},"excerpt":{"rendered":"<p>Perinteinen C-tanko on s\u00e4\u00e4dett\u00e4v\u00e4 verhotanko. Verhon voi asentaa esimerkiksi sit\u00e4 varten ommeltuun kujaan tai kiinnitt\u00e4\u00e4 verho C-tangolle soveltuvilla verhorenkailla. Pakkaus sis\u00e4lt\u00e4\u00e4 my\u00f6s keskituen, kannakkeet ja kiinnitystarvikkeet. Tangon paksuus paksuimmasta (jatko-osan liitoksen) kohdasta 13 x 23 mm. Sisemm\u00e4n tangon et\u00e4isyys sein\u00e4st\u00e4 on 9 cm, ulomman 12 cm.<\/p>\n","protected":false},"featured_media":0,"comment_status":"closed","ping_status":"closed","template":"","meta":[],"product_brand":[],"product_cat":[104,480,481],"product_tag":[],"class_list":{"0":"post-18385","1":"product","2":"type-product","3":"status-publish","5":"product_cat-kaihtimet-ja-verhotangot","6":"product_cat-verhotangot-sisustuslevyt","7":"product_cat-verhotangot-sisustus-lahjatavarat","9":"first","10":"instock","11":"taxable","12":"shipping-taxable","13":"purchasable","14":"product-type-simple"},"_links":{"self":[{"href":"https:\/\/www.ksttukku.fi\/kauppa\/wp-json\/wp\/v2\/product\/18385","targetHints":{"allow":["GET"]}}],"collection":[{"href":"https:\/\/www.ksttukku.fi\/kauppa\/wp-json\/wp\/v2\/product"}],"about":[{"href":"https:\/\/www.ksttukku.fi\/kauppa\/wp-json\/wp\/v2\/types\/product"}],"replies":[{"embeddable":true,"href":"https:\/\/www.ksttukku.fi\/kauppa\/wp-json\/wp\/v2\/comments?post=18385"}],"wp:attachment":[{"href":"https:\/\/www.ksttukku.fi\/kauppa\/wp-json\/wp\/v2\/media?parent=18385"}],"wp:term":[{"taxonomy":"product_brand","embeddable":true,"href":"https:\/\/www.ksttukku.fi\/kauppa\/wp-json\/wp\/v2\/product_brand?post=18385"},{"taxonomy":"product_cat","embeddable":true,"href":"https:\/\/www.ksttukku.fi\/kauppa\/wp-json\/wp\/v2\/product_cat?post=18385"},{"taxonomy":"product_tag","embeddable":true,"href":"https:\/\/www.ksttukku.fi\/kauppa\/wp-json\/wp\/v2\/product_tag?post=18385"}],"curies":[{"name":"wp","href":"https:\/\/api.w.org\/{rel}","templated":true}]}}