{"id":18386,"date":"2025-09-20T12:45:58","date_gmt":"2025-09-20T09:45:58","guid":{"rendered":"https:\/\/www.ksttukku.fi\/kauppa\/?post_type=product&#038;p=18386"},"modified":"2025-09-20T12:45:58","modified_gmt":"2025-09-20T09:45:58","slug":"cafetanko-teras-kromi-o-11-mm-125-215-cm","status":"publish","type":"product","link":"https:\/\/www.ksttukku.fi\/kauppa\/tuote\/cafetanko-teras-kromi-o-11-mm-125-215-cm\/","title":{"rendered":"Cafetanko  ter\u00e4s \/ kromi  \u00d8 11 mm \/ 125-215 cm"},"content":{"rendered":"<p>S\u00e4\u00e4dett\u00e4v\u00e4 cafetanko kevyille verhoille.<\/p>\n<p>Helppo asentaa.<br \/>\nPituus s\u00e4\u00e4dett\u00e4viss\u00e4 125-215 cm.<br \/>\nTangon halkaisija 11 mm.<br \/>\nTanko voidaan pujottaa suoraan valmiiseen verhokujaan.<\/p>\n","protected":false},"excerpt":{"rendered":"<p>S\u00e4\u00e4dett\u00e4v\u00e4 cafetanko kevyille verhoille. Helppo asentaa. Pituus s\u00e4\u00e4dett\u00e4viss\u00e4 125-215 cm. Tangon halkaisija 11 mm. Tanko voidaan pujottaa suoraan valmiiseen verhokujaan.<\/p>\n","protected":false},"featured_media":0,"comment_status":"closed","ping_status":"closed","template":"","meta":[],"product_brand":[],"product_cat":[104,480,481],"product_tag":[],"class_list":{"0":"post-18386","1":"product","2":"type-product","3":"status-publish","5":"product_cat-kaihtimet-ja-verhotangot","6":"product_cat-verhotangot-sisustuslevyt","7":"product_cat-verhotangot-sisustus-lahjatavarat","9":"first","10":"instock","11":"taxable","12":"shipping-taxable","13":"purchasable","14":"product-type-simple"},"_links":{"self":[{"href":"https:\/\/www.ksttukku.fi\/kauppa\/wp-json\/wp\/v2\/product\/18386","targetHints":{"allow":["GET"]}}],"collection":[{"href":"https:\/\/www.ksttukku.fi\/kauppa\/wp-json\/wp\/v2\/product"}],"about":[{"href":"https:\/\/www.ksttukku.fi\/kauppa\/wp-json\/wp\/v2\/types\/product"}],"replies":[{"embeddable":true,"href":"https:\/\/www.ksttukku.fi\/kauppa\/wp-json\/wp\/v2\/comments?post=18386"}],"wp:attachment":[{"href":"https:\/\/www.ksttukku.fi\/kauppa\/wp-json\/wp\/v2\/media?parent=18386"}],"wp:term":[{"taxonomy":"product_brand","embeddable":true,"href":"https:\/\/www.ksttukku.fi\/kauppa\/wp-json\/wp\/v2\/product_brand?post=18386"},{"taxonomy":"product_cat","embeddable":true,"href":"https:\/\/www.ksttukku.fi\/kauppa\/wp-json\/wp\/v2\/product_cat?post=18386"},{"taxonomy":"product_tag","embeddable":true,"href":"https:\/\/www.ksttukku.fi\/kauppa\/wp-json\/wp\/v2\/product_tag?post=18386"}],"curies":[{"name":"wp","href":"https:\/\/api.w.org\/{rel}","templated":true}]}}