{"id":18387,"date":"2025-09-20T13:36:32","date_gmt":"2025-09-20T10:36:32","guid":{"rendered":"https:\/\/www.ksttukku.fi\/kauppa\/?post_type=product&#038;p=18387"},"modified":"2025-09-20T13:36:32","modified_gmt":"2025-09-20T10:36:32","slug":"verhorengas-nipistimella-teras-kiiltava-valkoinen-o-25-33-mm","status":"publish","type":"product","link":"https:\/\/www.ksttukku.fi\/kauppa\/tuote\/verhorengas-nipistimella-teras-kiiltava-valkoinen-o-25-33-mm\/","title":{"rendered":"Verhorengas nipistimell\u00e4  ter\u00e4s \/ kiilt\u00e4v\u00e4 valkoinen  \u00d8 25\/33 mm"},"content":{"rendered":"<p>Metallinen verhorengas nipistimell\u00e4, renkaan sis\u00e4halkaisija 25 mm. Renkaan sis\u00e4osa silikonia, liukuu pehme\u00e4sti ja naarmuttamatta tangon pintaa.<\/p>\n<p>Paketissa 10 kpl<\/p>\n","protected":false},"excerpt":{"rendered":"<p>Metallinen verhorengas nipistimell\u00e4, renkaan sis\u00e4halkaisija 25 mm. Renkaan sis\u00e4osa silikonia, liukuu pehme\u00e4sti ja naarmuttamatta tangon pintaa. Paketissa 10 kpl<\/p>\n","protected":false},"featured_media":18388,"comment_status":"closed","ping_status":"closed","template":"","meta":[],"product_brand":[],"product_cat":[104,480,481],"product_tag":[],"class_list":{"0":"post-18387","1":"product","2":"type-product","3":"status-publish","4":"has-post-thumbnail","6":"product_cat-kaihtimet-ja-verhotangot","7":"product_cat-verhotangot-sisustuslevyt","8":"product_cat-verhotangot-sisustus-lahjatavarat","10":"first","11":"instock","12":"taxable","13":"shipping-taxable","14":"purchasable","15":"product-type-simple"},"_links":{"self":[{"href":"https:\/\/www.ksttukku.fi\/kauppa\/wp-json\/wp\/v2\/product\/18387","targetHints":{"allow":["GET"]}}],"collection":[{"href":"https:\/\/www.ksttukku.fi\/kauppa\/wp-json\/wp\/v2\/product"}],"about":[{"href":"https:\/\/www.ksttukku.fi\/kauppa\/wp-json\/wp\/v2\/types\/product"}],"replies":[{"embeddable":true,"href":"https:\/\/www.ksttukku.fi\/kauppa\/wp-json\/wp\/v2\/comments?post=18387"}],"wp:featuredmedia":[{"embeddable":true,"href":"https:\/\/www.ksttukku.fi\/kauppa\/wp-json\/wp\/v2\/media\/18388"}],"wp:attachment":[{"href":"https:\/\/www.ksttukku.fi\/kauppa\/wp-json\/wp\/v2\/media?parent=18387"}],"wp:term":[{"taxonomy":"product_brand","embeddable":true,"href":"https:\/\/www.ksttukku.fi\/kauppa\/wp-json\/wp\/v2\/product_brand?post=18387"},{"taxonomy":"product_cat","embeddable":true,"href":"https:\/\/www.ksttukku.fi\/kauppa\/wp-json\/wp\/v2\/product_cat?post=18387"},{"taxonomy":"product_tag","embeddable":true,"href":"https:\/\/www.ksttukku.fi\/kauppa\/wp-json\/wp\/v2\/product_tag?post=18387"}],"curies":[{"name":"wp","href":"https:\/\/api.w.org\/{rel}","templated":true}]}}