{"id":18394,"date":"2025-09-22T17:16:57","date_gmt":"2025-09-22T14:16:57","guid":{"rendered":"https:\/\/www.ksttukku.fi\/kauppa\/?post_type=product&#038;p=18394"},"modified":"2025-09-22T17:25:14","modified_gmt":"2025-09-22T14:25:14","slug":"berg-otsalamppu-ladattava-1500lm-cob-uv-valo","status":"publish","type":"product","link":"https:\/\/www.ksttukku.fi\/kauppa\/tuote\/berg-otsalamppu-ladattava-1500lm-cob-uv-valo\/","title":{"rendered":"Berg Otsalamppu ladattava 1500lm + COB UV-valo"},"content":{"rendered":"<p>Alumiinirunkoisessa ty\u00f6-\/otsavalossa on tehokas LED-valo, laajasti valaiseva COB-paneeli, punaiset turvavalot sek\u00e4 UV-valo,<\/p>\n<p>Monipuoliset kiinnitysvaihtoehdot \u2013 otsapanta, magneetti ja metalliklipsi \u2013 tekev\u00e4t k\u00e4yt\u00f6st\u00e4 joustavaa niin ulkona kuin sis\u00e4tiloissa. Valonl\u00e4hde: LED 1500 lm + COB LED 800 lm + UV LED 395nm.Virtal\u00e4hde: 3,7 V 2200 mAh<\/p>\n","protected":false},"excerpt":{"rendered":"<p>Alumiinirunkoisessa ty\u00f6-\/otsavalossa on tehokas LED-valo, laajasti valaiseva COB-paneeli, punaiset turvavalot sek\u00e4 UV-valo, Monipuoliset kiinnitysvaihtoehdot \u2013 otsapanta, magneetti ja metalliklipsi \u2013 tekev\u00e4t k\u00e4yt\u00f6st\u00e4 joustavaa niin ulkona kuin sis\u00e4tiloissa. Valonl\u00e4hde: LED 1500 lm + COB LED 800 lm + UV LED 395nm.Virtal\u00e4hde: 3,7 V 2200 mAh<\/p>\n","protected":false},"featured_media":18395,"comment_status":"closed","ping_status":"closed","template":"","meta":[],"product_brand":[],"product_cat":[310,311,309,57],"product_tag":[],"class_list":{"0":"post-18394","1":"product","2":"type-product","3":"status-publish","4":"has-post-thumbnail","6":"product_cat-kasivalaisimet","7":"product_cat-otsavalot","8":"product_cat-paristovalaisimet","9":"product_cat-retkeily","11":"first","12":"instock","13":"taxable","14":"shipping-taxable","15":"purchasable","16":"product-type-simple"},"_links":{"self":[{"href":"https:\/\/www.ksttukku.fi\/kauppa\/wp-json\/wp\/v2\/product\/18394","targetHints":{"allow":["GET"]}}],"collection":[{"href":"https:\/\/www.ksttukku.fi\/kauppa\/wp-json\/wp\/v2\/product"}],"about":[{"href":"https:\/\/www.ksttukku.fi\/kauppa\/wp-json\/wp\/v2\/types\/product"}],"replies":[{"embeddable":true,"href":"https:\/\/www.ksttukku.fi\/kauppa\/wp-json\/wp\/v2\/comments?post=18394"}],"wp:featuredmedia":[{"embeddable":true,"href":"https:\/\/www.ksttukku.fi\/kauppa\/wp-json\/wp\/v2\/media\/18395"}],"wp:attachment":[{"href":"https:\/\/www.ksttukku.fi\/kauppa\/wp-json\/wp\/v2\/media?parent=18394"}],"wp:term":[{"taxonomy":"product_brand","embeddable":true,"href":"https:\/\/www.ksttukku.fi\/kauppa\/wp-json\/wp\/v2\/product_brand?post=18394"},{"taxonomy":"product_cat","embeddable":true,"href":"https:\/\/www.ksttukku.fi\/kauppa\/wp-json\/wp\/v2\/product_cat?post=18394"},{"taxonomy":"product_tag","embeddable":true,"href":"https:\/\/www.ksttukku.fi\/kauppa\/wp-json\/wp\/v2\/product_tag?post=18394"}],"curies":[{"name":"wp","href":"https:\/\/api.w.org\/{rel}","templated":true}]}}