{"id":18399,"date":"2025-09-23T10:45:07","date_gmt":"2025-09-23T07:45:07","guid":{"rendered":"https:\/\/www.ksttukku.fi\/kauppa\/?post_type=product&#038;p=18399"},"modified":"2025-09-23T10:45:07","modified_gmt":"2025-09-23T07:45:07","slug":"varalamppu-filament-36v-e27-g80-kirkas","status":"publish","type":"product","link":"https:\/\/www.ksttukku.fi\/kauppa\/tuote\/varalamppu-filament-36v-e27-g80-kirkas\/","title":{"rendered":"Varalamppu Filament 36V E27 G80 kirkas"},"content":{"rendered":"<p>Kupu G80. V\u00e4ril\u00e4mp\u00f6tila: 2000 K. 0,5 W 36 V. Kanta: E27. Heikkovirta, ei saa kytke\u00e4 verkkovirtaan. sopii sarjoihin 285308 , 285309,295559,319423 ja 319424&nbsp;<\/p>\n","protected":false},"excerpt":{"rendered":"<p>Kupu G80. V\u00e4ril\u00e4mp\u00f6tila: 2000 K. 0,5 W 36 V. Kanta: E27. Heikkovirta, ei saa kytke\u00e4 verkkovirtaan. sopii sarjoihin 285308 , 285309,295559,319423 ja 319424&nbsp;<\/p>\n","protected":false},"featured_media":18400,"comment_status":"closed","ping_status":"closed","template":"","meta":[],"product_brand":[],"product_cat":[185,189],"product_tag":[],"class_list":{"0":"post-18399","1":"product","2":"type-product","3":"status-publish","4":"has-post-thumbnail","6":"product_cat-lamput","7":"product_cat-muut-ledlamput","9":"first","10":"instock","11":"taxable","12":"shipping-taxable","13":"purchasable","14":"product-type-simple"},"_links":{"self":[{"href":"https:\/\/www.ksttukku.fi\/kauppa\/wp-json\/wp\/v2\/product\/18399","targetHints":{"allow":["GET"]}}],"collection":[{"href":"https:\/\/www.ksttukku.fi\/kauppa\/wp-json\/wp\/v2\/product"}],"about":[{"href":"https:\/\/www.ksttukku.fi\/kauppa\/wp-json\/wp\/v2\/types\/product"}],"replies":[{"embeddable":true,"href":"https:\/\/www.ksttukku.fi\/kauppa\/wp-json\/wp\/v2\/comments?post=18399"}],"wp:featuredmedia":[{"embeddable":true,"href":"https:\/\/www.ksttukku.fi\/kauppa\/wp-json\/wp\/v2\/media\/18400"}],"wp:attachment":[{"href":"https:\/\/www.ksttukku.fi\/kauppa\/wp-json\/wp\/v2\/media?parent=18399"}],"wp:term":[{"taxonomy":"product_brand","embeddable":true,"href":"https:\/\/www.ksttukku.fi\/kauppa\/wp-json\/wp\/v2\/product_brand?post=18399"},{"taxonomy":"product_cat","embeddable":true,"href":"https:\/\/www.ksttukku.fi\/kauppa\/wp-json\/wp\/v2\/product_cat?post=18399"},{"taxonomy":"product_tag","embeddable":true,"href":"https:\/\/www.ksttukku.fi\/kauppa\/wp-json\/wp\/v2\/product_tag?post=18399"}],"curies":[{"name":"wp","href":"https:\/\/api.w.org\/{rel}","templated":true}]}}