{"id":18410,"date":"2025-09-23T14:47:28","date_gmt":"2025-09-23T11:47:28","guid":{"rendered":"https:\/\/www.ksttukku.fi\/kauppa\/?post_type=product&#038;p=18410"},"modified":"2025-09-23T14:47:28","modified_gmt":"2025-09-23T11:47:28","slug":"sensy-paperitahti-100-cm-valkoinen","status":"publish","type":"product","link":"https:\/\/www.ksttukku.fi\/kauppa\/tuote\/sensy-paperitahti-100-cm-valkoinen\/","title":{"rendered":"Sensy paperit\u00e4hti 100 cm valkoinen"},"content":{"rendered":"<p>Kuvioitu valkoinen paperit\u00e4hti sis\u00e4k\u00e4ytt\u00f6\u00f6n. Ripusta esimerkiksi ikkunaan tuomaan tunnelmaa.<br \/>\nJohdon pituus 350 cm.<br \/>\nE14, max 25W. ( Ei sis\u00e4ll\u00e4 valonl\u00e4hdett\u00e4)&nbsp;<\/p>\n<p>Halkaisija 100 cm<br \/>\nSyvyys 21 cm<\/p>\n","protected":false},"excerpt":{"rendered":"<p>Kuvioitu valkoinen paperit\u00e4hti sis\u00e4k\u00e4ytt\u00f6\u00f6n. Ripusta esimerkiksi ikkunaan tuomaan tunnelmaa. Johdon pituus 350 cm. E14, max 25W. ( Ei sis\u00e4ll\u00e4 valonl\u00e4hdett\u00e4)&nbsp; Halkaisija 100 cm Syvyys 21 cm<\/p>\n","protected":false},"featured_media":18411,"comment_status":"closed","ping_status":"closed","template":"","meta":[],"product_brand":[],"product_cat":[176,198],"product_tag":[],"class_list":{"0":"post-18410","1":"product","2":"type-product","3":"status-publish","4":"has-post-thumbnail","6":"product_cat-joulu-ja-koristevalot","7":"product_cat-paperitahdet","9":"first","10":"instock","11":"taxable","12":"shipping-taxable","13":"purchasable","14":"product-type-simple"},"_links":{"self":[{"href":"https:\/\/www.ksttukku.fi\/kauppa\/wp-json\/wp\/v2\/product\/18410","targetHints":{"allow":["GET"]}}],"collection":[{"href":"https:\/\/www.ksttukku.fi\/kauppa\/wp-json\/wp\/v2\/product"}],"about":[{"href":"https:\/\/www.ksttukku.fi\/kauppa\/wp-json\/wp\/v2\/types\/product"}],"replies":[{"embeddable":true,"href":"https:\/\/www.ksttukku.fi\/kauppa\/wp-json\/wp\/v2\/comments?post=18410"}],"wp:featuredmedia":[{"embeddable":true,"href":"https:\/\/www.ksttukku.fi\/kauppa\/wp-json\/wp\/v2\/media\/18411"}],"wp:attachment":[{"href":"https:\/\/www.ksttukku.fi\/kauppa\/wp-json\/wp\/v2\/media?parent=18410"}],"wp:term":[{"taxonomy":"product_brand","embeddable":true,"href":"https:\/\/www.ksttukku.fi\/kauppa\/wp-json\/wp\/v2\/product_brand?post=18410"},{"taxonomy":"product_cat","embeddable":true,"href":"https:\/\/www.ksttukku.fi\/kauppa\/wp-json\/wp\/v2\/product_cat?post=18410"},{"taxonomy":"product_tag","embeddable":true,"href":"https:\/\/www.ksttukku.fi\/kauppa\/wp-json\/wp\/v2\/product_tag?post=18410"}],"curies":[{"name":"wp","href":"https:\/\/api.w.org\/{rel}","templated":true}]}}