{"id":18435,"date":"2025-09-24T16:54:31","date_gmt":"2025-09-24T13:54:31","guid":{"rendered":"https:\/\/www.ksttukku.fi\/kauppa\/?post_type=product&#038;p=18435"},"modified":"2025-09-24T16:54:31","modified_gmt":"2025-09-24T13:54:31","slug":"led-lamppu-e27-decoled-new-generation-classic-50-lm-2000k","status":"publish","type":"product","link":"https:\/\/www.ksttukku.fi\/kauppa\/tuote\/led-lamppu-e27-decoled-new-generation-classic-50-lm-2000k\/","title":{"rendered":"LED-lamppu E27 Decoled New Generation Classic 50 lm 2000K"},"content":{"rendered":"<p>Led-koristelamppu<\/p>\n<p>T\u00e4m\u00e4 valonl\u00e4hde antaa kodikkaan ja l\u00e4mpim\u00e4n hehkun.<\/p>\n<p>Voidaan k\u00e4ytt\u00e4\u00e4&nbsp; yksin tai useamman lampun kanssa<\/p>\n<p>Valonv\u00e4ri: 2000K<\/p>\n<p>Valonteho: 50 lm<\/p>\n<p>Lampun kanta E27<\/p>\n<p>Korkeus: 210 mm<\/p>\n<p>Materiaali: lasi<\/p>\n<p>Halkaisija: 115 mm<\/p>\n","protected":false},"excerpt":{"rendered":"<p>Led-koristelamppu T\u00e4m\u00e4 valonl\u00e4hde antaa kodikkaan ja l\u00e4mpim\u00e4n hehkun. Voidaan k\u00e4ytt\u00e4\u00e4&nbsp; yksin tai useamman lampun kanssa Valonv\u00e4ri: 2000K Valonteho: 50 lm Lampun kanta E27 Korkeus: 210 mm Materiaali: lasi Halkaisija: 115 mm<\/p>\n","protected":false},"featured_media":18436,"comment_status":"closed","ping_status":"closed","template":"","meta":[],"product_brand":[],"product_cat":[186,185,189,34],"product_tag":[],"class_list":{"0":"post-18435","1":"product","2":"type-product","3":"status-publish","4":"has-post-thumbnail","6":"product_cat-ledlamput","7":"product_cat-lamput","8":"product_cat-muut-ledlamput","9":"product_cat-valaisimet","11":"first","12":"instock","13":"taxable","14":"shipping-taxable","15":"purchasable","16":"product-type-simple"},"_links":{"self":[{"href":"https:\/\/www.ksttukku.fi\/kauppa\/wp-json\/wp\/v2\/product\/18435","targetHints":{"allow":["GET"]}}],"collection":[{"href":"https:\/\/www.ksttukku.fi\/kauppa\/wp-json\/wp\/v2\/product"}],"about":[{"href":"https:\/\/www.ksttukku.fi\/kauppa\/wp-json\/wp\/v2\/types\/product"}],"replies":[{"embeddable":true,"href":"https:\/\/www.ksttukku.fi\/kauppa\/wp-json\/wp\/v2\/comments?post=18435"}],"wp:featuredmedia":[{"embeddable":true,"href":"https:\/\/www.ksttukku.fi\/kauppa\/wp-json\/wp\/v2\/media\/18436"}],"wp:attachment":[{"href":"https:\/\/www.ksttukku.fi\/kauppa\/wp-json\/wp\/v2\/media?parent=18435"}],"wp:term":[{"taxonomy":"product_brand","embeddable":true,"href":"https:\/\/www.ksttukku.fi\/kauppa\/wp-json\/wp\/v2\/product_brand?post=18435"},{"taxonomy":"product_cat","embeddable":true,"href":"https:\/\/www.ksttukku.fi\/kauppa\/wp-json\/wp\/v2\/product_cat?post=18435"},{"taxonomy":"product_tag","embeddable":true,"href":"https:\/\/www.ksttukku.fi\/kauppa\/wp-json\/wp\/v2\/product_tag?post=18435"}],"curies":[{"name":"wp","href":"https:\/\/api.w.org\/{rel}","templated":true}]}}