{"id":18447,"date":"2025-09-24T17:45:39","date_gmt":"2025-09-24T14:45:39","guid":{"rendered":"https:\/\/www.ksttukku.fi\/kauppa\/?post_type=product&#038;p=18447"},"modified":"2025-09-24T17:45:40","modified_gmt":"2025-09-24T14:45:40","slug":"deco-e27-cone-15-dim-2700k-320lm-savu","status":"publish","type":"product","link":"https:\/\/www.ksttukku.fi\/kauppa\/tuote\/deco-e27-cone-15-dim-2700k-320lm-savu\/","title":{"rendered":"Deco E27 Cone 15 Dim 2700K 320lm savu"},"content":{"rendered":"<p>Koristeellinen LED-lamppu E27-kannalla ja l\u00e4mpim\u00e4n valkoisella valolla.<br \/>\nLamppu on himmennett\u00e4v\u00e4.<\/p>\n<p>Halkaisija 12 cm<br \/>\nKorkeus 21,1 cm<\/p>\n<p>materiaali: lasi<\/p>\n<p>v\u00e4ri: savu<\/p>\n","protected":false},"excerpt":{"rendered":"<p>Koristeellinen LED-lamppu E27-kannalla ja l\u00e4mpim\u00e4n valkoisella valolla. Lamppu on himmennett\u00e4v\u00e4. Halkaisija 12 cm Korkeus 21,1 cm materiaali: lasi v\u00e4ri: savu<\/p>\n","protected":false},"featured_media":18448,"comment_status":"closed","ping_status":"closed","template":"","meta":[],"product_brand":[],"product_cat":[188,186,185,189],"product_tag":[],"class_list":{"0":"post-18447","1":"product","2":"type-product","3":"status-publish","4":"has-post-thumbnail","6":"product_cat-himmennettavat-lamput","7":"product_cat-ledlamput","8":"product_cat-lamput","9":"product_cat-muut-ledlamput","11":"first","12":"instock","13":"taxable","14":"shipping-taxable","15":"purchasable","16":"product-type-simple"},"_links":{"self":[{"href":"https:\/\/www.ksttukku.fi\/kauppa\/wp-json\/wp\/v2\/product\/18447","targetHints":{"allow":["GET"]}}],"collection":[{"href":"https:\/\/www.ksttukku.fi\/kauppa\/wp-json\/wp\/v2\/product"}],"about":[{"href":"https:\/\/www.ksttukku.fi\/kauppa\/wp-json\/wp\/v2\/types\/product"}],"replies":[{"embeddable":true,"href":"https:\/\/www.ksttukku.fi\/kauppa\/wp-json\/wp\/v2\/comments?post=18447"}],"wp:featuredmedia":[{"embeddable":true,"href":"https:\/\/www.ksttukku.fi\/kauppa\/wp-json\/wp\/v2\/media\/18448"}],"wp:attachment":[{"href":"https:\/\/www.ksttukku.fi\/kauppa\/wp-json\/wp\/v2\/media?parent=18447"}],"wp:term":[{"taxonomy":"product_brand","embeddable":true,"href":"https:\/\/www.ksttukku.fi\/kauppa\/wp-json\/wp\/v2\/product_brand?post=18447"},{"taxonomy":"product_cat","embeddable":true,"href":"https:\/\/www.ksttukku.fi\/kauppa\/wp-json\/wp\/v2\/product_cat?post=18447"},{"taxonomy":"product_tag","embeddable":true,"href":"https:\/\/www.ksttukku.fi\/kauppa\/wp-json\/wp\/v2\/product_tag?post=18447"}],"curies":[{"name":"wp","href":"https:\/\/api.w.org\/{rel}","templated":true}]}}