{"id":18455,"date":"2025-09-25T12:30:05","date_gmt":"2025-09-25T09:30:05","guid":{"rendered":"https:\/\/www.ksttukku.fi\/kauppa\/?post_type=product&#038;p=18455"},"modified":"2025-09-25T12:30:59","modified_gmt":"2025-09-25T09:30:59","slug":"filament-led-lamppu-ra90-3-step","status":"publish","type":"product","link":"https:\/\/www.ksttukku.fi\/kauppa\/tuote\/filament-led-lamppu-ra90-3-step\/","title":{"rendered":"Filament Led-lamppu  RA90 3-step"},"content":{"rendered":"<p>LED-pallolamppu opaalilla lasilla. Vastaa 60W hehkulamppua. Lampussa on tavallisella katkaisijalla toimiva kolmivaiheinen himmennys 80-400-800lm. Lamppu syttyy aina ensin matalimmalla voimakkuudella.<br \/>\nV\u00e4ril\u00e4mp\u00f6tila 2700K, valoteho 800 lm.<\/p>\n<p>Halkaisija: 9,5 cm<br \/>\nKorkeus: 13,8 cm<\/p>\n<p>Materiaali: lasi<\/p>\n","protected":false},"excerpt":{"rendered":"<p>LED-pallolamppu opaalilla lasilla. Vastaa 60W hehkulamppua. Lampussa on tavallisella katkaisijalla toimiva kolmivaiheinen himmennys 80-400-800lm. Lamppu syttyy aina ensin matalimmalla voimakkuudella. V\u00e4ril\u00e4mp\u00f6tila 2700K, valoteho 800 lm. Halkaisija: 9,5 cm Korkeus: 13,8 cm Materiaali: lasi<\/p>\n","protected":false},"featured_media":18456,"comment_status":"closed","ping_status":"closed","template":"","meta":[],"product_brand":[],"product_cat":[188,186,185],"product_tag":[],"class_list":{"0":"post-18455","1":"product","2":"type-product","3":"status-publish","4":"has-post-thumbnail","6":"product_cat-himmennettavat-lamput","7":"product_cat-ledlamput","8":"product_cat-lamput","10":"first","11":"instock","12":"taxable","13":"shipping-taxable","14":"purchasable","15":"product-type-simple"},"_links":{"self":[{"href":"https:\/\/www.ksttukku.fi\/kauppa\/wp-json\/wp\/v2\/product\/18455","targetHints":{"allow":["GET"]}}],"collection":[{"href":"https:\/\/www.ksttukku.fi\/kauppa\/wp-json\/wp\/v2\/product"}],"about":[{"href":"https:\/\/www.ksttukku.fi\/kauppa\/wp-json\/wp\/v2\/types\/product"}],"replies":[{"embeddable":true,"href":"https:\/\/www.ksttukku.fi\/kauppa\/wp-json\/wp\/v2\/comments?post=18455"}],"wp:featuredmedia":[{"embeddable":true,"href":"https:\/\/www.ksttukku.fi\/kauppa\/wp-json\/wp\/v2\/media\/18456"}],"wp:attachment":[{"href":"https:\/\/www.ksttukku.fi\/kauppa\/wp-json\/wp\/v2\/media?parent=18455"}],"wp:term":[{"taxonomy":"product_brand","embeddable":true,"href":"https:\/\/www.ksttukku.fi\/kauppa\/wp-json\/wp\/v2\/product_brand?post=18455"},{"taxonomy":"product_cat","embeddable":true,"href":"https:\/\/www.ksttukku.fi\/kauppa\/wp-json\/wp\/v2\/product_cat?post=18455"},{"taxonomy":"product_tag","embeddable":true,"href":"https:\/\/www.ksttukku.fi\/kauppa\/wp-json\/wp\/v2\/product_tag?post=18455"}],"curies":[{"name":"wp","href":"https:\/\/api.w.org\/{rel}","templated":true}]}}