{"id":18460,"date":"2025-09-25T16:31:32","date_gmt":"2025-09-25T13:31:32","guid":{"rendered":"https:\/\/www.ksttukku.fi\/kauppa\/?post_type=product&#038;p=18460"},"modified":"2026-01-09T15:24:18","modified_gmt":"2026-01-09T13:24:18","slug":"grace-5l-kynttelikko-messinki-design-charlotte-falck","status":"publish","type":"product","link":"https:\/\/www.ksttukku.fi\/kauppa\/tuote\/grace-5l-kynttelikko-messinki-design-charlotte-falck\/","title":{"rendered":"Grace 5L kynttelikk\u00f6 messinki  Design Charlotte Falck."},"content":{"rendered":"<p>Antiikkimessingin v\u00e4rinen elegantti metallikynttelikk\u00f6, jossa on koristeena metalliset tammenlehv\u00e4t. T\u00e4m\u00e4 tuleva klassikko on uniikki kynttelikk\u00f6, joka luo kauniin tunnelmallista valoa syksy- ja talviajan h\u00e4m\u00e4r\u00e4\u00e4n.<br \/>\nKynttelik\u00f6ss\u00e4 on 180 cm pitk\u00e4 johto katkaisijalla ja viisi vaihdettavaa lamppua.<br \/>\nDesign Charlotte Falck.<\/p>\n<p>Leveys 53,5 cm<br \/>\nSyvyys 14 cm<br \/>\nKorkeus 48 cm<\/p>\n","protected":false},"excerpt":{"rendered":"<p>Antiikkimessingin v\u00e4rinen elegantti metallikynttelikk\u00f6, jossa on koristeena metalliset tammenlehv\u00e4t. T\u00e4m\u00e4 tuleva klassikko on uniikki kynttelikk\u00f6, joka luo kauniin tunnelmallista valoa syksy- ja talviajan h\u00e4m\u00e4r\u00e4\u00e4n. Kynttelik\u00f6ss\u00e4 on 180 cm pitk\u00e4 johto katkaisijalla ja viisi vaihdettavaa lamppua. Design Charlotte Falck. Leveys 53,5 cm Syvyys 14 cm Korkeus 48 cm<\/p>\n","protected":false},"featured_media":18462,"comment_status":"closed","ping_status":"closed","template":"","meta":[],"product_brand":[],"product_cat":[176,181,34],"product_tag":[],"class_list":{"0":"post-18460","1":"product","2":"type-product","3":"status-publish","4":"has-post-thumbnail","6":"product_cat-joulu-ja-koristevalot","7":"product_cat-kynttelikot","8":"product_cat-valaisimet","10":"first","11":"instock","12":"sale","13":"taxable","14":"shipping-taxable","15":"purchasable","16":"product-type-simple"},"_links":{"self":[{"href":"https:\/\/www.ksttukku.fi\/kauppa\/wp-json\/wp\/v2\/product\/18460","targetHints":{"allow":["GET"]}}],"collection":[{"href":"https:\/\/www.ksttukku.fi\/kauppa\/wp-json\/wp\/v2\/product"}],"about":[{"href":"https:\/\/www.ksttukku.fi\/kauppa\/wp-json\/wp\/v2\/types\/product"}],"replies":[{"embeddable":true,"href":"https:\/\/www.ksttukku.fi\/kauppa\/wp-json\/wp\/v2\/comments?post=18460"}],"wp:featuredmedia":[{"embeddable":true,"href":"https:\/\/www.ksttukku.fi\/kauppa\/wp-json\/wp\/v2\/media\/18462"}],"wp:attachment":[{"href":"https:\/\/www.ksttukku.fi\/kauppa\/wp-json\/wp\/v2\/media?parent=18460"}],"wp:term":[{"taxonomy":"product_brand","embeddable":true,"href":"https:\/\/www.ksttukku.fi\/kauppa\/wp-json\/wp\/v2\/product_brand?post=18460"},{"taxonomy":"product_cat","embeddable":true,"href":"https:\/\/www.ksttukku.fi\/kauppa\/wp-json\/wp\/v2\/product_cat?post=18460"},{"taxonomy":"product_tag","embeddable":true,"href":"https:\/\/www.ksttukku.fi\/kauppa\/wp-json\/wp\/v2\/product_tag?post=18460"}],"curies":[{"name":"wp","href":"https:\/\/api.w.org\/{rel}","templated":true}]}}