{"id":18470,"date":"2025-09-25T17:57:32","date_gmt":"2025-09-25T14:57:32","guid":{"rendered":"https:\/\/www.ksttukku.fi\/kauppa\/?post_type=product&#038;p=18470"},"modified":"2025-09-25T17:57:33","modified_gmt":"2025-09-25T14:57:33","slug":"selma-5l-kynttelikko-punainen","status":"publish","type":"product","link":"https:\/\/www.ksttukku.fi\/kauppa\/tuote\/selma-5l-kynttelikko-punainen\/","title":{"rendered":"Selma 5L kynttelikk\u00f6 punainen"},"content":{"rendered":"<p>Tyylik\u00e4s 5-haarainen puukynttelikk\u00f6 sis\u00e4k\u00e4ytt\u00f6\u00f6n.<br \/>\nSiro kynttelikk\u00f6 on helppo sijoittaa ikkunalaudalle tai lipaston p\u00e4\u00e4lle luomaan ihanaa jouluista tunnelmaa.<\/p>\n<p>Sis\u00e4lt\u00e4\u00e4 vaihdettavat E10-kantaiset lamput (3W, 55V).<\/p>\n","protected":false},"excerpt":{"rendered":"<p>Tyylik\u00e4s 5-haarainen puukynttelikk\u00f6 sis\u00e4k\u00e4ytt\u00f6\u00f6n. Siro kynttelikk\u00f6 on helppo sijoittaa ikkunalaudalle tai lipaston p\u00e4\u00e4lle luomaan ihanaa jouluista tunnelmaa. Sis\u00e4lt\u00e4\u00e4 vaihdettavat E10-kantaiset lamput (3W, 55V).<\/p>\n","protected":false},"featured_media":18472,"comment_status":"closed","ping_status":"closed","template":"","meta":[],"product_brand":[],"product_cat":[176,181],"product_tag":[],"class_list":{"0":"post-18470","1":"product","2":"type-product","3":"status-publish","4":"has-post-thumbnail","6":"product_cat-joulu-ja-koristevalot","7":"product_cat-kynttelikot","9":"first","10":"instock","11":"taxable","12":"shipping-taxable","13":"purchasable","14":"product-type-simple"},"_links":{"self":[{"href":"https:\/\/www.ksttukku.fi\/kauppa\/wp-json\/wp\/v2\/product\/18470","targetHints":{"allow":["GET"]}}],"collection":[{"href":"https:\/\/www.ksttukku.fi\/kauppa\/wp-json\/wp\/v2\/product"}],"about":[{"href":"https:\/\/www.ksttukku.fi\/kauppa\/wp-json\/wp\/v2\/types\/product"}],"replies":[{"embeddable":true,"href":"https:\/\/www.ksttukku.fi\/kauppa\/wp-json\/wp\/v2\/comments?post=18470"}],"wp:featuredmedia":[{"embeddable":true,"href":"https:\/\/www.ksttukku.fi\/kauppa\/wp-json\/wp\/v2\/media\/18472"}],"wp:attachment":[{"href":"https:\/\/www.ksttukku.fi\/kauppa\/wp-json\/wp\/v2\/media?parent=18470"}],"wp:term":[{"taxonomy":"product_brand","embeddable":true,"href":"https:\/\/www.ksttukku.fi\/kauppa\/wp-json\/wp\/v2\/product_brand?post=18470"},{"taxonomy":"product_cat","embeddable":true,"href":"https:\/\/www.ksttukku.fi\/kauppa\/wp-json\/wp\/v2\/product_cat?post=18470"},{"taxonomy":"product_tag","embeddable":true,"href":"https:\/\/www.ksttukku.fi\/kauppa\/wp-json\/wp\/v2\/product_tag?post=18470"}],"curies":[{"name":"wp","href":"https:\/\/api.w.org\/{rel}","templated":true}]}}