{"id":18476,"date":"2025-09-25T18:19:31","date_gmt":"2025-09-25T15:19:31","guid":{"rendered":"https:\/\/www.ksttukku.fi\/kauppa\/?post_type=product&#038;p=18476"},"modified":"2025-09-25T18:19:31","modified_gmt":"2025-09-25T15:19:31","slug":"e27-a60-light-sensor-2700k-806lm-opaali","status":"publish","type":"product","link":"https:\/\/www.ksttukku.fi\/kauppa\/tuote\/e27-a60-light-sensor-2700k-806lm-opaali\/","title":{"rendered":"E27 A60 Light Sensor 2700K 806lm opaali"},"content":{"rendered":"<p>LED-lamppu opaalilla muovikuvulla ja h\u00e4m\u00e4r\u00e4sensorilla. Syttyy, kun valoisuus on alle 300 luksia. Vastaa 60W hehkulamppua.<\/p>\n<p>Lamppukanta: E27<br \/>\nTeho: 8,8W<br \/>\nV\u00e4ril\u00e4mp\u00f6tila: 2700K<br \/>\nValoteho: 806 lm<br \/>\nV\u00e4rintoistokyky: Ra 80<\/p>\n<p>Halkaisija: 6 cm<br \/>\nKorkeus: 10,9 cm<\/p>\n","protected":false},"excerpt":{"rendered":"<p>LED-lamppu opaalilla muovikuvulla ja h\u00e4m\u00e4r\u00e4sensorilla. Syttyy, kun valoisuus on alle 300 luksia. Vastaa 60W hehkulamppua. Lamppukanta: E27 Teho: 8,8W V\u00e4ril\u00e4mp\u00f6tila: 2700K Valoteho: 806 lm V\u00e4rintoistokyky: Ra 80 Halkaisija: 6 cm Korkeus: 10,9 cm<\/p>\n","protected":false},"featured_media":18477,"comment_status":"closed","ping_status":"closed","template":"","meta":[],"product_brand":[],"product_cat":[186,185,189],"product_tag":[],"class_list":{"0":"post-18476","1":"product","2":"type-product","3":"status-publish","4":"has-post-thumbnail","6":"product_cat-ledlamput","7":"product_cat-lamput","8":"product_cat-muut-ledlamput","10":"first","11":"instock","12":"taxable","13":"shipping-taxable","14":"purchasable","15":"product-type-simple"},"_links":{"self":[{"href":"https:\/\/www.ksttukku.fi\/kauppa\/wp-json\/wp\/v2\/product\/18476","targetHints":{"allow":["GET"]}}],"collection":[{"href":"https:\/\/www.ksttukku.fi\/kauppa\/wp-json\/wp\/v2\/product"}],"about":[{"href":"https:\/\/www.ksttukku.fi\/kauppa\/wp-json\/wp\/v2\/types\/product"}],"replies":[{"embeddable":true,"href":"https:\/\/www.ksttukku.fi\/kauppa\/wp-json\/wp\/v2\/comments?post=18476"}],"wp:featuredmedia":[{"embeddable":true,"href":"https:\/\/www.ksttukku.fi\/kauppa\/wp-json\/wp\/v2\/media\/18477"}],"wp:attachment":[{"href":"https:\/\/www.ksttukku.fi\/kauppa\/wp-json\/wp\/v2\/media?parent=18476"}],"wp:term":[{"taxonomy":"product_brand","embeddable":true,"href":"https:\/\/www.ksttukku.fi\/kauppa\/wp-json\/wp\/v2\/product_brand?post=18476"},{"taxonomy":"product_cat","embeddable":true,"href":"https:\/\/www.ksttukku.fi\/kauppa\/wp-json\/wp\/v2\/product_cat?post=18476"},{"taxonomy":"product_tag","embeddable":true,"href":"https:\/\/www.ksttukku.fi\/kauppa\/wp-json\/wp\/v2\/product_tag?post=18476"}],"curies":[{"name":"wp","href":"https:\/\/api.w.org\/{rel}","templated":true}]}}