{"id":18482,"date":"2025-09-26T15:10:07","date_gmt":"2025-09-26T12:10:07","guid":{"rendered":"https:\/\/www.ksttukku.fi\/kauppa\/?post_type=product&#038;p=18482"},"modified":"2025-09-27T12:20:32","modified_gmt":"2025-09-27T09:20:32","slug":"molli-lattiavalaisin-musta","status":"publish","type":"product","link":"https:\/\/www.ksttukku.fi\/kauppa\/tuote\/molli-lattiavalaisin-musta\/","title":{"rendered":"Molli lattiavalaisin musta"},"content":{"rendered":"<p>Ajattoman mallinen kaunis lattiavalaisin mustaa metallia ja opaalivalkoista lasia.<\/p>\n<p>Valaisimessa on joustava varsi, jonka pituus on 29 cm, suuntaa helppo s\u00e4\u00e4t\u00e4\u00e4<\/p>\n<p>Virtajohto on 150 cm pitk\u00e4 ja siin\u00e4 on lattiakytkin<\/p>\n<p>Opaalikuvun halkaisija on 10 cm.<\/p>\n<p>Korkeus: 135 cm<\/p>\n<p>Kanta: E14<\/p>\n","protected":false},"excerpt":{"rendered":"<p>Ajattoman mallinen kaunis lattiavalaisin mustaa metallia ja opaalivalkoista lasia. Valaisimessa on joustava varsi, jonka pituus on 29 cm, suuntaa helppo s\u00e4\u00e4t\u00e4\u00e4 Virtajohto on 150 cm pitk\u00e4 ja siin\u00e4 on lattiakytkin Opaalikuvun halkaisija on 10 cm. Korkeus: 135 cm Kanta: E14<\/p>\n","protected":false},"featured_media":18485,"comment_status":"closed","ping_status":"closed","template":"","meta":[],"product_brand":[],"product_cat":[43,35,34],"product_tag":[],"class_list":{"0":"post-18482","1":"product","2":"type-product","3":"status-publish","4":"has-post-thumbnail","6":"product_cat-lattiavalaisimet","7":"product_cat-sisavalaisimet","8":"product_cat-valaisimet","10":"first","11":"instock","12":"taxable","13":"shipping-taxable","14":"purchasable","15":"product-type-simple"},"_links":{"self":[{"href":"https:\/\/www.ksttukku.fi\/kauppa\/wp-json\/wp\/v2\/product\/18482","targetHints":{"allow":["GET"]}}],"collection":[{"href":"https:\/\/www.ksttukku.fi\/kauppa\/wp-json\/wp\/v2\/product"}],"about":[{"href":"https:\/\/www.ksttukku.fi\/kauppa\/wp-json\/wp\/v2\/types\/product"}],"replies":[{"embeddable":true,"href":"https:\/\/www.ksttukku.fi\/kauppa\/wp-json\/wp\/v2\/comments?post=18482"}],"wp:featuredmedia":[{"embeddable":true,"href":"https:\/\/www.ksttukku.fi\/kauppa\/wp-json\/wp\/v2\/media\/18485"}],"wp:attachment":[{"href":"https:\/\/www.ksttukku.fi\/kauppa\/wp-json\/wp\/v2\/media?parent=18482"}],"wp:term":[{"taxonomy":"product_brand","embeddable":true,"href":"https:\/\/www.ksttukku.fi\/kauppa\/wp-json\/wp\/v2\/product_brand?post=18482"},{"taxonomy":"product_cat","embeddable":true,"href":"https:\/\/www.ksttukku.fi\/kauppa\/wp-json\/wp\/v2\/product_cat?post=18482"},{"taxonomy":"product_tag","embeddable":true,"href":"https:\/\/www.ksttukku.fi\/kauppa\/wp-json\/wp\/v2\/product_tag?post=18482"}],"curies":[{"name":"wp","href":"https:\/\/api.w.org\/{rel}","templated":true}]}}