{"id":18487,"date":"2025-09-26T15:32:33","date_gmt":"2025-09-26T12:32:33","guid":{"rendered":"https:\/\/www.ksttukku.fi\/kauppa\/?post_type=product&#038;p=18487"},"modified":"2025-09-26T15:32:34","modified_gmt":"2025-09-26T12:32:34","slug":"explore-2-os-lattiavalaisin-musta","status":"publish","type":"product","link":"https:\/\/www.ksttukku.fi\/kauppa\/tuote\/explore-2-os-lattiavalaisin-musta\/","title":{"rendered":"Explore 2-os. lattiavalaisin musta"},"content":{"rendered":"<p>Pelkistetyss\u00e4 ja linjakkaassa kaksiosaisessa Explore-lattiavalaisimessa kohtaavat moderni estetiikka ja k\u00e4yt\u00e4nn\u00f6llisyys. Valaisimen varjostimet ovat s\u00e4\u00e4dett\u00e4viss\u00e4. Sopii esimerkiksi luku- tai ty\u00f6skentelyvalaisimeksi.<\/p>\n<p>Kanta:&nbsp; 2 x GU10.<\/p>\n<p>150 cm virtajohto katkaisijalla.<\/p>\n<p>Materiaali: metalli<\/p>\n<p>V\u00e4ri: musta<\/p>\n<p>Korkeus: 179 cm<br \/>\nLeveys: 25,4 cm<br \/>\nJalustan halkaisija: 25 cm<\/p>\n","protected":false},"excerpt":{"rendered":"<p>Pelkistetyss\u00e4 ja linjakkaassa kaksiosaisessa Explore-lattiavalaisimessa kohtaavat moderni estetiikka ja k\u00e4yt\u00e4nn\u00f6llisyys. Valaisimen varjostimet ovat s\u00e4\u00e4dett\u00e4viss\u00e4. Sopii esimerkiksi luku- tai ty\u00f6skentelyvalaisimeksi. Kanta:&nbsp; 2 x GU10. 150 cm virtajohto katkaisijalla. Materiaali: metalli V\u00e4ri: musta Korkeus: 179 cm Leveys: 25,4 cm Jalustan halkaisija: 25 cm<\/p>\n","protected":false},"featured_media":18489,"comment_status":"closed","ping_status":"closed","template":"","meta":[],"product_brand":[],"product_cat":[43,35,34],"product_tag":[],"class_list":{"0":"post-18487","1":"product","2":"type-product","3":"status-publish","4":"has-post-thumbnail","6":"product_cat-lattiavalaisimet","7":"product_cat-sisavalaisimet","8":"product_cat-valaisimet","10":"first","11":"instock","12":"taxable","13":"shipping-taxable","14":"purchasable","15":"product-type-simple"},"_links":{"self":[{"href":"https:\/\/www.ksttukku.fi\/kauppa\/wp-json\/wp\/v2\/product\/18487","targetHints":{"allow":["GET"]}}],"collection":[{"href":"https:\/\/www.ksttukku.fi\/kauppa\/wp-json\/wp\/v2\/product"}],"about":[{"href":"https:\/\/www.ksttukku.fi\/kauppa\/wp-json\/wp\/v2\/types\/product"}],"replies":[{"embeddable":true,"href":"https:\/\/www.ksttukku.fi\/kauppa\/wp-json\/wp\/v2\/comments?post=18487"}],"wp:featuredmedia":[{"embeddable":true,"href":"https:\/\/www.ksttukku.fi\/kauppa\/wp-json\/wp\/v2\/media\/18489"}],"wp:attachment":[{"href":"https:\/\/www.ksttukku.fi\/kauppa\/wp-json\/wp\/v2\/media?parent=18487"}],"wp:term":[{"taxonomy":"product_brand","embeddable":true,"href":"https:\/\/www.ksttukku.fi\/kauppa\/wp-json\/wp\/v2\/product_brand?post=18487"},{"taxonomy":"product_cat","embeddable":true,"href":"https:\/\/www.ksttukku.fi\/kauppa\/wp-json\/wp\/v2\/product_cat?post=18487"},{"taxonomy":"product_tag","embeddable":true,"href":"https:\/\/www.ksttukku.fi\/kauppa\/wp-json\/wp\/v2\/product_tag?post=18487"}],"curies":[{"name":"wp","href":"https:\/\/api.w.org\/{rel}","templated":true}]}}