{"id":18491,"date":"2025-09-27T13:19:24","date_gmt":"2025-09-27T10:19:24","guid":{"rendered":"https:\/\/www.ksttukku.fi\/kauppa\/?post_type=product&#038;p=18491"},"modified":"2025-09-27T13:19:24","modified_gmt":"2025-09-27T10:19:24","slug":"antiikkivalkoinen-kynttelikko-5-lamppuinen","status":"publish","type":"product","link":"https:\/\/www.ksttukku.fi\/kauppa\/tuote\/antiikkivalkoinen-kynttelikko-5-lamppuinen\/","title":{"rendered":"Antiikkivalkoinen Kynttelikk\u00f6 5 lamppuinen"},"content":{"rendered":"<p>Maalaisromanttinen 5- haarainen Led-kynttelikk\u00f6<\/p>\n<p>T\u00e4ydellinen luomaan kodikasta ja klassista joulutunnelmaa kotiisi.<\/p>\n<p>Korkeus: 45,5 cm<\/p>\n<p>Leveys: 35 cm<\/p>\n<p>Materiaali: ter\u00e4s\/ muovi<\/p>\n<p>Muuntaja IP20, sis\u00e4k\u00e4ytt\u00f6\u00f6n.<\/p>\n<p>Liit\u00e4nt\u00e4johto katkaisijalla, johdon pituus 2M.&nbsp;<\/p>\n","protected":false},"excerpt":{"rendered":"<p>Maalaisromanttinen 5- haarainen Led-kynttelikk\u00f6 T\u00e4ydellinen luomaan kodikasta ja klassista joulutunnelmaa kotiisi. Korkeus: 45,5 cm Leveys: 35 cm Materiaali: ter\u00e4s\/ muovi Muuntaja IP20, sis\u00e4k\u00e4ytt\u00f6\u00f6n. Liit\u00e4nt\u00e4johto katkaisijalla, johdon pituus 2M.&nbsp;<\/p>\n","protected":false},"featured_media":18492,"comment_status":"closed","ping_status":"closed","template":"","meta":[],"product_brand":[],"product_cat":[176,181],"product_tag":[],"class_list":{"0":"post-18491","1":"product","2":"type-product","3":"status-publish","4":"has-post-thumbnail","6":"product_cat-joulu-ja-koristevalot","7":"product_cat-kynttelikot","9":"first","10":"instock","11":"taxable","12":"shipping-taxable","13":"purchasable","14":"product-type-simple"},"_links":{"self":[{"href":"https:\/\/www.ksttukku.fi\/kauppa\/wp-json\/wp\/v2\/product\/18491","targetHints":{"allow":["GET"]}}],"collection":[{"href":"https:\/\/www.ksttukku.fi\/kauppa\/wp-json\/wp\/v2\/product"}],"about":[{"href":"https:\/\/www.ksttukku.fi\/kauppa\/wp-json\/wp\/v2\/types\/product"}],"replies":[{"embeddable":true,"href":"https:\/\/www.ksttukku.fi\/kauppa\/wp-json\/wp\/v2\/comments?post=18491"}],"wp:featuredmedia":[{"embeddable":true,"href":"https:\/\/www.ksttukku.fi\/kauppa\/wp-json\/wp\/v2\/media\/18492"}],"wp:attachment":[{"href":"https:\/\/www.ksttukku.fi\/kauppa\/wp-json\/wp\/v2\/media?parent=18491"}],"wp:term":[{"taxonomy":"product_brand","embeddable":true,"href":"https:\/\/www.ksttukku.fi\/kauppa\/wp-json\/wp\/v2\/product_brand?post=18491"},{"taxonomy":"product_cat","embeddable":true,"href":"https:\/\/www.ksttukku.fi\/kauppa\/wp-json\/wp\/v2\/product_cat?post=18491"},{"taxonomy":"product_tag","embeddable":true,"href":"https:\/\/www.ksttukku.fi\/kauppa\/wp-json\/wp\/v2\/product_tag?post=18491"}],"curies":[{"name":"wp","href":"https:\/\/api.w.org\/{rel}","templated":true}]}}