{"id":18500,"date":"2025-09-29T16:02:03","date_gmt":"2025-09-29T13:02:03","guid":{"rendered":"https:\/\/www.ksttukku.fi\/kauppa\/?post_type=product&#038;p=18500"},"modified":"2025-09-29T16:02:04","modified_gmt":"2025-09-29T13:02:04","slug":"3d-led-koristelasipallo-lumihiutale-12-cm","status":"publish","type":"product","link":"https:\/\/www.ksttukku.fi\/kauppa\/tuote\/3d-led-koristelasipallo-lumihiutale-12-cm\/","title":{"rendered":"3D LED Koristelasipallo Lumihiutale 12 cm"},"content":{"rendered":"<p>Kaunis koristelasipallo tuo tunnelmallista valoa tilaan kuin tilaan.<\/p>\n<p>Pallon sis\u00e4ll\u00e4 on 10 l\u00e4mmin valkoista LED-valoa, jotka loistavat pehme\u00e4sti ja korostavat pallon pintaan leikattuja lumihiutalekuvioita.<\/p>\n<p>Lasipallo toimii 3 x AA-paristolla (ei sis\u00e4lly pakkauksee)<\/p>\n<p>T\u00e4ydellinen koriste esimerkiksi talvikauteen, juhliin tai tunnelmavaloksi.&nbsp;<\/p>\n<p>Materiaali: lasi, LED, polypropeeni&nbsp;<\/p>\n<p>Halkaisija: 12 cm<\/p>\n","protected":false},"excerpt":{"rendered":"<p>Kaunis koristelasipallo tuo tunnelmallista valoa tilaan kuin tilaan. Pallon sis\u00e4ll\u00e4 on 10 l\u00e4mmin valkoista LED-valoa, jotka loistavat pehme\u00e4sti ja korostavat pallon pintaan leikattuja lumihiutalekuvioita. Lasipallo toimii 3 x AA-paristolla (ei sis\u00e4lly pakkauksee) T\u00e4ydellinen koriste esimerkiksi talvikauteen, juhliin tai tunnelmavaloksi.&nbsp; Materiaali: lasi, LED, polypropeeni&nbsp; Halkaisija: 12 cm<\/p>\n","protected":false},"featured_media":18502,"comment_status":"closed","ping_status":"closed","template":"","meta":[],"product_brand":[],"product_cat":[176,491,199,484,377],"product_tag":[],"class_list":{"0":"post-18500","1":"product","2":"type-product","3":"status-publish","4":"has-post-thumbnail","6":"product_cat-joulu-ja-koristevalot","7":"product_cat-kodin-sisustustuotteet","8":"product_cat-koristevalot","9":"product_cat-lyhdyt","10":"product_cat-sisustus-lahjatavarat","12":"first","13":"instock","14":"taxable","15":"shipping-taxable","16":"purchasable","17":"product-type-simple"},"_links":{"self":[{"href":"https:\/\/www.ksttukku.fi\/kauppa\/wp-json\/wp\/v2\/product\/18500","targetHints":{"allow":["GET"]}}],"collection":[{"href":"https:\/\/www.ksttukku.fi\/kauppa\/wp-json\/wp\/v2\/product"}],"about":[{"href":"https:\/\/www.ksttukku.fi\/kauppa\/wp-json\/wp\/v2\/types\/product"}],"replies":[{"embeddable":true,"href":"https:\/\/www.ksttukku.fi\/kauppa\/wp-json\/wp\/v2\/comments?post=18500"}],"wp:featuredmedia":[{"embeddable":true,"href":"https:\/\/www.ksttukku.fi\/kauppa\/wp-json\/wp\/v2\/media\/18502"}],"wp:attachment":[{"href":"https:\/\/www.ksttukku.fi\/kauppa\/wp-json\/wp\/v2\/media?parent=18500"}],"wp:term":[{"taxonomy":"product_brand","embeddable":true,"href":"https:\/\/www.ksttukku.fi\/kauppa\/wp-json\/wp\/v2\/product_brand?post=18500"},{"taxonomy":"product_cat","embeddable":true,"href":"https:\/\/www.ksttukku.fi\/kauppa\/wp-json\/wp\/v2\/product_cat?post=18500"},{"taxonomy":"product_tag","embeddable":true,"href":"https:\/\/www.ksttukku.fi\/kauppa\/wp-json\/wp\/v2\/product_tag?post=18500"}],"curies":[{"name":"wp","href":"https:\/\/api.w.org\/{rel}","templated":true}]}}