{"id":18517,"date":"2025-10-06T10:27:21","date_gmt":"2025-10-06T07:27:21","guid":{"rendered":"https:\/\/www.ksttukku.fi\/kauppa\/?post_type=product&#038;p=18517"},"modified":"2026-02-07T12:35:14","modified_gmt":"2026-02-07T10:35:14","slug":"led-kattovalaisin-24-w-ip-44-2200lm","status":"publish","type":"product","link":"https:\/\/www.ksttukku.fi\/kauppa\/tuote\/led-kattovalaisin-24-w-ip-44-2200lm\/","title":{"rendered":"Led-kattovalaisin  24 W   IP 44      2200lm"},"content":{"rendered":"<p>Tyylik\u00e4s pinta-asennettava LED-kattovalaisin. K\u00e4yt\u00e4nn\u00f6llinen yleisvalaisin kodin kaikkiin tiloihin, my\u00f6s kosteisiin tiloihin, kuten esimerkiksi kylpyhuoneeseen. Helposti asennettavana ja ulkoasennuksiinkin soveltuvana valaisin on tehokas my\u00f6s pihapiirin eri tarpeisiin. Halkaisija \u00d8 28,8 cm, korkeus 7 cm. Valkoinen muovirunko ja opaalimuovikupu. 230V\/50Hz.<\/p>\n<p>Valaisin on ketjutettavissa.<\/p>\n<p>&nbsp;V\u00e4ril\u00e4mp\u00f6tila: 4000K<\/p>\n<p>Valonjakokulma: 120\u00b0<\/p>\n","protected":false},"excerpt":{"rendered":"<p>Tyylik\u00e4s pinta-asennettava LED-kattovalaisin. K\u00e4yt\u00e4nn\u00f6llinen yleisvalaisin kodin kaikkiin tiloihin, my\u00f6s kosteisiin tiloihin, kuten esimerkiksi kylpyhuoneeseen. Helposti asennettavana ja ulkoasennuksiinkin soveltuvana valaisin on tehokas my\u00f6s pihapiirin eri tarpeisiin. Halkaisija \u00d8 28,8 cm, korkeus 7 cm. Valkoinen muovirunko ja opaalimuovikupu. 230V\/50Hz. Valaisin on ketjutettavissa. &nbsp;V\u00e4ril\u00e4mp\u00f6tila: 4000K Valonjakokulma: 120\u00b0<\/p>\n","protected":false},"featured_media":18519,"comment_status":"closed","ping_status":"closed","template":"","meta":[],"product_brand":[],"product_cat":[40,174,35,36,34],"product_tag":[],"class_list":{"0":"post-18517","1":"product","2":"type-product","3":"status-publish","4":"has-post-thumbnail","6":"product_cat-kattovalaisimet","7":"product_cat-riippuvalaisimet-ulkovalaisimet","8":"product_cat-sisavalaisimet","9":"product_cat-ulkovalaisimet","10":"product_cat-valaisimet","12":"first","13":"instock","14":"taxable","15":"shipping-taxable","16":"purchasable","17":"product-type-simple"},"_links":{"self":[{"href":"https:\/\/www.ksttukku.fi\/kauppa\/wp-json\/wp\/v2\/product\/18517","targetHints":{"allow":["GET"]}}],"collection":[{"href":"https:\/\/www.ksttukku.fi\/kauppa\/wp-json\/wp\/v2\/product"}],"about":[{"href":"https:\/\/www.ksttukku.fi\/kauppa\/wp-json\/wp\/v2\/types\/product"}],"replies":[{"embeddable":true,"href":"https:\/\/www.ksttukku.fi\/kauppa\/wp-json\/wp\/v2\/comments?post=18517"}],"wp:featuredmedia":[{"embeddable":true,"href":"https:\/\/www.ksttukku.fi\/kauppa\/wp-json\/wp\/v2\/media\/18519"}],"wp:attachment":[{"href":"https:\/\/www.ksttukku.fi\/kauppa\/wp-json\/wp\/v2\/media?parent=18517"}],"wp:term":[{"taxonomy":"product_brand","embeddable":true,"href":"https:\/\/www.ksttukku.fi\/kauppa\/wp-json\/wp\/v2\/product_brand?post=18517"},{"taxonomy":"product_cat","embeddable":true,"href":"https:\/\/www.ksttukku.fi\/kauppa\/wp-json\/wp\/v2\/product_cat?post=18517"},{"taxonomy":"product_tag","embeddable":true,"href":"https:\/\/www.ksttukku.fi\/kauppa\/wp-json\/wp\/v2\/product_tag?post=18517"}],"curies":[{"name":"wp","href":"https:\/\/api.w.org\/{rel}","templated":true}]}}