{"id":18521,"date":"2025-10-07T17:26:20","date_gmt":"2025-10-07T14:26:20","guid":{"rendered":"https:\/\/www.ksttukku.fi\/kauppa\/?post_type=product&#038;p=18521"},"modified":"2025-10-07T17:26:20","modified_gmt":"2025-10-07T14:26:20","slug":"globo-kyler-ladattava-poytavalaisin-ip-44-valkoinen","status":"publish","type":"product","link":"https:\/\/www.ksttukku.fi\/kauppa\/tuote\/globo-kyler-ladattava-poytavalaisin-ip-44-valkoinen\/","title":{"rendered":"Globo Kyler ladattava p\u00f6yt\u00e4valaisin IP 44 valkoinen"},"content":{"rendered":"<p>Globo Kyler ladattava p\u00f6yt\u00e4valaisin, hipaisukytkin valaisimessa<\/p>\n<p>Valon v\u00e4ril\u00e4mp\u00f6tilans\u00e4\u00e4t\u00f6 (1800-2700-3000K)<\/p>\n<p>Himmennystoiminto ( 40-260lm)<\/p>\n<p>Muistitoiminto valaisimessa<\/p>\n<p>K\u00e4ytt\u00f6aika&nbsp; 6 &#8211; 8 h<\/p>\n<p>USB-kaapeli pakkauksen mukana<\/p>\n<p>V\u00e4ri: valkoinen<\/p>\n<p>Materiaali: metalli<\/p>\n","protected":false},"excerpt":{"rendered":"<p>Globo Kyler ladattava p\u00f6yt\u00e4valaisin, hipaisukytkin valaisimessa Valon v\u00e4ril\u00e4mp\u00f6tilans\u00e4\u00e4t\u00f6 (1800-2700-3000K) Himmennystoiminto ( 40-260lm) Muistitoiminto valaisimessa K\u00e4ytt\u00f6aika&nbsp; 6 &#8211; 8 h USB-kaapeli pakkauksen mukana V\u00e4ri: valkoinen Materiaali: metalli<\/p>\n","protected":false},"featured_media":18523,"comment_status":"closed","ping_status":"closed","template":"","meta":[],"product_brand":[],"product_cat":[44,35,59,36,34],"product_tag":[],"class_list":{"0":"post-18521","1":"product","2":"type-product","3":"status-publish","4":"has-post-thumbnail","6":"product_cat-poytavalaisimet","7":"product_cat-sisavalaisimet","8":"product_cat-terassivalaisimet","9":"product_cat-ulkovalaisimet","10":"product_cat-valaisimet","12":"first","13":"instock","14":"taxable","15":"shipping-taxable","16":"purchasable","17":"product-type-simple"},"_links":{"self":[{"href":"https:\/\/www.ksttukku.fi\/kauppa\/wp-json\/wp\/v2\/product\/18521","targetHints":{"allow":["GET"]}}],"collection":[{"href":"https:\/\/www.ksttukku.fi\/kauppa\/wp-json\/wp\/v2\/product"}],"about":[{"href":"https:\/\/www.ksttukku.fi\/kauppa\/wp-json\/wp\/v2\/types\/product"}],"replies":[{"embeddable":true,"href":"https:\/\/www.ksttukku.fi\/kauppa\/wp-json\/wp\/v2\/comments?post=18521"}],"wp:featuredmedia":[{"embeddable":true,"href":"https:\/\/www.ksttukku.fi\/kauppa\/wp-json\/wp\/v2\/media\/18523"}],"wp:attachment":[{"href":"https:\/\/www.ksttukku.fi\/kauppa\/wp-json\/wp\/v2\/media?parent=18521"}],"wp:term":[{"taxonomy":"product_brand","embeddable":true,"href":"https:\/\/www.ksttukku.fi\/kauppa\/wp-json\/wp\/v2\/product_brand?post=18521"},{"taxonomy":"product_cat","embeddable":true,"href":"https:\/\/www.ksttukku.fi\/kauppa\/wp-json\/wp\/v2\/product_cat?post=18521"},{"taxonomy":"product_tag","embeddable":true,"href":"https:\/\/www.ksttukku.fi\/kauppa\/wp-json\/wp\/v2\/product_tag?post=18521"}],"curies":[{"name":"wp","href":"https:\/\/api.w.org\/{rel}","templated":true}]}}