{"id":18527,"date":"2025-10-09T14:41:21","date_gmt":"2025-10-09T11:41:21","guid":{"rendered":"https:\/\/www.ksttukku.fi\/kauppa\/?post_type=product&#038;p=18527"},"modified":"2025-10-09T15:05:11","modified_gmt":"2025-10-09T12:05:11","slug":"valosarja-usb-5-metria-100-microled-kauko-ohjattava","status":"publish","type":"product","link":"https:\/\/www.ksttukku.fi\/kauppa\/tuote\/valosarja-usb-5-metria-100-microled-kauko-ohjattava\/","title":{"rendered":"Valosarja USB  5 metri\u00e4 100 microLED   kauko-ohjattava"},"content":{"rendered":"<p>Upea USB-k\u00e4ytt\u00f6inen valoketju, jossa on 100 kpl SMD-ledi\u00e4 ja 16 v\u00e4ri\u00e4, joista voi kauko-ohjaimella muodostaa useita erilaisia v\u00e4riyhdistelmi\u00e4 aina tunnelman mukaan. Helppo k\u00e4ytt\u00e4\u00e4 esim. varavirtal\u00e4hteess\u00e4, jolloin toiminta-aika on hyvin pitk\u00e4. Ledit 5 cm:n v\u00e4lein, pituus 5 m. Paristo 1 x CR2025 3V (sis\u00e4ltyy pakkaukseen).&nbsp;<\/p>\n","protected":false},"excerpt":{"rendered":"<p>Upea USB-k\u00e4ytt\u00f6inen valoketju, jossa on 100 kpl SMD-ledi\u00e4 ja 16 v\u00e4ri\u00e4, joista voi kauko-ohjaimella muodostaa useita erilaisia v\u00e4riyhdistelmi\u00e4 aina tunnelman mukaan. Helppo k\u00e4ytt\u00e4\u00e4 esim. varavirtal\u00e4hteess\u00e4, jolloin toiminta-aika on hyvin pitk\u00e4. Ledit 5 cm:n v\u00e4lein, pituus 5 m. Paristo 1 x CR2025 3V (sis\u00e4ltyy pakkaukseen).&nbsp;<\/p>\n","protected":false},"featured_media":18530,"comment_status":"closed","ping_status":"closed","template":"","meta":[],"product_brand":[],"product_cat":[176,199,177],"product_tag":[],"class_list":{"0":"post-18527","1":"product","2":"type-product","3":"status-publish","4":"has-post-thumbnail","6":"product_cat-joulu-ja-koristevalot","7":"product_cat-koristevalot","8":"product_cat-valosarjat","10":"first","11":"instock","12":"taxable","13":"shipping-taxable","14":"purchasable","15":"product-type-simple"},"_links":{"self":[{"href":"https:\/\/www.ksttukku.fi\/kauppa\/wp-json\/wp\/v2\/product\/18527","targetHints":{"allow":["GET"]}}],"collection":[{"href":"https:\/\/www.ksttukku.fi\/kauppa\/wp-json\/wp\/v2\/product"}],"about":[{"href":"https:\/\/www.ksttukku.fi\/kauppa\/wp-json\/wp\/v2\/types\/product"}],"replies":[{"embeddable":true,"href":"https:\/\/www.ksttukku.fi\/kauppa\/wp-json\/wp\/v2\/comments?post=18527"}],"wp:featuredmedia":[{"embeddable":true,"href":"https:\/\/www.ksttukku.fi\/kauppa\/wp-json\/wp\/v2\/media\/18530"}],"wp:attachment":[{"href":"https:\/\/www.ksttukku.fi\/kauppa\/wp-json\/wp\/v2\/media?parent=18527"}],"wp:term":[{"taxonomy":"product_brand","embeddable":true,"href":"https:\/\/www.ksttukku.fi\/kauppa\/wp-json\/wp\/v2\/product_brand?post=18527"},{"taxonomy":"product_cat","embeddable":true,"href":"https:\/\/www.ksttukku.fi\/kauppa\/wp-json\/wp\/v2\/product_cat?post=18527"},{"taxonomy":"product_tag","embeddable":true,"href":"https:\/\/www.ksttukku.fi\/kauppa\/wp-json\/wp\/v2\/product_tag?post=18527"}],"curies":[{"name":"wp","href":"https:\/\/api.w.org\/{rel}","templated":true}]}}