{"id":18532,"date":"2025-10-09T16:49:28","date_gmt":"2025-10-09T13:49:28","guid":{"rendered":"https:\/\/www.ksttukku.fi\/kauppa\/?post_type=product&#038;p=18532"},"modified":"2025-10-09T17:01:48","modified_gmt":"2025-10-09T14:01:48","slug":"led-nauha-5-m-3000k-kosteaan-tilaan-ip65-ip44","status":"publish","type":"product","link":"https:\/\/www.ksttukku.fi\/kauppa\/tuote\/led-nauha-5-m-3000k-kosteaan-tilaan-ip65-ip44\/","title":{"rendered":"LED-nauha 5 m 3000K kosteaan tilaan IP65\/IP44"},"content":{"rendered":"<p>IP65\/IP44 LED-nauha sopii kosteisiin tiloihin sek\u00e4 ulkok\u00e4ytt\u00f6\u00f6n esimerkiksi terassille, tuomaan yleisvaloa tai korostamaan tilan yksityiskohtia.<\/p>\n<p>Asennus on helppoa mukana tulevilla kiinnikkeill\u00e4<\/p>\n<p>Valonauhan pituus 5 m 300 LED 3000K l\u00e4mmin valkoinen s\u00e4vy,<\/p>\n<p>20W 1000 lumen,<\/p>\n<p>adapterijohdon pituus 2 m. 20 kpl kiinnikkeit\u00e4 kiinnityst\u00e4 varten.<\/p>\n<p>IP65 kostean tilan k\u00e4ytt\u00f6\u00f6n. Sis\u00e4lt\u00e4\u00e4 230 V 50 Hz 12V DC adapterin IP44.&nbsp;<\/p>\n","protected":false},"excerpt":{"rendered":"<p>IP65\/IP44 LED-nauha sopii kosteisiin tiloihin sek\u00e4 ulkok\u00e4ytt\u00f6\u00f6n esimerkiksi terassille, tuomaan yleisvaloa tai korostamaan tilan yksityiskohtia. Asennus on helppoa mukana tulevilla kiinnikkeill\u00e4 Valonauhan pituus 5 m 300 LED 3000K l\u00e4mmin valkoinen s\u00e4vy, 20W 1000 lumen, adapterijohdon pituus 2 m. 20 kpl kiinnikkeit\u00e4 kiinnityst\u00e4 varten. IP65 kostean tilan k\u00e4ytt\u00f6\u00f6n. Sis\u00e4lt\u00e4\u00e4 230 V 50 Hz 12V DC adapterin [&hellip;]<\/p>\n","protected":false},"featured_media":18533,"comment_status":"closed","ping_status":"closed","template":"","meta":[],"product_brand":[],"product_cat":[539,35,34,45],"product_tag":[],"class_list":{"0":"post-18532","1":"product","2":"type-product","3":"status-publish","4":"has-post-thumbnail","6":"product_cat-poistotori","7":"product_cat-sisavalaisimet","8":"product_cat-valaisimet","9":"product_cat-valonauhat","11":"first","12":"instock","13":"sale","14":"taxable","15":"shipping-taxable","16":"purchasable","17":"product-type-simple"},"_links":{"self":[{"href":"https:\/\/www.ksttukku.fi\/kauppa\/wp-json\/wp\/v2\/product\/18532","targetHints":{"allow":["GET"]}}],"collection":[{"href":"https:\/\/www.ksttukku.fi\/kauppa\/wp-json\/wp\/v2\/product"}],"about":[{"href":"https:\/\/www.ksttukku.fi\/kauppa\/wp-json\/wp\/v2\/types\/product"}],"replies":[{"embeddable":true,"href":"https:\/\/www.ksttukku.fi\/kauppa\/wp-json\/wp\/v2\/comments?post=18532"}],"wp:featuredmedia":[{"embeddable":true,"href":"https:\/\/www.ksttukku.fi\/kauppa\/wp-json\/wp\/v2\/media\/18533"}],"wp:attachment":[{"href":"https:\/\/www.ksttukku.fi\/kauppa\/wp-json\/wp\/v2\/media?parent=18532"}],"wp:term":[{"taxonomy":"product_brand","embeddable":true,"href":"https:\/\/www.ksttukku.fi\/kauppa\/wp-json\/wp\/v2\/product_brand?post=18532"},{"taxonomy":"product_cat","embeddable":true,"href":"https:\/\/www.ksttukku.fi\/kauppa\/wp-json\/wp\/v2\/product_cat?post=18532"},{"taxonomy":"product_tag","embeddable":true,"href":"https:\/\/www.ksttukku.fi\/kauppa\/wp-json\/wp\/v2\/product_tag?post=18532"}],"curies":[{"name":"wp","href":"https:\/\/api.w.org\/{rel}","templated":true}]}}