{"id":18540,"date":"2025-10-09T17:30:38","date_gmt":"2025-10-09T14:30:38","guid":{"rendered":"https:\/\/www.ksttukku.fi\/kauppa\/?post_type=product&#038;p=18540"},"modified":"2025-10-09T17:30:38","modified_gmt":"2025-10-09T14:30:38","slug":"valoketju-kierre-filament-kirkas-10led","status":"publish","type":"product","link":"https:\/\/www.ksttukku.fi\/kauppa\/tuote\/valoketju-kierre-filament-kirkas-10led\/","title":{"rendered":"Valoketju kierre Filament kirkas 10LED"},"content":{"rendered":"<p>Valoketjuilla voit muuttaa mink\u00e4 tahansa tilan kutsuvaksi keitaaksi. Ihanteellinen tunnelmavalaistus terasseille, parvekkeille ja puutarhaan, h\u00e4ihin ja muihin juhliin<\/p>\n<p>Valoketjun kauniit filamenttilamput hehkuvat l\u00e4mmint\u00e4 valoa ja lis\u00e4\u00e4v\u00e4t hienostunutta ja intiimi\u00e4 tunnelmaa.<\/p>\n<p>&nbsp;Valoaiheen pituus 4,5 m + johto 3,6m<\/p>\n<p>10 kpl l\u00e4pin\u00e4kyv\u00e4 l\u00e4mminvalkoinen filament LED-lamppu. A60 iso kupu.<\/p>\n<p>Lamppujen v\u00e4li 50 cm. Liit\u00e4nt\u00e4johto 3,6 m.<\/p>\n<p>Heikkovirta. Muuntaja 36V 6W, IP44.<\/p>\n<p>Sarjan lamput ovat vaihdettavissa. Valosarjaa voi jatkaa, enint\u00e4\u00e4n kaksi sarjaa yhteen.<\/p>\n<p>Soveltuu sis\u00e4- ja ulkok\u00e4ytt\u00f6\u00f6n.&nbsp;<\/p>\n","protected":false},"excerpt":{"rendered":"<p>Valoketjuilla voit muuttaa mink\u00e4 tahansa tilan kutsuvaksi keitaaksi. Ihanteellinen tunnelmavalaistus terasseille, parvekkeille ja puutarhaan, h\u00e4ihin ja muihin juhliin Valoketjun kauniit filamenttilamput hehkuvat l\u00e4mmint\u00e4 valoa ja lis\u00e4\u00e4v\u00e4t hienostunutta ja intiimi\u00e4 tunnelmaa. &nbsp;Valoaiheen pituus 4,5 m + johto 3,6m 10 kpl l\u00e4pin\u00e4kyv\u00e4 l\u00e4mminvalkoinen filament LED-lamppu. A60 iso kupu. Lamppujen v\u00e4li 50 cm. Liit\u00e4nt\u00e4johto 3,6 m. Heikkovirta. Muuntaja [&hellip;]<\/p>\n","protected":false},"featured_media":18542,"comment_status":"closed","ping_status":"closed","template":"","meta":[],"product_brand":[],"product_cat":[176,59,36,34,177],"product_tag":[],"class_list":{"0":"post-18540","1":"product","2":"type-product","3":"status-publish","4":"has-post-thumbnail","6":"product_cat-joulu-ja-koristevalot","7":"product_cat-terassivalaisimet","8":"product_cat-ulkovalaisimet","9":"product_cat-valaisimet","10":"product_cat-valosarjat","12":"first","13":"instock","14":"taxable","15":"shipping-taxable","16":"purchasable","17":"product-type-simple"},"_links":{"self":[{"href":"https:\/\/www.ksttukku.fi\/kauppa\/wp-json\/wp\/v2\/product\/18540","targetHints":{"allow":["GET"]}}],"collection":[{"href":"https:\/\/www.ksttukku.fi\/kauppa\/wp-json\/wp\/v2\/product"}],"about":[{"href":"https:\/\/www.ksttukku.fi\/kauppa\/wp-json\/wp\/v2\/types\/product"}],"replies":[{"embeddable":true,"href":"https:\/\/www.ksttukku.fi\/kauppa\/wp-json\/wp\/v2\/comments?post=18540"}],"wp:featuredmedia":[{"embeddable":true,"href":"https:\/\/www.ksttukku.fi\/kauppa\/wp-json\/wp\/v2\/media\/18542"}],"wp:attachment":[{"href":"https:\/\/www.ksttukku.fi\/kauppa\/wp-json\/wp\/v2\/media?parent=18540"}],"wp:term":[{"taxonomy":"product_brand","embeddable":true,"href":"https:\/\/www.ksttukku.fi\/kauppa\/wp-json\/wp\/v2\/product_brand?post=18540"},{"taxonomy":"product_cat","embeddable":true,"href":"https:\/\/www.ksttukku.fi\/kauppa\/wp-json\/wp\/v2\/product_cat?post=18540"},{"taxonomy":"product_tag","embeddable":true,"href":"https:\/\/www.ksttukku.fi\/kauppa\/wp-json\/wp\/v2\/product_tag?post=18540"}],"curies":[{"name":"wp","href":"https:\/\/api.w.org\/{rel}","templated":true}]}}