{"id":18584,"date":"2025-11-05T17:09:05","date_gmt":"2025-11-05T15:09:05","guid":{"rendered":"https:\/\/www.ksttukku.fi\/kauppa\/?post_type=product&#038;p=18584"},"modified":"2025-11-05T17:09:06","modified_gmt":"2025-11-05T15:09:06","slug":"akryyli-joutsen-80led","status":"publish","type":"product","link":"https:\/\/www.ksttukku.fi\/kauppa\/tuote\/akryyli-joutsen-80led\/","title":{"rendered":"Akryyli Joutsen  80LED"},"content":{"rendered":"<p>LED Joutsen valkoinen&nbsp;<\/p>\n<p>Sis\u00e4- ja ulkok\u00e4ytt\u00f6\u00f6n.&nbsp;<\/p>\n<p>Liit\u00e4nt\u00e4johto 5 m.<\/p>\n<p>Muuntaja IP44.&nbsp;<\/p>\n<p>Leveys: 34 cm<\/p>\n<p>Korkeus: 39 cm<\/p>\n","protected":false},"excerpt":{"rendered":"<p>LED Joutsen valkoinen&nbsp; Sis\u00e4- ja ulkok\u00e4ytt\u00f6\u00f6n.&nbsp; Liit\u00e4nt\u00e4johto 5 m. Muuntaja IP44.&nbsp; Leveys: 34 cm Korkeus: 39 cm<\/p>\n","protected":false},"featured_media":18586,"comment_status":"closed","ping_status":"closed","template":"","meta":[],"product_brand":[],"product_cat":[179,176,199],"product_tag":[],"class_list":{"0":"post-18584","1":"product","2":"type-product","3":"status-publish","4":"has-post-thumbnail","6":"product_cat-akryylivalaisimet","7":"product_cat-joulu-ja-koristevalot","8":"product_cat-koristevalot","10":"first","11":"instock","12":"taxable","13":"shipping-taxable","14":"purchasable","15":"product-type-simple"},"_links":{"self":[{"href":"https:\/\/www.ksttukku.fi\/kauppa\/wp-json\/wp\/v2\/product\/18584","targetHints":{"allow":["GET"]}}],"collection":[{"href":"https:\/\/www.ksttukku.fi\/kauppa\/wp-json\/wp\/v2\/product"}],"about":[{"href":"https:\/\/www.ksttukku.fi\/kauppa\/wp-json\/wp\/v2\/types\/product"}],"replies":[{"embeddable":true,"href":"https:\/\/www.ksttukku.fi\/kauppa\/wp-json\/wp\/v2\/comments?post=18584"}],"wp:featuredmedia":[{"embeddable":true,"href":"https:\/\/www.ksttukku.fi\/kauppa\/wp-json\/wp\/v2\/media\/18586"}],"wp:attachment":[{"href":"https:\/\/www.ksttukku.fi\/kauppa\/wp-json\/wp\/v2\/media?parent=18584"}],"wp:term":[{"taxonomy":"product_brand","embeddable":true,"href":"https:\/\/www.ksttukku.fi\/kauppa\/wp-json\/wp\/v2\/product_brand?post=18584"},{"taxonomy":"product_cat","embeddable":true,"href":"https:\/\/www.ksttukku.fi\/kauppa\/wp-json\/wp\/v2\/product_cat?post=18584"},{"taxonomy":"product_tag","embeddable":true,"href":"https:\/\/www.ksttukku.fi\/kauppa\/wp-json\/wp\/v2\/product_tag?post=18584"}],"curies":[{"name":"wp","href":"https:\/\/api.w.org\/{rel}","templated":true}]}}