{"id":18595,"date":"2025-11-06T14:23:36","date_gmt":"2025-11-06T12:23:36","guid":{"rendered":"https:\/\/www.ksttukku.fi\/kauppa\/?post_type=product&#038;p=18595"},"modified":"2025-11-06T14:23:37","modified_gmt":"2025-11-06T12:23:37","slug":"kuviollinen-paperitahti-60-cm","status":"publish","type":"product","link":"https:\/\/www.ksttukku.fi\/kauppa\/tuote\/kuviollinen-paperitahti-60-cm\/","title":{"rendered":"Kuviollinen paperit\u00e4hti 60 cm"},"content":{"rendered":"<p>Jouluista tunnelmaa kauniilla 7-sakaraisella paperit\u00e4hdell\u00e4.<\/p>\n<p>Paperit\u00e4hti lilans\u00e4vyisell\u00e4 kuvioinnilla<\/p>\n<p>Halkaisija: 60 cm<\/p>\n<p>Johdossa v\u00e4likytkin, pituus 5 m<\/p>\n<p>Kanta: E 14<\/p>\n","protected":false},"excerpt":{"rendered":"<p>Jouluista tunnelmaa kauniilla 7-sakaraisella paperit\u00e4hdell\u00e4. Paperit\u00e4hti lilans\u00e4vyisell\u00e4 kuvioinnilla Halkaisija: 60 cm Johdossa v\u00e4likytkin, pituus 5 m Kanta: E 14<\/p>\n","protected":false},"featured_media":18596,"comment_status":"closed","ping_status":"closed","template":"","meta":[],"product_brand":[],"product_cat":[176,491,198,377],"product_tag":[],"class_list":{"0":"post-18595","1":"product","2":"type-product","3":"status-publish","4":"has-post-thumbnail","6":"product_cat-joulu-ja-koristevalot","7":"product_cat-kodin-sisustustuotteet","8":"product_cat-paperitahdet","9":"product_cat-sisustus-lahjatavarat","11":"first","12":"instock","13":"taxable","14":"shipping-taxable","15":"purchasable","16":"product-type-simple"},"_links":{"self":[{"href":"https:\/\/www.ksttukku.fi\/kauppa\/wp-json\/wp\/v2\/product\/18595","targetHints":{"allow":["GET"]}}],"collection":[{"href":"https:\/\/www.ksttukku.fi\/kauppa\/wp-json\/wp\/v2\/product"}],"about":[{"href":"https:\/\/www.ksttukku.fi\/kauppa\/wp-json\/wp\/v2\/types\/product"}],"replies":[{"embeddable":true,"href":"https:\/\/www.ksttukku.fi\/kauppa\/wp-json\/wp\/v2\/comments?post=18595"}],"wp:featuredmedia":[{"embeddable":true,"href":"https:\/\/www.ksttukku.fi\/kauppa\/wp-json\/wp\/v2\/media\/18596"}],"wp:attachment":[{"href":"https:\/\/www.ksttukku.fi\/kauppa\/wp-json\/wp\/v2\/media?parent=18595"}],"wp:term":[{"taxonomy":"product_brand","embeddable":true,"href":"https:\/\/www.ksttukku.fi\/kauppa\/wp-json\/wp\/v2\/product_brand?post=18595"},{"taxonomy":"product_cat","embeddable":true,"href":"https:\/\/www.ksttukku.fi\/kauppa\/wp-json\/wp\/v2\/product_cat?post=18595"},{"taxonomy":"product_tag","embeddable":true,"href":"https:\/\/www.ksttukku.fi\/kauppa\/wp-json\/wp\/v2\/product_tag?post=18595"}],"curies":[{"name":"wp","href":"https:\/\/api.w.org\/{rel}","templated":true}]}}