{"id":18599,"date":"2025-11-06T15:25:48","date_gmt":"2025-11-06T13:25:48","guid":{"rendered":"https:\/\/www.ksttukku.fi\/kauppa\/?post_type=product&#038;p=18599"},"modified":"2025-11-06T15:25:48","modified_gmt":"2025-11-06T13:25:48","slug":"seinavinyyli-evora-500x900mm-kiiltava-marmori-5kpl-225m2","status":"publish","type":"product","link":"https:\/\/www.ksttukku.fi\/kauppa\/tuote\/seinavinyyli-evora-500x900mm-kiiltava-marmori-5kpl-225m2\/","title":{"rendered":"Sein\u00e4vinyyli Evora 500x900mm  kiilt\u00e4v\u00e4 marmori 5kpl\/2,25m2"},"content":{"rendered":"<p>Ymp\u00e4ripontattu kosteuden kest\u00e4v\u00e4 sein\u00e4vinyylilevy 50 x 90 cm. Myyd\u00e4\u00e4n t\u00e4ysin pakkauksin 5 kpl\/paketti.<\/p>\n<p>Ymp\u00e4ripontattu kosteuden kest\u00e4v\u00e4 sein\u00e4vinyyli.<\/p>\n<p>Kiilt\u00e4v\u00e4 marmori<\/p>\n<p>Sein\u00e4vinyylin koko on 50 x 90 cm, vahvuus 5 mm. K\u00e4ytett\u00e4ess\u00e4 50 cm korkeassa v\u00e4litilassa leikataan pitk\u00e4lt\u00e4 sivulta leve\u00e4 pontti pois.<\/p>\n<p>Myyd\u00e4\u00e4n t\u00e4ysin pakkauksin 5 kpl\/paketti. Paketissa 2,25 m\u00b2 (= 4,5 metri\u00e4 50 cm korkeaa v\u00e4litilaa).<\/p>\n<p>Vinyyli voidaan kiinnitt\u00e4\u00e4 l\u00e4hes kaikilla yleisimmill\u00e4 kiinnitysmassoilla.<\/p>\n","protected":false},"excerpt":{"rendered":"<p>Ymp\u00e4ripontattu kosteuden kest\u00e4v\u00e4 sein\u00e4vinyylilevy 50 x 90 cm. Myyd\u00e4\u00e4n t\u00e4ysin pakkauksin 5 kpl\/paketti. Ymp\u00e4ripontattu kosteuden kest\u00e4v\u00e4 sein\u00e4vinyyli. Kiilt\u00e4v\u00e4 marmori Sein\u00e4vinyylin koko on 50 x 90 cm, vahvuus 5 mm. K\u00e4ytett\u00e4ess\u00e4 50 cm korkeassa v\u00e4litilassa leikataan pitk\u00e4lt\u00e4 sivulta leve\u00e4 pontti pois. Myyd\u00e4\u00e4n t\u00e4ysin pakkauksin 5 kpl\/paketti. Paketissa 2,25 m\u00b2 (= 4,5 metri\u00e4 50 cm korkeaa v\u00e4litilaa). [&hellip;]<\/p>\n","protected":false},"featured_media":18600,"comment_status":"closed","ping_status":"closed","template":"","meta":[],"product_brand":[],"product_cat":[357,245],"product_tag":[],"class_list":{"0":"post-18599","1":"product","2":"type-product","3":"status-publish","4":"has-post-thumbnail","6":"product_cat-seinavinyylilevyt","7":"product_cat-sisustuslevyt","9":"first","10":"instock","11":"taxable","12":"shipping-taxable","13":"purchasable","14":"product-type-simple"},"_links":{"self":[{"href":"https:\/\/www.ksttukku.fi\/kauppa\/wp-json\/wp\/v2\/product\/18599","targetHints":{"allow":["GET"]}}],"collection":[{"href":"https:\/\/www.ksttukku.fi\/kauppa\/wp-json\/wp\/v2\/product"}],"about":[{"href":"https:\/\/www.ksttukku.fi\/kauppa\/wp-json\/wp\/v2\/types\/product"}],"replies":[{"embeddable":true,"href":"https:\/\/www.ksttukku.fi\/kauppa\/wp-json\/wp\/v2\/comments?post=18599"}],"wp:featuredmedia":[{"embeddable":true,"href":"https:\/\/www.ksttukku.fi\/kauppa\/wp-json\/wp\/v2\/media\/18600"}],"wp:attachment":[{"href":"https:\/\/www.ksttukku.fi\/kauppa\/wp-json\/wp\/v2\/media?parent=18599"}],"wp:term":[{"taxonomy":"product_brand","embeddable":true,"href":"https:\/\/www.ksttukku.fi\/kauppa\/wp-json\/wp\/v2\/product_brand?post=18599"},{"taxonomy":"product_cat","embeddable":true,"href":"https:\/\/www.ksttukku.fi\/kauppa\/wp-json\/wp\/v2\/product_cat?post=18599"},{"taxonomy":"product_tag","embeddable":true,"href":"https:\/\/www.ksttukku.fi\/kauppa\/wp-json\/wp\/v2\/product_tag?post=18599"}],"curies":[{"name":"wp","href":"https:\/\/api.w.org\/{rel}","templated":true}]}}