{"id":18603,"date":"2025-11-06T17:49:26","date_gmt":"2025-11-06T15:49:26","guid":{"rendered":"https:\/\/www.ksttukku.fi\/kauppa\/?post_type=product&#038;p=18603"},"modified":"2025-11-06T17:53:52","modified_gmt":"2025-11-06T15:53:52","slug":"akryyli-hirvi-65-cm","status":"publish","type":"product","link":"https:\/\/www.ksttukku.fi\/kauppa\/tuote\/akryyli-hirvi-65-cm\/","title":{"rendered":"Akryyli Hirvi 65 X 70 cm"},"content":{"rendered":"<p>Valohirvi tuo valoa ja tunnelmaa piha-alueellesi.<br \/>\nLeveys: 70 cm<br \/>\nKorkeus: 65 cm<\/p>\n<p>136 valkoista ledi\u00e4.&nbsp;<\/p>\n<p>Liitosjohto 5 m muuntajalla.<\/p>\n<p>Sis\u00e4- ja ulkok\u00e4ytt\u00f6\u00f6n.<\/p>\n","protected":false},"excerpt":{"rendered":"<p>Valohirvi tuo valoa ja tunnelmaa piha-alueellesi. Leveys: 70 cm Korkeus: 65 cm 136 valkoista ledi\u00e4.&nbsp; Liitosjohto 5 m muuntajalla. Sis\u00e4- ja ulkok\u00e4ytt\u00f6\u00f6n.<\/p>\n","protected":false},"featured_media":18604,"comment_status":"closed","ping_status":"closed","template":"","meta":[],"product_brand":[],"product_cat":[179,176],"product_tag":[],"class_list":{"0":"post-18603","1":"product","2":"type-product","3":"status-publish","4":"has-post-thumbnail","6":"product_cat-akryylivalaisimet","7":"product_cat-joulu-ja-koristevalot","9":"first","10":"instock","11":"taxable","12":"shipping-taxable","13":"purchasable","14":"product-type-simple"},"_links":{"self":[{"href":"https:\/\/www.ksttukku.fi\/kauppa\/wp-json\/wp\/v2\/product\/18603","targetHints":{"allow":["GET"]}}],"collection":[{"href":"https:\/\/www.ksttukku.fi\/kauppa\/wp-json\/wp\/v2\/product"}],"about":[{"href":"https:\/\/www.ksttukku.fi\/kauppa\/wp-json\/wp\/v2\/types\/product"}],"replies":[{"embeddable":true,"href":"https:\/\/www.ksttukku.fi\/kauppa\/wp-json\/wp\/v2\/comments?post=18603"}],"wp:featuredmedia":[{"embeddable":true,"href":"https:\/\/www.ksttukku.fi\/kauppa\/wp-json\/wp\/v2\/media\/18604"}],"wp:attachment":[{"href":"https:\/\/www.ksttukku.fi\/kauppa\/wp-json\/wp\/v2\/media?parent=18603"}],"wp:term":[{"taxonomy":"product_brand","embeddable":true,"href":"https:\/\/www.ksttukku.fi\/kauppa\/wp-json\/wp\/v2\/product_brand?post=18603"},{"taxonomy":"product_cat","embeddable":true,"href":"https:\/\/www.ksttukku.fi\/kauppa\/wp-json\/wp\/v2\/product_cat?post=18603"},{"taxonomy":"product_tag","embeddable":true,"href":"https:\/\/www.ksttukku.fi\/kauppa\/wp-json\/wp\/v2\/product_tag?post=18603"}],"curies":[{"name":"wp","href":"https:\/\/api.w.org\/{rel}","templated":true}]}}