{"id":18624,"date":"2025-11-12T17:48:53","date_gmt":"2025-11-12T15:48:53","guid":{"rendered":"https:\/\/www.ksttukku.fi\/kauppa\/?post_type=product&#038;p=18624"},"modified":"2025-11-13T09:54:23","modified_gmt":"2025-11-13T07:54:23","slug":"saunaan-nauhavalosetti-125-musta-25m-2700k-10w-m-24-v-ip-44","status":"publish","type":"product","link":"https:\/\/www.ksttukku.fi\/kauppa\/tuote\/saunaan-nauhavalosetti-125-musta-25m-2700k-10w-m-24-v-ip-44\/","title":{"rendered":"Saunaan nauhavalosetti 125 musta 2,5m 2700K 10W\/m  \/ 24 V  IP 44"},"content":{"rendered":"<p>LED-valonauhasetti, pituudeltaan 2,5 metri\u00e4, tarjoaa tunnelmallisen valaistuksen saunaan. Valoteho on 200 lumenia, v\u00e4ril\u00e4mp\u00f6tila 2700 K<\/p>\n<p>. COB-teknologian ansiosta nauha on t\u00e4ysin pisteet\u00f6n ja valaistus on tasainen ilman h\u00e4ik\u00e4isy\u00e4.<\/p>\n<p>Nauha kest\u00e4\u00e4 jopa 125 \u00b0C l\u00e4mp\u00f6tilan ja sen IP65-suojausluokitus tekee siit\u00e4 erinomaisen valinnan kosteisiin tiloihin.<\/p>\n<p>Mukana toimitettava IP44-liit\u00e4nt\u00e4laite on himmennett\u00e4v\u00e4, joten valon voimakkuutta voi s\u00e4\u00e4t\u00e4\u00e4 tarpeen mukaan.<\/p>\n<p>&nbsp;Nauhan katkaisuv\u00e4li on vapaa, mik\u00e4 helpottaa sen muokkaamista omaan tilaan sopivaksi.<\/p>\n<p>Settiin sis\u00e4ltyy 2,5 metrin LED-valonauhan lis\u00e4ksi 3 metrin liitosjohto, kymmenen kiinnitysklipsi\u00e4, kaksikymment\u00e4 ruuvia sek\u00e4 kaksi p\u00e4\u00e4tytulppaa.<\/p>\n<p>&nbsp;Tuotteella on kolmen vuoden takuu, ja se on helppo asentaa.<\/p>\n<p>&nbsp;T\u00e4m\u00e4 valonauhasetti tarjoaa kest\u00e4v\u00e4n ja tyylikk\u00e4\u00e4n ratkaisun saunavalaistukseen.<\/p>\n","protected":false},"excerpt":{"rendered":"<p>LED-valonauhasetti, pituudeltaan 2,5 metri\u00e4, tarjoaa tunnelmallisen valaistuksen saunaan. Valoteho on 200 lumenia, v\u00e4ril\u00e4mp\u00f6tila 2700 K . COB-teknologian ansiosta nauha on t\u00e4ysin pisteet\u00f6n ja valaistus on tasainen ilman h\u00e4ik\u00e4isy\u00e4. Nauha kest\u00e4\u00e4 jopa 125 \u00b0C l\u00e4mp\u00f6tilan ja sen IP65-suojausluokitus tekee siit\u00e4 erinomaisen valinnan kosteisiin tiloihin. Mukana toimitettava IP44-liit\u00e4nt\u00e4laite on himmennett\u00e4v\u00e4, joten valon voimakkuutta voi s\u00e4\u00e4t\u00e4\u00e4 tarpeen mukaan. [&hellip;]<\/p>\n","protected":false},"featured_media":18625,"comment_status":"closed","ping_status":"closed","template":"","meta":[],"product_brand":[],"product_cat":[50,35,36,34,45],"product_tag":[],"class_list":{"0":"post-18624","1":"product","2":"type-product","3":"status-publish","4":"has-post-thumbnail","6":"product_cat-saunavalaisimet","7":"product_cat-sisavalaisimet","8":"product_cat-ulkovalaisimet","9":"product_cat-valaisimet","10":"product_cat-valonauhat","12":"first","13":"instock","14":"taxable","15":"shipping-taxable","16":"purchasable","17":"product-type-simple"},"_links":{"self":[{"href":"https:\/\/www.ksttukku.fi\/kauppa\/wp-json\/wp\/v2\/product\/18624","targetHints":{"allow":["GET"]}}],"collection":[{"href":"https:\/\/www.ksttukku.fi\/kauppa\/wp-json\/wp\/v2\/product"}],"about":[{"href":"https:\/\/www.ksttukku.fi\/kauppa\/wp-json\/wp\/v2\/types\/product"}],"replies":[{"embeddable":true,"href":"https:\/\/www.ksttukku.fi\/kauppa\/wp-json\/wp\/v2\/comments?post=18624"}],"wp:featuredmedia":[{"embeddable":true,"href":"https:\/\/www.ksttukku.fi\/kauppa\/wp-json\/wp\/v2\/media\/18625"}],"wp:attachment":[{"href":"https:\/\/www.ksttukku.fi\/kauppa\/wp-json\/wp\/v2\/media?parent=18624"}],"wp:term":[{"taxonomy":"product_brand","embeddable":true,"href":"https:\/\/www.ksttukku.fi\/kauppa\/wp-json\/wp\/v2\/product_brand?post=18624"},{"taxonomy":"product_cat","embeddable":true,"href":"https:\/\/www.ksttukku.fi\/kauppa\/wp-json\/wp\/v2\/product_cat?post=18624"},{"taxonomy":"product_tag","embeddable":true,"href":"https:\/\/www.ksttukku.fi\/kauppa\/wp-json\/wp\/v2\/product_tag?post=18624"}],"curies":[{"name":"wp","href":"https:\/\/api.w.org\/{rel}","templated":true}]}}