{"id":18652,"date":"2025-11-13T16:38:44","date_gmt":"2025-11-13T14:38:44","guid":{"rendered":"https:\/\/www.ksttukku.fi\/kauppa\/?post_type=product&#038;p=18652"},"modified":"2025-11-13T16:38:45","modified_gmt":"2025-11-13T14:38:45","slug":"airam-manda-keramiikka-enkeli","status":"publish","type":"product","link":"https:\/\/www.ksttukku.fi\/kauppa\/tuote\/airam-manda-keramiikka-enkeli\/","title":{"rendered":"Airam Manda Keramiikka enkeli"},"content":{"rendered":"<p>Manda, keraaminen enkelihahmo.<\/p>\n<p>Pinnassa musta-kultainen koristekuvio, jossa havuja ja k\u00e4pyj\u00e4.<\/p>\n<p>&nbsp;Leveys 8,7 cm, syvyys 6,5 cm, korkeus 18 cm.<\/p>\n<p>Paristot 3 x LR44, ( sis\u00e4ltyy )<\/p>\n","protected":false},"excerpt":{"rendered":"<p>Manda, keraaminen enkelihahmo. Pinnassa musta-kultainen koristekuvio, jossa havuja ja k\u00e4pyj\u00e4. &nbsp;Leveys 8,7 cm, syvyys 6,5 cm, korkeus 18 cm. Paristot 3 x LR44, ( sis\u00e4ltyy )<\/p>\n","protected":false},"featured_media":18653,"comment_status":"closed","ping_status":"closed","template":"","meta":[],"product_brand":[],"product_cat":[176,491,199,484,377],"product_tag":[],"class_list":{"0":"post-18652","1":"product","2":"type-product","3":"status-publish","4":"has-post-thumbnail","6":"product_cat-joulu-ja-koristevalot","7":"product_cat-kodin-sisustustuotteet","8":"product_cat-koristevalot","9":"product_cat-lyhdyt","10":"product_cat-sisustus-lahjatavarat","12":"first","13":"instock","14":"taxable","15":"shipping-taxable","16":"purchasable","17":"product-type-simple"},"_links":{"self":[{"href":"https:\/\/www.ksttukku.fi\/kauppa\/wp-json\/wp\/v2\/product\/18652","targetHints":{"allow":["GET"]}}],"collection":[{"href":"https:\/\/www.ksttukku.fi\/kauppa\/wp-json\/wp\/v2\/product"}],"about":[{"href":"https:\/\/www.ksttukku.fi\/kauppa\/wp-json\/wp\/v2\/types\/product"}],"replies":[{"embeddable":true,"href":"https:\/\/www.ksttukku.fi\/kauppa\/wp-json\/wp\/v2\/comments?post=18652"}],"wp:featuredmedia":[{"embeddable":true,"href":"https:\/\/www.ksttukku.fi\/kauppa\/wp-json\/wp\/v2\/media\/18653"}],"wp:attachment":[{"href":"https:\/\/www.ksttukku.fi\/kauppa\/wp-json\/wp\/v2\/media?parent=18652"}],"wp:term":[{"taxonomy":"product_brand","embeddable":true,"href":"https:\/\/www.ksttukku.fi\/kauppa\/wp-json\/wp\/v2\/product_brand?post=18652"},{"taxonomy":"product_cat","embeddable":true,"href":"https:\/\/www.ksttukku.fi\/kauppa\/wp-json\/wp\/v2\/product_cat?post=18652"},{"taxonomy":"product_tag","embeddable":true,"href":"https:\/\/www.ksttukku.fi\/kauppa\/wp-json\/wp\/v2\/product_tag?post=18652"}],"curies":[{"name":"wp","href":"https:\/\/api.w.org\/{rel}","templated":true}]}}