{"id":18657,"date":"2025-11-15T12:02:21","date_gmt":"2025-11-15T10:02:21","guid":{"rendered":"https:\/\/www.ksttukku.fi\/kauppa\/?post_type=product&#038;p=18657"},"modified":"2026-01-05T16:39:30","modified_gmt":"2026-01-05T14:39:30","slug":"kuusenvalosarja-tuikkiva-360-led","status":"publish","type":"product","link":"https:\/\/www.ksttukku.fi\/kauppa\/tuote\/kuusenvalosarja-tuikkiva-360-led\/","title":{"rendered":"Kuusenvalosarja tuikkiva 360 LED"},"content":{"rendered":"<p>Renkaaseen kiinnitetyill\u00e4 valoketjuilla saat helposti n\u00e4ytt\u00e4v\u00e4t ja kauniisti laskeutuvat valot joulukuuseen.<\/p>\n<p>Valot sopivat niin sis\u00e4- kuin ulkok\u00e4ytt\u00f6\u00f6nkin.<\/p>\n<p>Renkaasta l\u00e4htee 6 valoketjua, joissa jokaisessa on 56 kpl l\u00e4mmin valkoista LED-valoa<\/p>\n<p>ja 4 tuikkivaa LED-valoa.<\/p>\n<p>Valoketjujen pituus on noin 6 metri\u00e4.<\/p>\n<p>Ledien v\u00e4li on 10 cm.<\/p>\n<p>Liitosjohto muuntajalle 5 m.<\/p>\n<p>Muuntaja 31V 6W, IP44..<\/p>\n<p>Sopii max. 3-5 m korkeille puille.&nbsp;<\/p>\n","protected":false},"excerpt":{"rendered":"<p>Renkaaseen kiinnitetyill\u00e4 valoketjuilla saat helposti n\u00e4ytt\u00e4v\u00e4t ja kauniisti laskeutuvat valot joulukuuseen. Valot sopivat niin sis\u00e4- kuin ulkok\u00e4ytt\u00f6\u00f6nkin. Renkaasta l\u00e4htee 6 valoketjua, joissa jokaisessa on 56 kpl l\u00e4mmin valkoista LED-valoa ja 4 tuikkivaa LED-valoa. Valoketjujen pituus on noin 6 metri\u00e4. Ledien v\u00e4li on 10 cm. Liitosjohto muuntajalle 5 m. Muuntaja 31V 6W, IP44.. Sopii max. 3-5 [&hellip;]<\/p>\n","protected":false},"featured_media":18659,"comment_status":"closed","ping_status":"closed","template":"","meta":[],"product_brand":[],"product_cat":[176,197,177],"product_tag":[],"class_list":{"0":"post-18657","1":"product","2":"type-product","3":"status-publish","4":"has-post-thumbnail","6":"product_cat-joulu-ja-koristevalot","7":"product_cat-joulukuusen-valosarjat","8":"product_cat-valosarjat","10":"first","11":"instock","12":"taxable","13":"shipping-taxable","14":"purchasable","15":"product-type-simple"},"_links":{"self":[{"href":"https:\/\/www.ksttukku.fi\/kauppa\/wp-json\/wp\/v2\/product\/18657","targetHints":{"allow":["GET"]}}],"collection":[{"href":"https:\/\/www.ksttukku.fi\/kauppa\/wp-json\/wp\/v2\/product"}],"about":[{"href":"https:\/\/www.ksttukku.fi\/kauppa\/wp-json\/wp\/v2\/types\/product"}],"replies":[{"embeddable":true,"href":"https:\/\/www.ksttukku.fi\/kauppa\/wp-json\/wp\/v2\/comments?post=18657"}],"wp:featuredmedia":[{"embeddable":true,"href":"https:\/\/www.ksttukku.fi\/kauppa\/wp-json\/wp\/v2\/media\/18659"}],"wp:attachment":[{"href":"https:\/\/www.ksttukku.fi\/kauppa\/wp-json\/wp\/v2\/media?parent=18657"}],"wp:term":[{"taxonomy":"product_brand","embeddable":true,"href":"https:\/\/www.ksttukku.fi\/kauppa\/wp-json\/wp\/v2\/product_brand?post=18657"},{"taxonomy":"product_cat","embeddable":true,"href":"https:\/\/www.ksttukku.fi\/kauppa\/wp-json\/wp\/v2\/product_cat?post=18657"},{"taxonomy":"product_tag","embeddable":true,"href":"https:\/\/www.ksttukku.fi\/kauppa\/wp-json\/wp\/v2\/product_tag?post=18657"}],"curies":[{"name":"wp","href":"https:\/\/api.w.org\/{rel}","templated":true}]}}