{"id":18669,"date":"2025-11-17T18:02:04","date_gmt":"2025-11-17T16:02:04","guid":{"rendered":"https:\/\/www.ksttukku.fi\/kauppa\/?post_type=product&#038;p=18669"},"modified":"2025-11-17T18:02:04","modified_gmt":"2025-11-17T16:02:04","slug":"airam-flex-multipaneelivalaisin-liiketunnistimella-ip20-830-840-865-1000lm","status":"publish","type":"product","link":"https:\/\/www.ksttukku.fi\/kauppa\/tuote\/airam-flex-multipaneelivalaisin-liiketunnistimella-ip20-830-840-865-1000lm\/","title":{"rendered":"Airam Flex Multipaneelivalaisin liiketunnistimella IP20  830\/840\/865   1000lm"},"content":{"rendered":"<p>Airam liiketunnistin paneelivalaisin, soveltuu erinomaisesti eteistiloihin, vaatehuoneisiin sek\u00e4<\/p>\n<p>muihin kodin kuiviin tiloihin.<\/p>\n<p>Runko ja kupu polykarbonaattia, valkoinen.<\/p>\n<p>Uppo- tai pinta-asennus.<br \/>\nHalkaisija: 226 mm<\/p>\n<p>Valaisimessa kiinte\u00e4 liitosjohto 2 x 0,75 mm2.<\/p>\n<p>V\u00e4ril\u00e4mp\u00f6tilat 3000 K, 4000 K ja 6500K, s\u00e4\u00e4dett\u00e4viss\u00e4 valaisimesta ennen asennusta.<\/p>\n<p>PIR-malli 12 W \/ 1000 lm<\/p>\n","protected":false},"excerpt":{"rendered":"<p>Airam liiketunnistin paneelivalaisin, soveltuu erinomaisesti eteistiloihin, vaatehuoneisiin sek\u00e4 muihin kodin kuiviin tiloihin. Runko ja kupu polykarbonaattia, valkoinen. Uppo- tai pinta-asennus. Halkaisija: 226 mm Valaisimessa kiinte\u00e4 liitosjohto 2 x 0,75 mm2. V\u00e4ril\u00e4mp\u00f6tilat 3000 K, 4000 K ja 6500K, s\u00e4\u00e4dett\u00e4viss\u00e4 valaisimesta ennen asennusta. PIR-malli 12 W \/ 1000 lm<\/p>\n","protected":false},"featured_media":18670,"comment_status":"closed","ping_status":"closed","template":"","meta":[],"product_brand":[],"product_cat":[40,183,34],"product_tag":[],"class_list":{"0":"post-18669","1":"product","2":"type-product","3":"status-publish","4":"has-post-thumbnail","6":"product_cat-kattovalaisimet","7":"product_cat-led-paneelivalaisimet","8":"product_cat-valaisimet","10":"first","11":"instock","12":"sale","13":"taxable","14":"shipping-taxable","15":"purchasable","16":"product-type-simple"},"_links":{"self":[{"href":"https:\/\/www.ksttukku.fi\/kauppa\/wp-json\/wp\/v2\/product\/18669","targetHints":{"allow":["GET"]}}],"collection":[{"href":"https:\/\/www.ksttukku.fi\/kauppa\/wp-json\/wp\/v2\/product"}],"about":[{"href":"https:\/\/www.ksttukku.fi\/kauppa\/wp-json\/wp\/v2\/types\/product"}],"replies":[{"embeddable":true,"href":"https:\/\/www.ksttukku.fi\/kauppa\/wp-json\/wp\/v2\/comments?post=18669"}],"wp:featuredmedia":[{"embeddable":true,"href":"https:\/\/www.ksttukku.fi\/kauppa\/wp-json\/wp\/v2\/media\/18670"}],"wp:attachment":[{"href":"https:\/\/www.ksttukku.fi\/kauppa\/wp-json\/wp\/v2\/media?parent=18669"}],"wp:term":[{"taxonomy":"product_brand","embeddable":true,"href":"https:\/\/www.ksttukku.fi\/kauppa\/wp-json\/wp\/v2\/product_brand?post=18669"},{"taxonomy":"product_cat","embeddable":true,"href":"https:\/\/www.ksttukku.fi\/kauppa\/wp-json\/wp\/v2\/product_cat?post=18669"},{"taxonomy":"product_tag","embeddable":true,"href":"https:\/\/www.ksttukku.fi\/kauppa\/wp-json\/wp\/v2\/product_tag?post=18669"}],"curies":[{"name":"wp","href":"https:\/\/api.w.org\/{rel}","templated":true}]}}