{"id":18674,"date":"2025-11-20T12:11:00","date_gmt":"2025-11-20T10:11:00","guid":{"rendered":"https:\/\/www.ksttukku.fi\/kauppa\/?post_type=product&#038;p=18674"},"modified":"2025-11-20T12:11:56","modified_gmt":"2025-11-20T10:11:56","slug":"mounty-ulkokoriste-50cm","status":"publish","type":"product","link":"https:\/\/www.ksttukku.fi\/kauppa\/tuote\/mounty-ulkokoriste-50cm\/","title":{"rendered":"Mounty valokoriste 50cm"},"content":{"rendered":"<p>LED-valokoriste ulkok\u00e4ytt\u00f6\u00f6n.<\/p>\n<p>&nbsp;Valon s\u00e4vy on l\u00e4mmin valkoinen.<\/p>\n<p>198 x kiinte\u00e4 LED 0,06W, 20 mA, 3V. Paloaika n. 7 000 h.<br \/>\nMuuntaja 5V DC 3W IP44 Schuko-liit\u00e4nt\u00e4.<br \/>\nChaser, 8 erilaista toimintoa.<br \/>\nMukana koukullinen ripustusketju, jonka pituus on 50 cm.<br \/>\nVirtajohto on 500 cm pitk\u00e4.<\/p>\n<p>Mitat: 500.0 mm x 500.0 mm x 500.0 mm<\/p>\n<p>Materiaali: Metallo\/Muovi<\/p>\n<p>IP 44<\/p>\n","protected":false},"excerpt":{"rendered":"<p>LED-valokoriste ulkok\u00e4ytt\u00f6\u00f6n. &nbsp;Valon s\u00e4vy on l\u00e4mmin valkoinen. 198 x kiinte\u00e4 LED 0,06W, 20 mA, 3V. Paloaika n. 7 000 h. Muuntaja 5V DC 3W IP44 Schuko-liit\u00e4nt\u00e4. Chaser, 8 erilaista toimintoa. Mukana koukullinen ripustusketju, jonka pituus on 50 cm. Virtajohto on 500 cm pitk\u00e4. Mitat: 500.0 mm x 500.0 mm x 500.0 mm Materiaali: Metallo\/Muovi IP [&hellip;]<\/p>\n","protected":false},"featured_media":18676,"comment_status":"closed","ping_status":"closed","template":"","meta":[],"product_brand":[],"product_cat":[176,199],"product_tag":[],"class_list":{"0":"post-18674","1":"product","2":"type-product","3":"status-publish","4":"has-post-thumbnail","6":"product_cat-joulu-ja-koristevalot","7":"product_cat-koristevalot","9":"first","10":"instock","11":"taxable","12":"shipping-taxable","13":"purchasable","14":"product-type-simple"},"_links":{"self":[{"href":"https:\/\/www.ksttukku.fi\/kauppa\/wp-json\/wp\/v2\/product\/18674","targetHints":{"allow":["GET"]}}],"collection":[{"href":"https:\/\/www.ksttukku.fi\/kauppa\/wp-json\/wp\/v2\/product"}],"about":[{"href":"https:\/\/www.ksttukku.fi\/kauppa\/wp-json\/wp\/v2\/types\/product"}],"replies":[{"embeddable":true,"href":"https:\/\/www.ksttukku.fi\/kauppa\/wp-json\/wp\/v2\/comments?post=18674"}],"wp:featuredmedia":[{"embeddable":true,"href":"https:\/\/www.ksttukku.fi\/kauppa\/wp-json\/wp\/v2\/media\/18676"}],"wp:attachment":[{"href":"https:\/\/www.ksttukku.fi\/kauppa\/wp-json\/wp\/v2\/media?parent=18674"}],"wp:term":[{"taxonomy":"product_brand","embeddable":true,"href":"https:\/\/www.ksttukku.fi\/kauppa\/wp-json\/wp\/v2\/product_brand?post=18674"},{"taxonomy":"product_cat","embeddable":true,"href":"https:\/\/www.ksttukku.fi\/kauppa\/wp-json\/wp\/v2\/product_cat?post=18674"},{"taxonomy":"product_tag","embeddable":true,"href":"https:\/\/www.ksttukku.fi\/kauppa\/wp-json\/wp\/v2\/product_tag?post=18674"}],"curies":[{"name":"wp","href":"https:\/\/api.w.org\/{rel}","templated":true}]}}