{"id":18685,"date":"2025-11-22T11:50:58","date_gmt":"2025-11-22T09:50:58","guid":{"rendered":"https:\/\/www.ksttukku.fi\/kauppa\/?post_type=product&#038;p=18685"},"modified":"2025-11-22T11:50:59","modified_gmt":"2025-11-22T09:50:59","slug":"eli-punainen-kynttelikko","status":"publish","type":"product","link":"https:\/\/www.ksttukku.fi\/kauppa\/tuote\/eli-punainen-kynttelikko\/","title":{"rendered":"Eli punainen kynttelikk\u00f6"},"content":{"rendered":"<p>Punainen puukynttelikk\u00f6 jossa on 5 valonl\u00e4hdett\u00e4 ja kullanv\u00e4riset koristeet.<\/p>\n<p>Helppo sijoittaa esimerkiksi ikkunalaudalle, hyllylle tai lipaston p\u00e4\u00e4lle luomaan ihanaa joulutunnelmaa.<br \/>\nKynttelik\u00f6ss\u00e4 on 180 cm pitk\u00e4 johto katkaisijalla.<br \/>\nTuotteella on FSC-sertifiointi.<\/p>\n<p>Leveys 37 cm<br \/>\nSyvyys 8 cm<br \/>\nKorkeus 47 cm<\/p>\n","protected":false},"excerpt":{"rendered":"<p>Punainen puukynttelikk\u00f6 jossa on 5 valonl\u00e4hdett\u00e4 ja kullanv\u00e4riset koristeet. Helppo sijoittaa esimerkiksi ikkunalaudalle, hyllylle tai lipaston p\u00e4\u00e4lle luomaan ihanaa joulutunnelmaa. Kynttelik\u00f6ss\u00e4 on 180 cm pitk\u00e4 johto katkaisijalla. Tuotteella on FSC-sertifiointi. Leveys 37 cm Syvyys 8 cm Korkeus 47 cm<\/p>\n","protected":false},"featured_media":18686,"comment_status":"closed","ping_status":"closed","template":"","meta":[],"product_brand":[],"product_cat":[176,181],"product_tag":[],"class_list":{"0":"post-18685","1":"product","2":"type-product","3":"status-publish","4":"has-post-thumbnail","6":"product_cat-joulu-ja-koristevalot","7":"product_cat-kynttelikot","9":"first","10":"instock","11":"taxable","12":"shipping-taxable","13":"purchasable","14":"product-type-simple"},"_links":{"self":[{"href":"https:\/\/www.ksttukku.fi\/kauppa\/wp-json\/wp\/v2\/product\/18685","targetHints":{"allow":["GET"]}}],"collection":[{"href":"https:\/\/www.ksttukku.fi\/kauppa\/wp-json\/wp\/v2\/product"}],"about":[{"href":"https:\/\/www.ksttukku.fi\/kauppa\/wp-json\/wp\/v2\/types\/product"}],"replies":[{"embeddable":true,"href":"https:\/\/www.ksttukku.fi\/kauppa\/wp-json\/wp\/v2\/comments?post=18685"}],"wp:featuredmedia":[{"embeddable":true,"href":"https:\/\/www.ksttukku.fi\/kauppa\/wp-json\/wp\/v2\/media\/18686"}],"wp:attachment":[{"href":"https:\/\/www.ksttukku.fi\/kauppa\/wp-json\/wp\/v2\/media?parent=18685"}],"wp:term":[{"taxonomy":"product_brand","embeddable":true,"href":"https:\/\/www.ksttukku.fi\/kauppa\/wp-json\/wp\/v2\/product_brand?post=18685"},{"taxonomy":"product_cat","embeddable":true,"href":"https:\/\/www.ksttukku.fi\/kauppa\/wp-json\/wp\/v2\/product_cat?post=18685"},{"taxonomy":"product_tag","embeddable":true,"href":"https:\/\/www.ksttukku.fi\/kauppa\/wp-json\/wp\/v2\/product_tag?post=18685"}],"curies":[{"name":"wp","href":"https:\/\/api.w.org\/{rel}","templated":true}]}}