{"id":18701,"date":"2025-11-28T10:46:09","date_gmt":"2025-11-28T08:46:09","guid":{"rendered":"https:\/\/www.ksttukku.fi\/kauppa\/?post_type=product&#038;p=18701"},"modified":"2025-11-28T10:49:09","modified_gmt":"2025-11-28T08:49:09","slug":"aneta-nice-up-light-lattiavalaisin","status":"publish","type":"product","link":"https:\/\/www.ksttukku.fi\/kauppa\/tuote\/aneta-nice-up-light-lattiavalaisin\/","title":{"rendered":"Aneta Nice UP-light lattiavalaisin"},"content":{"rendered":"<p>&nbsp;Aneta nice lattiavalaisinmen metallinen runko, k\u00e4\u00e4ntyv\u00e4 varsi ja selke\u00e4linjainen muotoilu tekev\u00e4t lattiavalaisimesta ihanteellisen valaisimen moneen tilaan.<\/p>\n<p>Valaisimessa on omat himmenninkytkimet yl\u00e4- sek\u00e4 lukuvaloon.<\/p>\n<p>Himmennystoiminta mahdollistaa juuri sopivan valon tilanteen mukaan.<\/p>\n<p>Yl\u00e4valo: 16 W 1600lm<\/p>\n<p>Lukuvalo: 4W 400lm<\/p>\n<p>Valonv\u00e4ri: 3000K<\/p>\n<p>Korkeus: 179 cm<br \/>\nV\u00e4ri: musta<\/p>\n","protected":false},"excerpt":{"rendered":"<p>&nbsp;Aneta nice lattiavalaisinmen metallinen runko, k\u00e4\u00e4ntyv\u00e4 varsi ja selke\u00e4linjainen muotoilu tekev\u00e4t lattiavalaisimesta ihanteellisen valaisimen moneen tilaan. Valaisimessa on omat himmenninkytkimet yl\u00e4- sek\u00e4 lukuvaloon. Himmennystoiminta mahdollistaa juuri sopivan valon tilanteen mukaan. Yl\u00e4valo: 16 W 1600lm Lukuvalo: 4W 400lm Valonv\u00e4ri: 3000K Korkeus: 179 cm V\u00e4ri: musta<\/p>\n","protected":false},"featured_media":18703,"comment_status":"closed","ping_status":"closed","template":"","meta":[],"product_brand":[],"product_cat":[43,35,34],"product_tag":[],"class_list":{"0":"post-18701","1":"product","2":"type-product","3":"status-publish","4":"has-post-thumbnail","6":"product_cat-lattiavalaisimet","7":"product_cat-sisavalaisimet","8":"product_cat-valaisimet","10":"first","11":"instock","12":"taxable","13":"shipping-taxable","14":"purchasable","15":"product-type-simple"},"_links":{"self":[{"href":"https:\/\/www.ksttukku.fi\/kauppa\/wp-json\/wp\/v2\/product\/18701","targetHints":{"allow":["GET"]}}],"collection":[{"href":"https:\/\/www.ksttukku.fi\/kauppa\/wp-json\/wp\/v2\/product"}],"about":[{"href":"https:\/\/www.ksttukku.fi\/kauppa\/wp-json\/wp\/v2\/types\/product"}],"replies":[{"embeddable":true,"href":"https:\/\/www.ksttukku.fi\/kauppa\/wp-json\/wp\/v2\/comments?post=18701"}],"wp:featuredmedia":[{"embeddable":true,"href":"https:\/\/www.ksttukku.fi\/kauppa\/wp-json\/wp\/v2\/media\/18703"}],"wp:attachment":[{"href":"https:\/\/www.ksttukku.fi\/kauppa\/wp-json\/wp\/v2\/media?parent=18701"}],"wp:term":[{"taxonomy":"product_brand","embeddable":true,"href":"https:\/\/www.ksttukku.fi\/kauppa\/wp-json\/wp\/v2\/product_brand?post=18701"},{"taxonomy":"product_cat","embeddable":true,"href":"https:\/\/www.ksttukku.fi\/kauppa\/wp-json\/wp\/v2\/product_cat?post=18701"},{"taxonomy":"product_tag","embeddable":true,"href":"https:\/\/www.ksttukku.fi\/kauppa\/wp-json\/wp\/v2\/product_tag?post=18701"}],"curies":[{"name":"wp","href":"https:\/\/api.w.org\/{rel}","templated":true}]}}