{"id":18732,"date":"2025-12-03T17:02:15","date_gmt":"2025-12-03T15:02:15","guid":{"rendered":"https:\/\/www.ksttukku.fi\/kauppa\/?post_type=product&#038;p=18732"},"modified":"2025-12-03T17:02:25","modified_gmt":"2025-12-03T15:02:25","slug":"lilja-kynttelikko-harmaa","status":"publish","type":"product","link":"https:\/\/www.ksttukku.fi\/kauppa\/tuote\/lilja-kynttelikko-harmaa\/","title":{"rendered":"Lilja Kynttelikk\u00f6 harmaa"},"content":{"rendered":"<p>Tunnelmallinen vaaleanharmaa puukynttelikk\u00f6 kauniilla kullanv\u00e4risell\u00e4 koristeella. Pieni ja siev\u00e4 Lilja-kynttelikk\u00f6 on helppo sijoittaa esimerkiksi ikkunalaudalle tai lipaston p\u00e4\u00e4lle koristamaan jouluista kotia.<br \/>\nMetallikoristeen saa irrotettua.<br \/>\nKynttelik\u00f6ss\u00e4 on 180 cm pitk\u00e4 johto katkaisijalla ja 5 vaihdettavaa E10-lamppua.<\/p>\n<p>Leveys 30 cm<br \/>\nSyvyys 6,5 cm<br \/>\nKorkeus 25 cm<\/p>\n","protected":false},"excerpt":{"rendered":"<p>Tunnelmallinen vaaleanharmaa puukynttelikk\u00f6 kauniilla kullanv\u00e4risell\u00e4 koristeella. Pieni ja siev\u00e4 Lilja-kynttelikk\u00f6 on helppo sijoittaa esimerkiksi ikkunalaudalle tai lipaston p\u00e4\u00e4lle koristamaan jouluista kotia. Metallikoristeen saa irrotettua. Kynttelik\u00f6ss\u00e4 on 180 cm pitk\u00e4 johto katkaisijalla ja 5 vaihdettavaa E10-lamppua. Leveys 30 cm Syvyys 6,5 cm Korkeus 25 cm<\/p>\n","protected":false},"featured_media":18733,"comment_status":"closed","ping_status":"closed","template":"","meta":[],"product_brand":[],"product_cat":[176,181],"product_tag":[],"class_list":{"0":"post-18732","1":"product","2":"type-product","3":"status-publish","4":"has-post-thumbnail","6":"product_cat-joulu-ja-koristevalot","7":"product_cat-kynttelikot","9":"first","10":"instock","11":"taxable","12":"shipping-taxable","13":"purchasable","14":"product-type-simple"},"_links":{"self":[{"href":"https:\/\/www.ksttukku.fi\/kauppa\/wp-json\/wp\/v2\/product\/18732","targetHints":{"allow":["GET"]}}],"collection":[{"href":"https:\/\/www.ksttukku.fi\/kauppa\/wp-json\/wp\/v2\/product"}],"about":[{"href":"https:\/\/www.ksttukku.fi\/kauppa\/wp-json\/wp\/v2\/types\/product"}],"replies":[{"embeddable":true,"href":"https:\/\/www.ksttukku.fi\/kauppa\/wp-json\/wp\/v2\/comments?post=18732"}],"wp:featuredmedia":[{"embeddable":true,"href":"https:\/\/www.ksttukku.fi\/kauppa\/wp-json\/wp\/v2\/media\/18733"}],"wp:attachment":[{"href":"https:\/\/www.ksttukku.fi\/kauppa\/wp-json\/wp\/v2\/media?parent=18732"}],"wp:term":[{"taxonomy":"product_brand","embeddable":true,"href":"https:\/\/www.ksttukku.fi\/kauppa\/wp-json\/wp\/v2\/product_brand?post=18732"},{"taxonomy":"product_cat","embeddable":true,"href":"https:\/\/www.ksttukku.fi\/kauppa\/wp-json\/wp\/v2\/product_cat?post=18732"},{"taxonomy":"product_tag","embeddable":true,"href":"https:\/\/www.ksttukku.fi\/kauppa\/wp-json\/wp\/v2\/product_tag?post=18732"}],"curies":[{"name":"wp","href":"https:\/\/api.w.org\/{rel}","templated":true}]}}