{"id":18744,"date":"2025-12-05T17:13:15","date_gmt":"2025-12-05T15:13:15","guid":{"rendered":"https:\/\/www.ksttukku.fi\/kauppa\/?post_type=product&#038;p=18744"},"modified":"2025-12-05T17:13:15","modified_gmt":"2025-12-05T15:13:15","slug":"mersey-numerovalaisin-hamarakytkin-sensorilla","status":"publish","type":"product","link":"https:\/\/www.ksttukku.fi\/kauppa\/tuote\/mersey-numerovalaisin-hamarakytkin-sensorilla\/","title":{"rendered":"MERSEY numerovalaisin h\u00e4m\u00e4r\u00e4kytkin sensorilla"},"content":{"rendered":"<p>Integroidun h\u00e4m\u00e4r\u00e4tunnistimen ansiosta valaisin kytkeytyy automaattisesti p\u00e4\u00e4lle h\u00e4m\u00e4r\u00e4n laskiessa, joten talon numeron n\u00e4kyvyys on taattu kaikkina vuorokauden aikoina. Lis\u00e4ksi MERSEYll\u00e4 on IP44-luokitus, joten se on s\u00e4\u00e4nkest\u00e4v\u00e4. Valetusta alumiinista ja valkoisesta muovista valmistetussa antrasiittisessa ulkovalaisimessa on moderni ja yksinkertainen muoto, joka sopii helposti mink\u00e4 tahansa talon julkisivuun<\/p>\n<p>Materiaali: Valualumiini<\/p>\n<p>H\u00e4m\u00e4r\u00e4tunnistin<\/p>\n<p>Kanta: 2x E14&nbsp;<\/p>\n<p>Korkeus 27,5 cm<\/p>\n<p>leveys: 18 cm<\/p>\n","protected":false},"excerpt":{"rendered":"<p>Integroidun h\u00e4m\u00e4r\u00e4tunnistimen ansiosta valaisin kytkeytyy automaattisesti p\u00e4\u00e4lle h\u00e4m\u00e4r\u00e4n laskiessa, joten talon numeron n\u00e4kyvyys on taattu kaikkina vuorokauden aikoina. Lis\u00e4ksi MERSEYll\u00e4 on IP44-luokitus, joten se on s\u00e4\u00e4nkest\u00e4v\u00e4. Valetusta alumiinista ja valkoisesta muovista valmistetussa antrasiittisessa ulkovalaisimessa on moderni ja yksinkertainen muoto, joka sopii helposti mink\u00e4 tahansa talon julkisivuun Materiaali: Valualumiini H\u00e4m\u00e4r\u00e4tunnistin Kanta: 2x E14&nbsp; Korkeus 27,5 cm [&hellip;]<\/p>\n","protected":false},"featured_media":18745,"comment_status":"closed","ping_status":"closed","template":"","meta":[],"product_brand":[],"product_cat":[37,36,34],"product_tag":[],"class_list":{"0":"post-18744","1":"product","2":"type-product","3":"status-publish","4":"has-post-thumbnail","6":"product_cat-seinavalaisimet","7":"product_cat-ulkovalaisimet","8":"product_cat-valaisimet","10":"first","11":"instock","12":"taxable","13":"shipping-taxable","14":"purchasable","15":"product-type-simple"},"_links":{"self":[{"href":"https:\/\/www.ksttukku.fi\/kauppa\/wp-json\/wp\/v2\/product\/18744","targetHints":{"allow":["GET"]}}],"collection":[{"href":"https:\/\/www.ksttukku.fi\/kauppa\/wp-json\/wp\/v2\/product"}],"about":[{"href":"https:\/\/www.ksttukku.fi\/kauppa\/wp-json\/wp\/v2\/types\/product"}],"replies":[{"embeddable":true,"href":"https:\/\/www.ksttukku.fi\/kauppa\/wp-json\/wp\/v2\/comments?post=18744"}],"wp:featuredmedia":[{"embeddable":true,"href":"https:\/\/www.ksttukku.fi\/kauppa\/wp-json\/wp\/v2\/media\/18745"}],"wp:attachment":[{"href":"https:\/\/www.ksttukku.fi\/kauppa\/wp-json\/wp\/v2\/media?parent=18744"}],"wp:term":[{"taxonomy":"product_brand","embeddable":true,"href":"https:\/\/www.ksttukku.fi\/kauppa\/wp-json\/wp\/v2\/product_brand?post=18744"},{"taxonomy":"product_cat","embeddable":true,"href":"https:\/\/www.ksttukku.fi\/kauppa\/wp-json\/wp\/v2\/product_cat?post=18744"},{"taxonomy":"product_tag","embeddable":true,"href":"https:\/\/www.ksttukku.fi\/kauppa\/wp-json\/wp\/v2\/product_tag?post=18744"}],"curies":[{"name":"wp","href":"https:\/\/api.w.org\/{rel}","templated":true}]}}