{"id":18746,"date":"2025-12-05T17:39:11","date_gmt":"2025-12-05T15:39:11","guid":{"rendered":"https:\/\/www.ksttukku.fi\/kauppa\/?post_type=product&#038;p=18746"},"modified":"2026-01-15T15:48:46","modified_gmt":"2026-01-15T13:48:46","slug":"led-muuntaja-24v-300w","status":"publish","type":"product","link":"https:\/\/www.ksttukku.fi\/kauppa\/tuote\/led-muuntaja-24v-300w\/","title":{"rendered":"LED muuntaja 24V 300W"},"content":{"rendered":"<p>300W vakioj\u00e4nniteliit\u00e4t\u00e4laite 24 V<\/p>\n<p>T\u00e4t\u00e4 LED vakioj\u00e4nnitel\u00e4hdett\u00e4 voimme suositella my\u00f6s ulkok\u00e4ytt\u00f6\u00f6n tulevien valaisimien rakentamisen komponentiksi, sill\u00e4 sen IP-suojaluokitus on IP65 ja k\u00e4ytt\u00f6l\u00e4mp\u00f6tila -25 \u2013 +35 \u00b0C. Vakioj\u00e4nnitel\u00e4hteess\u00e4 on ylij\u00e4nnite- ja oikosulkusuojaus. Laitteessa on alumiinikuori ja se on t\u00e4yteen massattu. Kytkent\u00e4johdot ovat vapailla johdinp\u00e4ill\u00e4.<br \/>\nMuuntajan max kuormitus suositus 80%<\/p>\n","protected":false},"excerpt":{"rendered":"<p>300W vakioj\u00e4nniteliit\u00e4t\u00e4laite 24 V T\u00e4t\u00e4 LED vakioj\u00e4nnitel\u00e4hdett\u00e4 voimme suositella my\u00f6s ulkok\u00e4ytt\u00f6\u00f6n tulevien valaisimien rakentamisen komponentiksi, sill\u00e4 sen IP-suojaluokitus on IP65 ja k\u00e4ytt\u00f6l\u00e4mp\u00f6tila -25 \u2013 +35 \u00b0C. Vakioj\u00e4nnitel\u00e4hteess\u00e4 on ylij\u00e4nnite- ja oikosulkusuojaus. Laitteessa on alumiinikuori ja se on t\u00e4yteen massattu. Kytkent\u00e4johdot ovat vapailla johdinp\u00e4ill\u00e4. Muuntajan max kuormitus suositus 80%<\/p>\n","protected":false},"featured_media":18910,"comment_status":"closed","ping_status":"closed","template":"","meta":[],"product_brand":[],"product_cat":[58,35,59,36,34,45],"product_tag":[],"class_list":{"0":"post-18746","1":"product","2":"type-product","3":"status-publish","4":"has-post-thumbnail","6":"product_cat-asennustarvikkeet","7":"product_cat-sisavalaisimet","8":"product_cat-terassivalaisimet","9":"product_cat-ulkovalaisimet","10":"product_cat-valaisimet","11":"product_cat-valonauhat","13":"first","14":"instock","15":"taxable","16":"shipping-taxable","17":"purchasable","18":"product-type-simple"},"_links":{"self":[{"href":"https:\/\/www.ksttukku.fi\/kauppa\/wp-json\/wp\/v2\/product\/18746","targetHints":{"allow":["GET"]}}],"collection":[{"href":"https:\/\/www.ksttukku.fi\/kauppa\/wp-json\/wp\/v2\/product"}],"about":[{"href":"https:\/\/www.ksttukku.fi\/kauppa\/wp-json\/wp\/v2\/types\/product"}],"replies":[{"embeddable":true,"href":"https:\/\/www.ksttukku.fi\/kauppa\/wp-json\/wp\/v2\/comments?post=18746"}],"wp:featuredmedia":[{"embeddable":true,"href":"https:\/\/www.ksttukku.fi\/kauppa\/wp-json\/wp\/v2\/media\/18910"}],"wp:attachment":[{"href":"https:\/\/www.ksttukku.fi\/kauppa\/wp-json\/wp\/v2\/media?parent=18746"}],"wp:term":[{"taxonomy":"product_brand","embeddable":true,"href":"https:\/\/www.ksttukku.fi\/kauppa\/wp-json\/wp\/v2\/product_brand?post=18746"},{"taxonomy":"product_cat","embeddable":true,"href":"https:\/\/www.ksttukku.fi\/kauppa\/wp-json\/wp\/v2\/product_cat?post=18746"},{"taxonomy":"product_tag","embeddable":true,"href":"https:\/\/www.ksttukku.fi\/kauppa\/wp-json\/wp\/v2\/product_tag?post=18746"}],"curies":[{"name":"wp","href":"https:\/\/api.w.org\/{rel}","templated":true}]}}