{"id":18747,"date":"2025-12-05T17:49:21","date_gmt":"2025-12-05T15:49:21","guid":{"rendered":"https:\/\/www.ksttukku.fi\/kauppa\/?post_type=product&#038;p=18747"},"modified":"2025-12-05T17:50:39","modified_gmt":"2025-12-05T15:50:39","slug":"led-muuntaja-24v-100-w","status":"publish","type":"product","link":"https:\/\/www.ksttukku.fi\/kauppa\/tuote\/led-muuntaja-24v-100-w\/","title":{"rendered":"LED muuntaja 24V 100 W"},"content":{"rendered":"<p>T\u00e4t\u00e4 LED vakioj\u00e4nnitel\u00e4hdett\u00e4 voimme suositella my\u00f6s ulkok\u00e4ytt\u00f6\u00f6n tulevien valaisimien rakentamisen komponentiksi, sill\u00e4 sen IP-suojaluokitus on IP65 ja k\u00e4ytt\u00f6l\u00e4mp\u00f6tila -25 \u2013 +35 \u00b0C. Vakioj\u00e4nnitel\u00e4hteess\u00e4 on ylij\u00e4nnite- ja oikosulkusuojaus. Laitteessa on alumiinikuori ja se on t\u00e4yteen massattu. Kytkent\u00e4johdot ovat vapailla johdinp\u00e4ill\u00e4.<br \/>\nMuuntajan max kuormitus suositus 80%<\/p>\n<p>K\u00e4ytt\u00f6ik\u00e4 50 000h<\/p>\n","protected":false},"excerpt":{"rendered":"<p>T\u00e4t\u00e4 LED vakioj\u00e4nnitel\u00e4hdett\u00e4 voimme suositella my\u00f6s ulkok\u00e4ytt\u00f6\u00f6n tulevien valaisimien rakentamisen komponentiksi, sill\u00e4 sen IP-suojaluokitus on IP65 ja k\u00e4ytt\u00f6l\u00e4mp\u00f6tila -25 \u2013 +35 \u00b0C. Vakioj\u00e4nnitel\u00e4hteess\u00e4 on ylij\u00e4nnite- ja oikosulkusuojaus. Laitteessa on alumiinikuori ja se on t\u00e4yteen massattu. Kytkent\u00e4johdot ovat vapailla johdinp\u00e4ill\u00e4. Muuntajan max kuormitus suositus 80% K\u00e4ytt\u00f6ik\u00e4 50 000h<\/p>\n","protected":false},"featured_media":18748,"comment_status":"closed","ping_status":"closed","template":"","meta":[],"product_brand":[],"product_cat":[35,59,36,34,45],"product_tag":[],"class_list":{"0":"post-18747","1":"product","2":"type-product","3":"status-publish","4":"has-post-thumbnail","6":"product_cat-sisavalaisimet","7":"product_cat-terassivalaisimet","8":"product_cat-ulkovalaisimet","9":"product_cat-valaisimet","10":"product_cat-valonauhat","12":"first","13":"instock","14":"taxable","15":"shipping-taxable","16":"purchasable","17":"product-type-simple"},"_links":{"self":[{"href":"https:\/\/www.ksttukku.fi\/kauppa\/wp-json\/wp\/v2\/product\/18747","targetHints":{"allow":["GET"]}}],"collection":[{"href":"https:\/\/www.ksttukku.fi\/kauppa\/wp-json\/wp\/v2\/product"}],"about":[{"href":"https:\/\/www.ksttukku.fi\/kauppa\/wp-json\/wp\/v2\/types\/product"}],"replies":[{"embeddable":true,"href":"https:\/\/www.ksttukku.fi\/kauppa\/wp-json\/wp\/v2\/comments?post=18747"}],"wp:featuredmedia":[{"embeddable":true,"href":"https:\/\/www.ksttukku.fi\/kauppa\/wp-json\/wp\/v2\/media\/18748"}],"wp:attachment":[{"href":"https:\/\/www.ksttukku.fi\/kauppa\/wp-json\/wp\/v2\/media?parent=18747"}],"wp:term":[{"taxonomy":"product_brand","embeddable":true,"href":"https:\/\/www.ksttukku.fi\/kauppa\/wp-json\/wp\/v2\/product_brand?post=18747"},{"taxonomy":"product_cat","embeddable":true,"href":"https:\/\/www.ksttukku.fi\/kauppa\/wp-json\/wp\/v2\/product_cat?post=18747"},{"taxonomy":"product_tag","embeddable":true,"href":"https:\/\/www.ksttukku.fi\/kauppa\/wp-json\/wp\/v2\/product_tag?post=18747"}],"curies":[{"name":"wp","href":"https:\/\/api.w.org\/{rel}","templated":true}]}}