{"id":18826,"date":"2025-12-31T16:29:58","date_gmt":"2025-12-31T14:29:58","guid":{"rendered":"https:\/\/www.ksttukku.fi\/kauppa\/?post_type=product&#038;p=18826"},"modified":"2025-12-31T16:29:59","modified_gmt":"2025-12-31T14:29:59","slug":"paneelivalaisin-clip-on-3cct-dim-24w-1900lm-3000-4000-6500k","status":"publish","type":"product","link":"https:\/\/www.ksttukku.fi\/kauppa\/tuote\/paneelivalaisin-clip-on-3cct-dim-24w-1900lm-3000-4000-6500k\/","title":{"rendered":"Paneelivalaisin Clip-on 3CCT DIM 24W, 1900lm, 3000-4000-6500K"},"content":{"rendered":"<p>Himmennett\u00e4v\u00e4 monik\u00e4ytt\u00f6inen LED-paneelivalaisin uudis- ja korjausrakennuksiin. Voidaan k\u00e4ytt\u00e4\u00e4 sek\u00e4 suoraan pintaan ett\u00e4 puoliuppoon asennettuna. Valaisin soveltuu asennettavaksi my\u00f6s kosteisiin sis\u00e4tiloihin kattoasennuksena. Eritt\u00e4in helppo asentaa, pinta-asennukseen asennusrauta suoraan kattopintaan kiinnitettyn\u00e4 ja puoliuppoon erikokoisiin asennusaukkoihin s\u00e4\u00e4dett\u00e4vill\u00e4 jousilla varustetun asennusraudan avulla. Valaisimessa on sis\u00e4\u00e4nrakennettu liit\u00e4nt\u00e4laite, valaisin kytket\u00e4\u00e4n valaisimen verkkojohdolla suoraan 230V s\u00e4hk\u00f6verkkoon. Valaisimessa ei ole k\u00e4ytt\u00e4j\u00e4n vaihdettavissa olevaa valonl\u00e4hdett\u00e4. &#8211; LED-paneelivalaisin,24 W 1900 lm 3CCT(3000K\/4000K\/6500K), himmennett\u00e4v\u00e4 &#8211; IP20\/IP43 (IP43 suoraa kattopintaa vasten asennettaessa, muutoin IP20) &#8211; 230V\/50Hz &#8211;<\/p>\n<p>Kehys \u00d8 298mm &#8211; Asennusrei\u00e4n halkaisija: \u00d855-250mm &#8211; Korkeus 17,8mm, valonjakokulma: 120\u00b0<\/p>\n<p>Materiaali; muovi, kiinnitysrauta metalli<\/p>\n","protected":false},"excerpt":{"rendered":"<p>Himmennett\u00e4v\u00e4 monik\u00e4ytt\u00f6inen LED-paneelivalaisin uudis- ja korjausrakennuksiin. Voidaan k\u00e4ytt\u00e4\u00e4 sek\u00e4 suoraan pintaan ett\u00e4 puoliuppoon asennettuna. Valaisin soveltuu asennettavaksi my\u00f6s kosteisiin sis\u00e4tiloihin kattoasennuksena. Eritt\u00e4in helppo asentaa, pinta-asennukseen asennusrauta suoraan kattopintaan kiinnitettyn\u00e4 ja puoliuppoon erikokoisiin asennusaukkoihin s\u00e4\u00e4dett\u00e4vill\u00e4 jousilla varustetun asennusraudan avulla. Valaisimessa on sis\u00e4\u00e4nrakennettu liit\u00e4nt\u00e4laite, valaisin kytket\u00e4\u00e4n valaisimen verkkojohdolla suoraan 230V s\u00e4hk\u00f6verkkoon. Valaisimessa ei ole k\u00e4ytt\u00e4j\u00e4n vaihdettavissa olevaa [&hellip;]<\/p>\n","protected":false},"featured_media":18829,"comment_status":"closed","ping_status":"closed","template":"","meta":[],"product_brand":[],"product_cat":[46,183,51,35,52,34],"product_tag":[],"class_list":{"0":"post-18826","1":"product","2":"type-product","3":"status-publish","4":"has-post-thumbnail","6":"product_cat-alasvalot","7":"product_cat-led-paneelivalaisimet","8":"product_cat-pinta-asennettavat","9":"product_cat-sisavalaisimet","10":"product_cat-upotettavat","11":"product_cat-valaisimet","13":"first","14":"instock","15":"taxable","16":"shipping-taxable","17":"purchasable","18":"product-type-simple"},"_links":{"self":[{"href":"https:\/\/www.ksttukku.fi\/kauppa\/wp-json\/wp\/v2\/product\/18826","targetHints":{"allow":["GET"]}}],"collection":[{"href":"https:\/\/www.ksttukku.fi\/kauppa\/wp-json\/wp\/v2\/product"}],"about":[{"href":"https:\/\/www.ksttukku.fi\/kauppa\/wp-json\/wp\/v2\/types\/product"}],"replies":[{"embeddable":true,"href":"https:\/\/www.ksttukku.fi\/kauppa\/wp-json\/wp\/v2\/comments?post=18826"}],"wp:featuredmedia":[{"embeddable":true,"href":"https:\/\/www.ksttukku.fi\/kauppa\/wp-json\/wp\/v2\/media\/18829"}],"wp:attachment":[{"href":"https:\/\/www.ksttukku.fi\/kauppa\/wp-json\/wp\/v2\/media?parent=18826"}],"wp:term":[{"taxonomy":"product_brand","embeddable":true,"href":"https:\/\/www.ksttukku.fi\/kauppa\/wp-json\/wp\/v2\/product_brand?post=18826"},{"taxonomy":"product_cat","embeddable":true,"href":"https:\/\/www.ksttukku.fi\/kauppa\/wp-json\/wp\/v2\/product_cat?post=18826"},{"taxonomy":"product_tag","embeddable":true,"href":"https:\/\/www.ksttukku.fi\/kauppa\/wp-json\/wp\/v2\/product_tag?post=18826"}],"curies":[{"name":"wp","href":"https:\/\/api.w.org\/{rel}","templated":true}]}}