{"id":18832,"date":"2026-01-03T12:23:20","date_gmt":"2026-01-03T10:23:20","guid":{"rendered":"https:\/\/www.ksttukku.fi\/kauppa\/?post_type=product&#038;p=18832"},"modified":"2026-01-03T12:23:20","modified_gmt":"2026-01-03T10:23:20","slug":"prisma-koristevalaisin","status":"publish","type":"product","link":"https:\/\/www.ksttukku.fi\/kauppa\/tuote\/prisma-koristevalaisin\/","title":{"rendered":"Prisma koristevalaisin"},"content":{"rendered":"<p>USB-ladattava koristevalaisin on helppo sijoittaa minne vain.<\/p>\n<p>Valaisin antaa ymp\u00e4rilleen kauniin prismavalon.<\/p>\n<p>Valaisimessa on kolme erilaista valkoisen s\u00e4vy\u00e4, joita voidaan vaihdella hipaisukytkimest\u00e4. Pakkaus sis\u00e4lt\u00e4\u00e4 USB-kaapelin.<\/p>\n<p>Vain sis\u00e4k\u00e4ytt\u00f6\u00f6n.&nbsp;<\/p>\n<p>Halkaisija: 120 mm<\/p>\n<p>Korkeus: 260 mm<\/p>\n","protected":false},"excerpt":{"rendered":"<p>USB-ladattava koristevalaisin on helppo sijoittaa minne vain. Valaisin antaa ymp\u00e4rilleen kauniin prismavalon. Valaisimessa on kolme erilaista valkoisen s\u00e4vy\u00e4, joita voidaan vaihdella hipaisukytkimest\u00e4. Pakkaus sis\u00e4lt\u00e4\u00e4 USB-kaapelin. Vain sis\u00e4k\u00e4ytt\u00f6\u00f6n.&nbsp; Halkaisija: 120 mm Korkeus: 260 mm<\/p>\n","protected":false},"featured_media":18834,"comment_status":"closed","ping_status":"closed","template":"","meta":[],"product_brand":[],"product_cat":[491,199,44,377,35,34],"product_tag":[],"class_list":{"0":"post-18832","1":"product","2":"type-product","3":"status-publish","4":"has-post-thumbnail","6":"product_cat-kodin-sisustustuotteet","7":"product_cat-koristevalot","8":"product_cat-poytavalaisimet","9":"product_cat-sisustus-lahjatavarat","10":"product_cat-sisavalaisimet","11":"product_cat-valaisimet","13":"first","14":"instock","15":"taxable","16":"shipping-taxable","17":"purchasable","18":"product-type-simple"},"_links":{"self":[{"href":"https:\/\/www.ksttukku.fi\/kauppa\/wp-json\/wp\/v2\/product\/18832","targetHints":{"allow":["GET"]}}],"collection":[{"href":"https:\/\/www.ksttukku.fi\/kauppa\/wp-json\/wp\/v2\/product"}],"about":[{"href":"https:\/\/www.ksttukku.fi\/kauppa\/wp-json\/wp\/v2\/types\/product"}],"replies":[{"embeddable":true,"href":"https:\/\/www.ksttukku.fi\/kauppa\/wp-json\/wp\/v2\/comments?post=18832"}],"wp:featuredmedia":[{"embeddable":true,"href":"https:\/\/www.ksttukku.fi\/kauppa\/wp-json\/wp\/v2\/media\/18834"}],"wp:attachment":[{"href":"https:\/\/www.ksttukku.fi\/kauppa\/wp-json\/wp\/v2\/media?parent=18832"}],"wp:term":[{"taxonomy":"product_brand","embeddable":true,"href":"https:\/\/www.ksttukku.fi\/kauppa\/wp-json\/wp\/v2\/product_brand?post=18832"},{"taxonomy":"product_cat","embeddable":true,"href":"https:\/\/www.ksttukku.fi\/kauppa\/wp-json\/wp\/v2\/product_cat?post=18832"},{"taxonomy":"product_tag","embeddable":true,"href":"https:\/\/www.ksttukku.fi\/kauppa\/wp-json\/wp\/v2\/product_tag?post=18832"}],"curies":[{"name":"wp","href":"https:\/\/api.w.org\/{rel}","templated":true}]}}