{"id":18837,"date":"2026-01-05T17:15:47","date_gmt":"2026-01-05T15:15:47","guid":{"rendered":"https:\/\/www.ksttukku.fi\/kauppa\/?post_type=product&#038;p=18837"},"modified":"2026-01-05T17:15:47","modified_gmt":"2026-01-05T15:15:47","slug":"kuusenvalosarja-micro-200led","status":"publish","type":"product","link":"https:\/\/www.ksttukku.fi\/kauppa\/tuote\/kuusenvalosarja-micro-200led\/","title":{"rendered":"Kuusenvalosarja micro 200LED"},"content":{"rendered":"<p>10 kpl renkaasta roikkuvaa valoketjua. Rengas on helppo laittaa kuusen latvaan ja asettaa valoketjut kuusen oksille. Jokaisessa valoketjussa 20 kpl l\u00e4mmin valkoista micro LED-valoa ohuessa mustassa kuparilangassa. Valoketjun pituus n. 2 m. Valot 10 cm v\u00e4lein. 5 m liitosjohto muuntajalle. Muuntaja IP44. Sopii 2 m joulukuusille. Sis\u00e4- ja ulkok\u00e4ytt\u00f6\u00f6n.&nbsp;<\/p>\n","protected":false},"excerpt":{"rendered":"<p>10 kpl renkaasta roikkuvaa valoketjua. Rengas on helppo laittaa kuusen latvaan ja asettaa valoketjut kuusen oksille. Jokaisessa valoketjussa 20 kpl l\u00e4mmin valkoista micro LED-valoa ohuessa mustassa kuparilangassa. Valoketjun pituus n. 2 m. Valot 10 cm v\u00e4lein. 5 m liitosjohto muuntajalle. Muuntaja IP44. Sopii 2 m joulukuusille. Sis\u00e4- ja ulkok\u00e4ytt\u00f6\u00f6n.&nbsp;<\/p>\n","protected":false},"featured_media":18840,"comment_status":"closed","ping_status":"closed","template":"","meta":[],"product_brand":[],"product_cat":[176,197],"product_tag":[],"class_list":{"0":"post-18837","1":"product","2":"type-product","3":"status-publish","4":"has-post-thumbnail","6":"product_cat-joulu-ja-koristevalot","7":"product_cat-joulukuusen-valosarjat","9":"first","10":"instock","11":"taxable","12":"shipping-taxable","13":"purchasable","14":"product-type-simple"},"_links":{"self":[{"href":"https:\/\/www.ksttukku.fi\/kauppa\/wp-json\/wp\/v2\/product\/18837","targetHints":{"allow":["GET"]}}],"collection":[{"href":"https:\/\/www.ksttukku.fi\/kauppa\/wp-json\/wp\/v2\/product"}],"about":[{"href":"https:\/\/www.ksttukku.fi\/kauppa\/wp-json\/wp\/v2\/types\/product"}],"replies":[{"embeddable":true,"href":"https:\/\/www.ksttukku.fi\/kauppa\/wp-json\/wp\/v2\/comments?post=18837"}],"wp:featuredmedia":[{"embeddable":true,"href":"https:\/\/www.ksttukku.fi\/kauppa\/wp-json\/wp\/v2\/media\/18840"}],"wp:attachment":[{"href":"https:\/\/www.ksttukku.fi\/kauppa\/wp-json\/wp\/v2\/media?parent=18837"}],"wp:term":[{"taxonomy":"product_brand","embeddable":true,"href":"https:\/\/www.ksttukku.fi\/kauppa\/wp-json\/wp\/v2\/product_brand?post=18837"},{"taxonomy":"product_cat","embeddable":true,"href":"https:\/\/www.ksttukku.fi\/kauppa\/wp-json\/wp\/v2\/product_cat?post=18837"},{"taxonomy":"product_tag","embeddable":true,"href":"https:\/\/www.ksttukku.fi\/kauppa\/wp-json\/wp\/v2\/product_tag?post=18837"}],"curies":[{"name":"wp","href":"https:\/\/api.w.org\/{rel}","templated":true}]}}