{"id":18844,"date":"2026-01-07T17:04:11","date_gmt":"2026-01-07T15:04:11","guid":{"rendered":"https:\/\/www.ksttukku.fi\/kauppa\/?post_type=product&#038;p=18844"},"modified":"2026-01-07T17:04:11","modified_gmt":"2026-01-07T15:04:11","slug":"cluster-valosarja-9-m-680-ledia-ip-44","status":"publish","type":"product","link":"https:\/\/www.ksttukku.fi\/kauppa\/tuote\/cluster-valosarja-9-m-680-ledia-ip-44\/","title":{"rendered":"Cluster valosarja 9 m  680 ledi\u00e4 IP  44"},"content":{"rendered":"<p>Runsas valosarja, jossa 680&nbsp; l\u00e4mminvalkoista &nbsp;ledi\u00e4<\/p>\n<p>Valosarjan pituus 9 m ja liitosjohdon pituus 3 m.<br \/>\nJohdonv\u00e4ri: tummavihre\u00e4<\/p>\n<p>Sis\u00e4- ja ulkok\u00e4ytt\u00f6\u00f6n.<\/p>\n<p>IP 44<\/p>\n","protected":false},"excerpt":{"rendered":"<p>Runsas valosarja, jossa 680&nbsp; l\u00e4mminvalkoista &nbsp;ledi\u00e4 Valosarjan pituus 9 m ja liitosjohdon pituus 3 m. Johdonv\u00e4ri: tummavihre\u00e4 Sis\u00e4- ja ulkok\u00e4ytt\u00f6\u00f6n. IP 44<\/p>\n","protected":false},"featured_media":18842,"comment_status":"closed","ping_status":"closed","template":"","meta":[],"product_brand":[],"product_cat":[176,197,199,177],"product_tag":[],"class_list":{"0":"post-18844","1":"product","2":"type-product","3":"status-publish","4":"has-post-thumbnail","6":"product_cat-joulu-ja-koristevalot","7":"product_cat-joulukuusen-valosarjat","8":"product_cat-koristevalot","9":"product_cat-valosarjat","11":"first","12":"instock","13":"taxable","14":"shipping-taxable","15":"purchasable","16":"product-type-simple"},"_links":{"self":[{"href":"https:\/\/www.ksttukku.fi\/kauppa\/wp-json\/wp\/v2\/product\/18844","targetHints":{"allow":["GET"]}}],"collection":[{"href":"https:\/\/www.ksttukku.fi\/kauppa\/wp-json\/wp\/v2\/product"}],"about":[{"href":"https:\/\/www.ksttukku.fi\/kauppa\/wp-json\/wp\/v2\/types\/product"}],"replies":[{"embeddable":true,"href":"https:\/\/www.ksttukku.fi\/kauppa\/wp-json\/wp\/v2\/comments?post=18844"}],"wp:featuredmedia":[{"embeddable":true,"href":"https:\/\/www.ksttukku.fi\/kauppa\/wp-json\/wp\/v2\/media\/18842"}],"wp:attachment":[{"href":"https:\/\/www.ksttukku.fi\/kauppa\/wp-json\/wp\/v2\/media?parent=18844"}],"wp:term":[{"taxonomy":"product_brand","embeddable":true,"href":"https:\/\/www.ksttukku.fi\/kauppa\/wp-json\/wp\/v2\/product_brand?post=18844"},{"taxonomy":"product_cat","embeddable":true,"href":"https:\/\/www.ksttukku.fi\/kauppa\/wp-json\/wp\/v2\/product_cat?post=18844"},{"taxonomy":"product_tag","embeddable":true,"href":"https:\/\/www.ksttukku.fi\/kauppa\/wp-json\/wp\/v2\/product_tag?post=18844"}],"curies":[{"name":"wp","href":"https:\/\/api.w.org\/{rel}","templated":true}]}}