{"id":18845,"date":"2026-01-08T16:40:11","date_gmt":"2026-01-08T14:40:11","guid":{"rendered":"https:\/\/www.ksttukku.fi\/kauppa\/?post_type=product&#038;p=18845"},"modified":"2026-01-08T16:48:19","modified_gmt":"2026-01-08T14:48:19","slug":"200-led-valosarja-10-m","status":"publish","type":"product","link":"https:\/\/www.ksttukku.fi\/kauppa\/tuote\/200-led-valosarja-10-m\/","title":{"rendered":"200 Led-valosarja 10 m"},"content":{"rendered":"<p>Valosarja, jossa 200 l\u00e4mminvalkoista ledi\u00e4&nbsp;<\/p>\n<p>&nbsp;Lamput 5 cm v\u00e4lein<\/p>\n<p>8 erilaista valotoimintoa<\/p>\n<p>Valosarjan pituus 10 m ja liitosjohdon pituus 3 m.<br \/>\nJohdonv\u00e4ri: tummavihre\u00e4<\/p>\n<p>Sis\u00e4- ja ulkok\u00e4ytt\u00f6\u00f6n.<\/p>\n<p>IP 44<\/p>\n","protected":false},"excerpt":{"rendered":"<p>Valosarja, jossa 200 l\u00e4mminvalkoista ledi\u00e4&nbsp; &nbsp;Lamput 5 cm v\u00e4lein 8 erilaista valotoimintoa Valosarjan pituus 10 m ja liitosjohdon pituus 3 m. Johdonv\u00e4ri: tummavihre\u00e4 Sis\u00e4- ja ulkok\u00e4ytt\u00f6\u00f6n. IP 44<\/p>\n","protected":false},"featured_media":18847,"comment_status":"closed","ping_status":"closed","template":"","meta":[],"product_brand":[],"product_cat":[176,180],"product_tag":[],"class_list":{"0":"post-18845","1":"product","2":"type-product","3":"status-publish","4":"has-post-thumbnail","6":"product_cat-joulu-ja-koristevalot","7":"product_cat-paristovalosarjat","9":"first","10":"instock","11":"taxable","12":"shipping-taxable","13":"purchasable","14":"product-type-simple"},"_links":{"self":[{"href":"https:\/\/www.ksttukku.fi\/kauppa\/wp-json\/wp\/v2\/product\/18845","targetHints":{"allow":["GET"]}}],"collection":[{"href":"https:\/\/www.ksttukku.fi\/kauppa\/wp-json\/wp\/v2\/product"}],"about":[{"href":"https:\/\/www.ksttukku.fi\/kauppa\/wp-json\/wp\/v2\/types\/product"}],"replies":[{"embeddable":true,"href":"https:\/\/www.ksttukku.fi\/kauppa\/wp-json\/wp\/v2\/comments?post=18845"}],"wp:featuredmedia":[{"embeddable":true,"href":"https:\/\/www.ksttukku.fi\/kauppa\/wp-json\/wp\/v2\/media\/18847"}],"wp:attachment":[{"href":"https:\/\/www.ksttukku.fi\/kauppa\/wp-json\/wp\/v2\/media?parent=18845"}],"wp:term":[{"taxonomy":"product_brand","embeddable":true,"href":"https:\/\/www.ksttukku.fi\/kauppa\/wp-json\/wp\/v2\/product_brand?post=18845"},{"taxonomy":"product_cat","embeddable":true,"href":"https:\/\/www.ksttukku.fi\/kauppa\/wp-json\/wp\/v2\/product_cat?post=18845"},{"taxonomy":"product_tag","embeddable":true,"href":"https:\/\/www.ksttukku.fi\/kauppa\/wp-json\/wp\/v2\/product_tag?post=18845"}],"curies":[{"name":"wp","href":"https:\/\/api.w.org\/{rel}","templated":true}]}}