{"id":18872,"date":"2026-01-09T16:47:11","date_gmt":"2026-01-09T14:47:11","guid":{"rendered":"https:\/\/www.ksttukku.fi\/kauppa\/?post_type=product&#038;p=18872"},"modified":"2026-01-09T16:47:12","modified_gmt":"2026-01-09T14:47:12","slug":"spc-sisustuslevy-jarnvik-vermor-4x960x2800mm","status":"publish","type":"product","link":"https:\/\/www.ksttukku.fi\/kauppa\/tuote\/spc-sisustuslevy-jarnvik-vermor-4x960x2800mm\/","title":{"rendered":"Spc sisustuslevy J\u00e4rnvik Vermor 4x960x2800mm"},"content":{"rendered":"<p>SPC -sisustuslevyss\u00e4 on kivikomposiittinen runko, johon on k\u00e4ytetty yli 70% kiviainesta. Pinta on digitaalisesti tulostettu mukailemaan luonnollista n\u00e4kym\u00e4\u00e4, on UV -suojattu ja siin\u00e4 on lattioissakin k\u00e4yt\u00f6ss\u00e4 oleva naarmuuntumisen est\u00e4v\u00e4 pintakerros. Soveltuu k\u00e4ytett\u00e4v\u00e4ksi kylpyhuoneessa, vessassa, keitti\u00f6ss\u00e4, makuuhuoneessa, tehostesein\u00e4n\u00e4, toimistoissa, n\u00e4yttelytiloissa jne. Marmorikuvioinen, tyylik\u00e4s, elegantti kivikuosi. Levy voidaan asentaa laattojen p\u00e4\u00e4lle, kipsilevypinnalle, betonille, puupinnalle tai lastulevyn p\u00e4\u00e4lle. Levy on helppo ty\u00f6st\u00e4\u00e4 ja k\u00e4sitell\u00e4, ja sill\u00e4 saadaan nopeasti valmista pintaa. Levy kiinnitet\u00e4\u00e4n liimalla ja m\u00e4rk\u00e4tiloissa saumat tiivistet\u00e4\u00e4n silikonilla. Itse tuote ja kaikki k\u00e4ytett\u00e4v\u00e4t materiaalit tuotetaan Euroopassa, jolloin tuotteen logistiikasta aiheutuva hiilijalanj\u00e4lki on yli 60% pienempi kuin esimerkiksi Kaukoid\u00e4ss\u00e4 tuotetuilla vastaavilla. Materiaalista 70% on kiviainesta ja koko tuote on 100%:sti kierr\u00e4tett\u00e4v\u00e4<\/p>\n<p>Levyt on suunniteltu hylkim\u00e4\u00e4n likaa eik\u00e4 pintakerrokseen tartu lika ja se on helppo pyyhki\u00e4 puhtaaksi. Tuotteessa on digitaalisesti luotu aidon- ja luonnollisenn\u00e4k\u00f6inen kuviointi. Levyjen pintarakenne on suunniteltu suojaamaan sit\u00e4 naarmuilta. Tuote on korkeasti palonkest\u00e4v\u00e4. SPC -sisustuslevyt ovat taloudellinen vaihtoehto, joiden hinta-laatusuhde on huippuluokkaa<\/p>\n<p>Koko 4x960x2800mm<br \/>\nV\u00e4ri Marmori<br \/>\nP\u00e4\u00e4v\u00e4ri Valkoinen<br \/>\nMyyntiyksikk\u00f6 Kpl<br \/>\nMateriaali Kivikomposiitti<br \/>\nAsennus<br \/>\nAsennustapa Liimaus<br \/>\nPontti Ei ponttia<br \/>\nEl\u00e4misvara mm 6,0<br \/>\nSoveltuu kosteisiin tiloihin Kyll\u00e4<br \/>\nK\u00e4ytt\u00f6tarkoitus Sein\u00e4n pintamateriaaliksi kuiviin tai kosteisiin tiloihin<br \/>\nVoidaan asentaa kattoon Ei<br \/>\nJohtoura Ei<br \/>\nSoveltuu saunaan Ei<br \/>\nAsennusalusta Betonisein\u00e4, Kipsilevysein\u00e4, Laattasein\u00e4, Lastulevysein\u00e4<br \/>\nTekniset ominaisuudet<br \/>\nRunkorakenne J\u00e4ykk\u00e4ydin kivikomposiitti<br \/>\nPintak\u00e4sittely UV-suojattu PUR<br \/>\nViisteet Ei viisteit\u00e4<br \/>\nMateriaalin tarkenne PVC, kiviaines<br \/>\nYhteensopiva lattial\u00e4mmityksen kanssa Ei<br \/>\nHimmennett\u00e4v\u00e4 Ei<br \/>\nUlkoasu<br \/>\nTyyppi Yhten\u00e4inen kivij\u00e4ljitelm\u00e4<br \/>\nPinnan kiilto Matta<br \/>\nTyyli El\u00e4v\u00e4inen, Vivahteikas<\/p>\n","protected":false},"excerpt":{"rendered":"<p>SPC -sisustuslevyss\u00e4 on kivikomposiittinen runko, johon on k\u00e4ytetty yli 70% kiviainesta. Pinta on digitaalisesti tulostettu mukailemaan luonnollista n\u00e4kym\u00e4\u00e4, on UV -suojattu ja siin\u00e4 on lattioissakin k\u00e4yt\u00f6ss\u00e4 oleva naarmuuntumisen est\u00e4v\u00e4 pintakerros. Soveltuu k\u00e4ytett\u00e4v\u00e4ksi kylpyhuoneessa, vessassa, keitti\u00f6ss\u00e4, makuuhuoneessa, tehostesein\u00e4n\u00e4, toimistoissa, n\u00e4yttelytiloissa jne. Marmorikuvioinen, tyylik\u00e4s, elegantti kivikuosi. Levy voidaan asentaa laattojen p\u00e4\u00e4lle, kipsilevypinnalle, betonille, puupinnalle tai lastulevyn p\u00e4\u00e4lle. [&hellip;]<\/p>\n","protected":false},"featured_media":18875,"comment_status":"closed","ping_status":"closed","template":"","meta":[],"product_brand":[],"product_cat":[537,245],"product_tag":[],"class_list":{"0":"post-18872","1":"product","2":"type-product","3":"status-publish","4":"has-post-thumbnail","6":"product_cat-jarnvik-spc-sisustuslevyt","7":"product_cat-sisustuslevyt","9":"first","10":"instock","11":"taxable","12":"shipping-taxable","13":"purchasable","14":"product-type-simple"},"_links":{"self":[{"href":"https:\/\/www.ksttukku.fi\/kauppa\/wp-json\/wp\/v2\/product\/18872","targetHints":{"allow":["GET"]}}],"collection":[{"href":"https:\/\/www.ksttukku.fi\/kauppa\/wp-json\/wp\/v2\/product"}],"about":[{"href":"https:\/\/www.ksttukku.fi\/kauppa\/wp-json\/wp\/v2\/types\/product"}],"replies":[{"embeddable":true,"href":"https:\/\/www.ksttukku.fi\/kauppa\/wp-json\/wp\/v2\/comments?post=18872"}],"wp:featuredmedia":[{"embeddable":true,"href":"https:\/\/www.ksttukku.fi\/kauppa\/wp-json\/wp\/v2\/media\/18875"}],"wp:attachment":[{"href":"https:\/\/www.ksttukku.fi\/kauppa\/wp-json\/wp\/v2\/media?parent=18872"}],"wp:term":[{"taxonomy":"product_brand","embeddable":true,"href":"https:\/\/www.ksttukku.fi\/kauppa\/wp-json\/wp\/v2\/product_brand?post=18872"},{"taxonomy":"product_cat","embeddable":true,"href":"https:\/\/www.ksttukku.fi\/kauppa\/wp-json\/wp\/v2\/product_cat?post=18872"},{"taxonomy":"product_tag","embeddable":true,"href":"https:\/\/www.ksttukku.fi\/kauppa\/wp-json\/wp\/v2\/product_tag?post=18872"}],"curies":[{"name":"wp","href":"https:\/\/api.w.org\/{rel}","templated":true}]}}