{"id":18880,"date":"2026-01-12T14:31:36","date_gmt":"2026-01-12T12:31:36","guid":{"rendered":"https:\/\/www.ksttukku.fi\/kauppa\/?post_type=product&#038;p=18880"},"modified":"2026-01-12T14:31:36","modified_gmt":"2026-01-12T12:31:36","slug":"paristokayttoinen-valokoriste-lumihiutale-ip-44","status":"publish","type":"product","link":"https:\/\/www.ksttukku.fi\/kauppa\/tuote\/paristokayttoinen-valokoriste-lumihiutale-ip-44\/","title":{"rendered":"Paristok\u00e4ytt\u00f6inen valokoriste Lumihiutale IP 44"},"content":{"rendered":"<p>5 x 3 LED-valoa<br \/>\nKorkeus 25 cm<br \/>\nParistok\u00e4ytt\u00f6inen<br \/>\nsis\u00e4- ja ulkok\u00e4ytt\u00f6\u00f6n<br \/>\najastintoiminto&nbsp; (6 h ON, 18 h OFF)<br \/>\n&nbsp;IP 44<br \/>\nkokonaispituus 140 cm<br \/>\nLamppujen v\u00e4li: 35 cm<br \/>\nParisto: 3 x AA ( ei sis\u00e4lly)<\/p>\n","protected":false},"excerpt":{"rendered":"<p>5 x 3 LED-valoa Korkeus 25 cm Paristok\u00e4ytt\u00f6inen sis\u00e4- ja ulkok\u00e4ytt\u00f6\u00f6n ajastintoiminto&nbsp; (6 h ON, 18 h OFF) &nbsp;IP 44 kokonaispituus 140 cm Lamppujen v\u00e4li: 35 cm Paristo: 3 x AA ( ei sis\u00e4lly)<\/p>\n","protected":false},"featured_media":18881,"comment_status":"closed","ping_status":"closed","template":"","meta":[],"product_brand":[],"product_cat":[176,199],"product_tag":[],"class_list":{"0":"post-18880","1":"product","2":"type-product","3":"status-publish","4":"has-post-thumbnail","6":"product_cat-joulu-ja-koristevalot","7":"product_cat-koristevalot","9":"first","10":"instock","11":"taxable","12":"shipping-taxable","13":"purchasable","14":"product-type-simple"},"_links":{"self":[{"href":"https:\/\/www.ksttukku.fi\/kauppa\/wp-json\/wp\/v2\/product\/18880","targetHints":{"allow":["GET"]}}],"collection":[{"href":"https:\/\/www.ksttukku.fi\/kauppa\/wp-json\/wp\/v2\/product"}],"about":[{"href":"https:\/\/www.ksttukku.fi\/kauppa\/wp-json\/wp\/v2\/types\/product"}],"replies":[{"embeddable":true,"href":"https:\/\/www.ksttukku.fi\/kauppa\/wp-json\/wp\/v2\/comments?post=18880"}],"wp:featuredmedia":[{"embeddable":true,"href":"https:\/\/www.ksttukku.fi\/kauppa\/wp-json\/wp\/v2\/media\/18881"}],"wp:attachment":[{"href":"https:\/\/www.ksttukku.fi\/kauppa\/wp-json\/wp\/v2\/media?parent=18880"}],"wp:term":[{"taxonomy":"product_brand","embeddable":true,"href":"https:\/\/www.ksttukku.fi\/kauppa\/wp-json\/wp\/v2\/product_brand?post=18880"},{"taxonomy":"product_cat","embeddable":true,"href":"https:\/\/www.ksttukku.fi\/kauppa\/wp-json\/wp\/v2\/product_cat?post=18880"},{"taxonomy":"product_tag","embeddable":true,"href":"https:\/\/www.ksttukku.fi\/kauppa\/wp-json\/wp\/v2\/product_tag?post=18880"}],"curies":[{"name":"wp","href":"https:\/\/api.w.org\/{rel}","templated":true}]}}