{"id":18883,"date":"2026-01-12T15:28:36","date_gmt":"2026-01-12T13:28:36","guid":{"rendered":"https:\/\/www.ksttukku.fi\/kauppa\/?post_type=product&#038;p=18883"},"modified":"2026-01-12T15:28:36","modified_gmt":"2026-01-12T13:28:36","slug":"konstsmide-3877-100-valosarja-lammin-valkoinen-musta-johto-1318-m","status":"publish","type":"product","link":"https:\/\/www.ksttukku.fi\/kauppa\/tuote\/konstsmide-3877-100-valosarja-lammin-valkoinen-musta-johto-1318-m\/","title":{"rendered":"Konstsmide 3877-100 Valosarja l\u00e4mmin valkoinen, musta johto 13,18 m"},"content":{"rendered":"<p>Konstsmiden valosarjassa on 600 l\u00e4mminvalkoista LEDi\u00e4,<\/p>\n<p>lamppujen v\u00e4li on 2,2cm.&nbsp;<\/p>\n<p>Musta kaapeli.<\/p>\n<p>Valaistun osuuden pituus 13,8m ja liitosjohto 3 m.<\/p>\n<p>Muuntaja IP44.<\/p>\n","protected":false},"excerpt":{"rendered":"<p>Konstsmiden valosarjassa on 600 l\u00e4mminvalkoista LEDi\u00e4, lamppujen v\u00e4li on 2,2cm.&nbsp; Musta kaapeli. Valaistun osuuden pituus 13,8m ja liitosjohto 3 m. Muuntaja IP44.<\/p>\n","protected":false},"featured_media":18885,"comment_status":"closed","ping_status":"closed","template":"","meta":[],"product_brand":[],"product_cat":[176,197,177],"product_tag":[],"class_list":{"0":"post-18883","1":"product","2":"type-product","3":"status-publish","4":"has-post-thumbnail","6":"product_cat-joulu-ja-koristevalot","7":"product_cat-joulukuusen-valosarjat","8":"product_cat-valosarjat","10":"first","11":"instock","12":"taxable","13":"shipping-taxable","14":"purchasable","15":"product-type-simple"},"_links":{"self":[{"href":"https:\/\/www.ksttukku.fi\/kauppa\/wp-json\/wp\/v2\/product\/18883","targetHints":{"allow":["GET"]}}],"collection":[{"href":"https:\/\/www.ksttukku.fi\/kauppa\/wp-json\/wp\/v2\/product"}],"about":[{"href":"https:\/\/www.ksttukku.fi\/kauppa\/wp-json\/wp\/v2\/types\/product"}],"replies":[{"embeddable":true,"href":"https:\/\/www.ksttukku.fi\/kauppa\/wp-json\/wp\/v2\/comments?post=18883"}],"wp:featuredmedia":[{"embeddable":true,"href":"https:\/\/www.ksttukku.fi\/kauppa\/wp-json\/wp\/v2\/media\/18885"}],"wp:attachment":[{"href":"https:\/\/www.ksttukku.fi\/kauppa\/wp-json\/wp\/v2\/media?parent=18883"}],"wp:term":[{"taxonomy":"product_brand","embeddable":true,"href":"https:\/\/www.ksttukku.fi\/kauppa\/wp-json\/wp\/v2\/product_brand?post=18883"},{"taxonomy":"product_cat","embeddable":true,"href":"https:\/\/www.ksttukku.fi\/kauppa\/wp-json\/wp\/v2\/product_cat?post=18883"},{"taxonomy":"product_tag","embeddable":true,"href":"https:\/\/www.ksttukku.fi\/kauppa\/wp-json\/wp\/v2\/product_tag?post=18883"}],"curies":[{"name":"wp","href":"https:\/\/api.w.org\/{rel}","templated":true}]}}