{"id":18890,"date":"2026-01-12T17:30:23","date_gmt":"2026-01-12T15:30:23","guid":{"rendered":"https:\/\/www.ksttukku.fi\/kauppa\/?post_type=product&#038;p=18890"},"modified":"2026-01-12T17:30:24","modified_gmt":"2026-01-12T15:30:24","slug":"hermine-valopeili-jalustalla","status":"publish","type":"product","link":"https:\/\/www.ksttukku.fi\/kauppa\/tuote\/hermine-valopeili-jalustalla\/","title":{"rendered":"Hermine valopeili jalustalla"},"content":{"rendered":"<p>Upea kokovartalopeili jalustalla<\/p>\n<p>Peilin reunoja kehyst\u00e4\u00e4 integroitu LED-valo, joka saa n\u00e4ytt\u00e4v\u00e4n&nbsp; kimalteen sen p\u00e4\u00e4ll\u00e4 olevasta glitter-pinnasta.<\/p>\n<p>Portaaton himmennystoiminto sek\u00e4 3-portainen v\u00e4ril\u00e4mp\u00f6tilan s\u00e4\u00e4t\u00f6<\/p>\n<p>Muistitoiminto<\/p>\n<p>koko: 40 x 160 x 4,5 cm<\/p>\n","protected":false},"excerpt":{"rendered":"<p>Upea kokovartalopeili jalustalla Peilin reunoja kehyst\u00e4\u00e4 integroitu LED-valo, joka saa n\u00e4ytt\u00e4v\u00e4n&nbsp; kimalteen sen p\u00e4\u00e4ll\u00e4 olevasta glitter-pinnasta. Portaaton himmennystoiminto sek\u00e4 3-portainen v\u00e4ril\u00e4mp\u00f6tilan s\u00e4\u00e4t\u00f6 Muistitoiminto koko: 40 x 160 x 4,5 cm<\/p>\n","protected":false},"featured_media":18891,"comment_status":"closed","ping_status":"closed","template":"","meta":[],"product_brand":[],"product_cat":[491,150,377,237],"product_tag":[],"class_list":{"0":"post-18890","1":"product","2":"type-product","3":"status-publish","4":"has-post-thumbnail","6":"product_cat-kodin-sisustustuotteet","7":"product_cat-kylpyhuone","8":"product_cat-sisustus-lahjatavarat","9":"product_cat-valopeilit","11":"first","12":"instock","13":"taxable","14":"shipping-taxable","15":"purchasable","16":"product-type-simple"},"_links":{"self":[{"href":"https:\/\/www.ksttukku.fi\/kauppa\/wp-json\/wp\/v2\/product\/18890","targetHints":{"allow":["GET"]}}],"collection":[{"href":"https:\/\/www.ksttukku.fi\/kauppa\/wp-json\/wp\/v2\/product"}],"about":[{"href":"https:\/\/www.ksttukku.fi\/kauppa\/wp-json\/wp\/v2\/types\/product"}],"replies":[{"embeddable":true,"href":"https:\/\/www.ksttukku.fi\/kauppa\/wp-json\/wp\/v2\/comments?post=18890"}],"wp:featuredmedia":[{"embeddable":true,"href":"https:\/\/www.ksttukku.fi\/kauppa\/wp-json\/wp\/v2\/media\/18891"}],"wp:attachment":[{"href":"https:\/\/www.ksttukku.fi\/kauppa\/wp-json\/wp\/v2\/media?parent=18890"}],"wp:term":[{"taxonomy":"product_brand","embeddable":true,"href":"https:\/\/www.ksttukku.fi\/kauppa\/wp-json\/wp\/v2\/product_brand?post=18890"},{"taxonomy":"product_cat","embeddable":true,"href":"https:\/\/www.ksttukku.fi\/kauppa\/wp-json\/wp\/v2\/product_cat?post=18890"},{"taxonomy":"product_tag","embeddable":true,"href":"https:\/\/www.ksttukku.fi\/kauppa\/wp-json\/wp\/v2\/product_tag?post=18890"}],"curies":[{"name":"wp","href":"https:\/\/api.w.org\/{rel}","templated":true}]}}