{"id":18904,"date":"2026-01-14T15:37:43","date_gmt":"2026-01-14T13:37:43","guid":{"rendered":"https:\/\/www.ksttukku.fi\/kauppa\/?post_type=product&#038;p=18904"},"modified":"2026-01-14T15:37:43","modified_gmt":"2026-01-14T13:37:43","slug":"led-valopuu-96-microled-kuparilanka-100-cm","status":"publish","type":"product","link":"https:\/\/www.ksttukku.fi\/kauppa\/tuote\/led-valopuu-96-microled-kuparilanka-100-cm\/","title":{"rendered":"LED-valopuu 96 microLED kuparilanka   100 cm"},"content":{"rendered":"<p>N\u00e4ytt\u00e4v\u00e4 valopuu riippuvilla oksilla.<\/p>\n<p>Musta runko, Korkeus: 100 cm<\/p>\n<p>96 kpl l\u00e4mminvalkoinen LED.<\/p>\n<p>10 m liitosjohto.<\/p>\n<p>&nbsp;Muuntaja 4,5V 1,35W,<\/p>\n<p>IP44.<\/p>\n<p>Soveltuu sis\u00e4-ja ulkok\u00e4ytt\u00f6\u00f6<\/p>\n","protected":false},"excerpt":{"rendered":"<p>N\u00e4ytt\u00e4v\u00e4 valopuu riippuvilla oksilla. Musta runko, Korkeus: 100 cm 96 kpl l\u00e4mminvalkoinen LED. 10 m liitosjohto. &nbsp;Muuntaja 4,5V 1,35W, IP44. Soveltuu sis\u00e4-ja ulkok\u00e4ytt\u00f6\u00f6<\/p>\n","protected":false},"featured_media":18906,"comment_status":"closed","ping_status":"closed","template":"","meta":[],"product_brand":[],"product_cat":[176,178,199,177],"product_tag":[],"class_list":{"0":"post-18904","1":"product","2":"type-product","3":"status-publish","4":"has-post-thumbnail","6":"product_cat-joulu-ja-koristevalot","7":"product_cat-joulukuuset","8":"product_cat-koristevalot","9":"product_cat-valosarjat","11":"first","12":"instock","13":"taxable","14":"shipping-taxable","15":"purchasable","16":"product-type-simple"},"_links":{"self":[{"href":"https:\/\/www.ksttukku.fi\/kauppa\/wp-json\/wp\/v2\/product\/18904","targetHints":{"allow":["GET"]}}],"collection":[{"href":"https:\/\/www.ksttukku.fi\/kauppa\/wp-json\/wp\/v2\/product"}],"about":[{"href":"https:\/\/www.ksttukku.fi\/kauppa\/wp-json\/wp\/v2\/types\/product"}],"replies":[{"embeddable":true,"href":"https:\/\/www.ksttukku.fi\/kauppa\/wp-json\/wp\/v2\/comments?post=18904"}],"wp:featuredmedia":[{"embeddable":true,"href":"https:\/\/www.ksttukku.fi\/kauppa\/wp-json\/wp\/v2\/media\/18906"}],"wp:attachment":[{"href":"https:\/\/www.ksttukku.fi\/kauppa\/wp-json\/wp\/v2\/media?parent=18904"}],"wp:term":[{"taxonomy":"product_brand","embeddable":true,"href":"https:\/\/www.ksttukku.fi\/kauppa\/wp-json\/wp\/v2\/product_brand?post=18904"},{"taxonomy":"product_cat","embeddable":true,"href":"https:\/\/www.ksttukku.fi\/kauppa\/wp-json\/wp\/v2\/product_cat?post=18904"},{"taxonomy":"product_tag","embeddable":true,"href":"https:\/\/www.ksttukku.fi\/kauppa\/wp-json\/wp\/v2\/product_tag?post=18904"}],"curies":[{"name":"wp","href":"https:\/\/api.w.org\/{rel}","templated":true}]}}