{"id":1892,"date":"2018-07-24T12:40:51","date_gmt":"2018-07-24T09:40:51","guid":{"rendered":"http:\/\/www.ksttukku.fi\/kauppa\/?post_type=product&#038;p=1892"},"modified":"2025-05-24T12:57:54","modified_gmt":"2025-05-24T09:57:54","slug":"parma-3-os-pylvasvalaisin-valkoinen","status":"publish","type":"product","link":"https:\/\/www.ksttukku.fi\/kauppa\/tuote\/parma-3-os-pylvasvalaisin-valkoinen\/","title":{"rendered":"Parma 3-os pylv\u00e4svalaisin valkoinen 7227-250"},"content":{"rendered":"<p>Parma-pylv\u00e4svalaisimet sopivat mainiosti suomalaiseen pientalomilj\u00f6\u00f6seen \u2013 yksin tai yhdess\u00e4 Parma- sein\u00e4valaisimien kanssa, mustana tai valkoisena.<\/p>\n<p>Valaisimen mitat: 60 x 60 x 218 (cm)<\/p>\n<p>IP-luokitus: IP43<\/p>\n<p>Kanta: E27<\/p>\n<p>V\u00e4ri: valkoinen<\/p>\n","protected":false},"excerpt":{"rendered":"<p>Parma-pylv\u00e4svalaisimet sopivat mainiosti suomalaiseen pientalomilj\u00f6\u00f6seen \u2013 yksin tai yhdess\u00e4 Parma- sein\u00e4valaisimien kanssa, mustana tai valkoisena. Valaisimen mitat: 60 x 60 x 218 (cm) IP-luokitus: IP43 Kanta: E27 V\u00e4ri: valkoinen<\/p>\n","protected":false},"featured_media":6432,"comment_status":"closed","ping_status":"closed","template":"","meta":[],"product_brand":[],"product_cat":[38,36],"product_tag":[],"class_list":{"0":"post-1892","1":"product","2":"type-product","3":"status-publish","4":"has-post-thumbnail","6":"product_cat-pylvasvalaisimet","7":"product_cat-ulkovalaisimet","9":"first","10":"instock","11":"sale","12":"taxable","13":"shipping-taxable","14":"purchasable","15":"product-type-simple"},"_links":{"self":[{"href":"https:\/\/www.ksttukku.fi\/kauppa\/wp-json\/wp\/v2\/product\/1892","targetHints":{"allow":["GET"]}}],"collection":[{"href":"https:\/\/www.ksttukku.fi\/kauppa\/wp-json\/wp\/v2\/product"}],"about":[{"href":"https:\/\/www.ksttukku.fi\/kauppa\/wp-json\/wp\/v2\/types\/product"}],"replies":[{"embeddable":true,"href":"https:\/\/www.ksttukku.fi\/kauppa\/wp-json\/wp\/v2\/comments?post=1892"}],"wp:featuredmedia":[{"embeddable":true,"href":"https:\/\/www.ksttukku.fi\/kauppa\/wp-json\/wp\/v2\/media\/6432"}],"wp:attachment":[{"href":"https:\/\/www.ksttukku.fi\/kauppa\/wp-json\/wp\/v2\/media?parent=1892"}],"wp:term":[{"taxonomy":"product_brand","embeddable":true,"href":"https:\/\/www.ksttukku.fi\/kauppa\/wp-json\/wp\/v2\/product_brand?post=1892"},{"taxonomy":"product_cat","embeddable":true,"href":"https:\/\/www.ksttukku.fi\/kauppa\/wp-json\/wp\/v2\/product_cat?post=1892"},{"taxonomy":"product_tag","embeddable":true,"href":"https:\/\/www.ksttukku.fi\/kauppa\/wp-json\/wp\/v2\/product_tag?post=1892"}],"curies":[{"name":"wp","href":"https:\/\/api.w.org\/{rel}","templated":true}]}}