{"id":18924,"date":"2026-01-20T13:13:23","date_gmt":"2026-01-20T11:13:23","guid":{"rendered":"https:\/\/www.ksttukku.fi\/kauppa\/?post_type=product&#038;p=18924"},"modified":"2026-01-20T13:13:23","modified_gmt":"2026-01-20T11:13:23","slug":"viilu-allaskaappi-akl800-mm-antrasiitti","status":"publish","type":"product","link":"https:\/\/www.ksttukku.fi\/kauppa\/tuote\/viilu-allaskaappi-akl800-mm-antrasiitti\/","title":{"rendered":"VIILU allaskaappi AKL800 mm Antrasiitti"},"content":{"rendered":"<p>Laatikollinen VIILU allaskaappi laatua ja k\u00e4yt\u00e4nn\u00f6llisyytt\u00e4 rakastaviin kylpyhuoneisiin<\/p>\n<p>VIILU allaskaappi on t\u00e4ysin vedenkest\u00e4v\u00e4st\u00e4 ja ekologisesta py\u00f6kki-poppelivanerista valmistettu pitk\u00e4ik\u00e4inen kylpyhuonekaluste. Kaksi tilavaa, pehme\u00e4sti sulkeutuvaa vetolaatikkoa tekev\u00e4t arjen s\u00e4ilytyksest\u00e4 sujuvaa \u2013 ja tarvittaessa laatikot irtoavat helposti k\u00e4tev\u00e4n pikalukituksen ansiosta.<\/p>\n<p>Leveys 800 mm<br \/>\nKorkeu 500 mm<br \/>\nSyvyys 390 mm<br \/>\nLevyn kokonaispaksuus 15mm<br \/>\nEsiporatut rei\u00e4t vetimille<\/p>\n<p>Kalusteet on valmistettu vedenkest\u00e4v\u00e4st\u00e4 py\u00f6kki-poppelivanerista, jossa seitsem\u00e4n yhteen pr\u00e4ss\u00e4tyst\u00e4 puukerroksesta muodostuu kest\u00e4v\u00e4 ja kosteutta hylkiv\u00e4 rakenne. HPL-laminoitu pinta, ABS-reunalistat ja polyuretaaniliima varmistavat pitk\u00e4ik\u00e4isyyden ja t\u00e4ysin vedenkest\u00e4v\u00e4n lopputuloksen. Kaapit t\u00e4ytt\u00e4v\u00e4t tiukat eurooppalaiset ymp\u00e4rist\u00f6- ja laatustandardit, eiv\u00e4tk\u00e4 ne sis\u00e4ll\u00e4 sis\u00e4ilmaa heikent\u00e4vi\u00e4 p\u00e4\u00e4st\u00f6j\u00e4.<\/p>\n<p>Kuvassa n\u00e4kyv\u00e4 ML39G-800 posliiniallastaso ei kuulu toimitukseen, vaan se on tilattava erikseen<\/p>\n<blockquote class=\"wp-embedded-content\" data-secret=\"TxJGNdtw0j\"><p><a href=\"https:\/\/www.ksttukku.fi\/kauppa\/tuote\/posliininen-allastaso-ml39g-800\/\">Posliininen allastaso ML39G-800<\/a><\/p><\/blockquote>\n<p><iframe loading=\"lazy\" class=\"wp-embedded-content\" sandbox=\"allow-scripts\" security=\"restricted\" style=\"position: absolute; visibility: hidden;\" title=\"&#8221;Posliininen allastaso ML39G-800&#8221; &#8212; \" src=\"https:\/\/www.ksttukku.fi\/kauppa\/tuote\/posliininen-allastaso-ml39g-800\/embed\/#?secret=mtknhqnLjc#?secret=TxJGNdtw0j\" data-secret=\"TxJGNdtw0j\" width=\"600\" height=\"338\" frameborder=\"0\" marginwidth=\"0\" marginheight=\"0\" scrolling=\"no\"><\/iframe><\/p>\n","protected":false},"excerpt":{"rendered":"<p>Laatikollinen VIILU allaskaappi laatua ja k\u00e4yt\u00e4nn\u00f6llisyytt\u00e4 rakastaviin kylpyhuoneisiin VIILU allaskaappi on t\u00e4ysin vedenkest\u00e4v\u00e4st\u00e4 ja ekologisesta py\u00f6kki-poppelivanerista valmistettu pitk\u00e4ik\u00e4inen kylpyhuonekaluste. Kaksi tilavaa, pehme\u00e4sti sulkeutuvaa vetolaatikkoa tekev\u00e4t arjen s\u00e4ilytyksest\u00e4 sujuvaa \u2013 ja tarvittaessa laatikot irtoavat helposti k\u00e4tev\u00e4n pikalukituksen ansiosta. Leveys 800 mm Korkeu 500 mm Syvyys 390 mm Levyn kokonaispaksuus 15mm Esiporatut rei\u00e4t vetimille Kalusteet on valmistettu [&hellip;]<\/p>\n","protected":false},"featured_media":18925,"comment_status":"closed","ping_status":"closed","template":"","meta":[],"product_brand":[],"product_cat":[151,150],"product_tag":[],"class_list":{"0":"post-18924","1":"product","2":"type-product","3":"status-publish","4":"has-post-thumbnail","6":"product_cat-kalusteet","7":"product_cat-kylpyhuone","9":"first","10":"instock","11":"taxable","12":"shipping-taxable","13":"purchasable","14":"product-type-simple"},"_links":{"self":[{"href":"https:\/\/www.ksttukku.fi\/kauppa\/wp-json\/wp\/v2\/product\/18924","targetHints":{"allow":["GET"]}}],"collection":[{"href":"https:\/\/www.ksttukku.fi\/kauppa\/wp-json\/wp\/v2\/product"}],"about":[{"href":"https:\/\/www.ksttukku.fi\/kauppa\/wp-json\/wp\/v2\/types\/product"}],"replies":[{"embeddable":true,"href":"https:\/\/www.ksttukku.fi\/kauppa\/wp-json\/wp\/v2\/comments?post=18924"}],"wp:featuredmedia":[{"embeddable":true,"href":"https:\/\/www.ksttukku.fi\/kauppa\/wp-json\/wp\/v2\/media\/18925"}],"wp:attachment":[{"href":"https:\/\/www.ksttukku.fi\/kauppa\/wp-json\/wp\/v2\/media?parent=18924"}],"wp:term":[{"taxonomy":"product_brand","embeddable":true,"href":"https:\/\/www.ksttukku.fi\/kauppa\/wp-json\/wp\/v2\/product_brand?post=18924"},{"taxonomy":"product_cat","embeddable":true,"href":"https:\/\/www.ksttukku.fi\/kauppa\/wp-json\/wp\/v2\/product_cat?post=18924"},{"taxonomy":"product_tag","embeddable":true,"href":"https:\/\/www.ksttukku.fi\/kauppa\/wp-json\/wp\/v2\/product_tag?post=18924"}],"curies":[{"name":"wp","href":"https:\/\/api.w.org\/{rel}","templated":true}]}}